{"id":832,"date":"2016-08-02T23:05:49","date_gmt":"2016-08-02T23:05:49","guid":{"rendered":"http:\/\/www.straightforex.com\/es\/?page_id=832"},"modified":"2016-08-03T00:06:06","modified_gmt":"2016-08-03T00:06:06","slug":"algunas-ideas-importantes","status":"publish","type":"page","link":"http:\/\/www.straightforex.com\/es\/curso-avanzado-de-forex\/actividades-diarias\/algunas-ideas-importantes\/","title":{"rendered":"Algunas ideas importantes"},"content":{"rendered":"<p>Vamos a revisar unas ideas importantes acerca de la operaci\u00f3n del mercado Forex.<\/p>\n<h3>Deja al mercado ser, solo opera<\/h3>\n<p>\u00bfAlguna vez has estado en una posici\u00f3n donde dudas de las se\u00f1ales de tu sistema, no tomando una operaci\u00f3n se\u00f1alada por el sistema y el resultado de la operaci\u00f3n hubiera sido positiva? \u00bfO tambi\u00e9n estando de acuerdo con tu sistema pensando que todo va a salir bien y la operaci\u00f3n tuvo un resultado negativo? No se si tengo la respuesta correcta a este tipo de comportamientos, lo que si sabemos es que no necesitamos saberlo. <\/p>\n<p><strong>La \u00fanico que debemos saber es que el mercado esta en constante movimiento.<\/strong> Nos presenta patrones de comportamiento, patrones que son solo similares, entonces nunca tenemos certidumbre de lo que va a suceder despu\u00e9s. Lo mejor que podemos hacer es seguir nuestro sistema rigurosamente, no hay manera de saber antes de tiempo el resultado de un patr\u00f3n. Lo que si sabemos es que cuando nuestra se\u00f1al se nos presenta, existen probabilidades de que el mercado se mueva en una direcci\u00f3n. <\/p>\n<h3>Objetivos personales<\/h3>\n<p>Tienes que proponerte unos objetivos personales, a la vez estos objetivos menos generales te van a llevar a cumplir tu objetivo principal, por ejemplo:<\/p>\n<p>1. Trabajar en nuestras debilidades<br \/>\n2. Aprender de los errores<br \/>\n3. Mantener las p\u00e9rdidas en niveles razonables<br \/>\n4. Preservar el capital (administraci\u00f3n del capital)<br \/>\n5. Seguir mi sistema<\/p>\n<h3>Monitorea tus acciones<\/h3>\n<p>Muestra atenci\u00f3n en tus pensamientos y en la informaci\u00f3n a la que nos estamos enfocando (si ves que estas pensando algo incorrecto, redirige tus pensamientos a lo que has aprendido durante el curso).<\/p>\n<h3>Estado de la mente<\/h3>\n<p>El estado de tu mente y la concentraci\u00f3n en informaci\u00f3n relevante son factores determinantes del \u00e9xito de los operadores, no el sistema con el que operamos. Trata de mantener un libre estado de mente.<\/p>\n<h3>Habilidades psicol\u00f3gicas necesarias para operar exitosamente:<\/h3>\n<p><strong>1. Motivaci\u00f3n personal<\/strong> \u2013 Mantente motivado, \u00a1lo vas a lograr! No pierdas la batalla antes de que comience, todos los cambios importantes en la vida empiezan con una gran motivaci\u00f3n a tener \u00e9xito.<\/p>\n<p><strong>2. Objetivos<\/strong> \u2013 Escribe en t\u00e9rminos cuantificables lo que piensas lograr, y todas tus acciones tienen que ir direccionadas a ese objetivo principal. Tus objetivos deben ser espec\u00edficos, positivos y alcanzables.<\/p>\n<p><strong>3. Confianza<\/strong> \u2013 La \u00fanica manera de obtener confianza en nosotros es a trav\u00e9s de disciplina. Cada vez que sigue tu sistema al pie de la letra a\u00f1ades un granito a la confianza en ti mismo y en tu sistema.<\/p>\n<p><strong>4. Control de ansiedad<\/strong> \u2013 La ansiedad es muy com\u00fan entre los operadores, pero recuerda que la \u00fanica manera de tener \u00e9xito es si seguimos nuestro sistema. Cada vez que lo seguimos (aun cuando incurrimos en p\u00e9rdidas) damos un paso adelante.<\/p>\n<p><strong>5. Concentraci\u00f3n<\/strong> \u2013 Deshazte de todos los pensamientos y acciones que vayan en contra de tus objetivos principales. Todas nuestras acciones deben ir direccionadas a nuestro objetivo principal. <\/p>\n<p><strong>6. Entienda la incertidumbre del mercado<\/strong> \u2013 Todos los patrones son similares, nunca son id\u00e9nticos, por lo tanto el resultado de cada uno de ellos no es previsible. <\/p>\n<p><strong>7. Acepta el riesgo<\/strong> \u2013 Acepta el hecho de que somos tomadores de riesgo. Cuando aceptamos el hecho de que las p\u00e9rdidas es algo que no podemos evitar, vamos a operar con una  tranquilidad enorme que nos va a permitir seguir nuestro sistema rigurosamente y alcanzar el \u00e9xito.<\/p>\n<h3>Barreras psicol\u00f3gicas comunes<\/h3>\n<p>No tomar una p\u00e9rdida o ganancia \u2013 La mayor\u00eda de las veces el mercado no nos va a dar otra oportunidad.<\/p>\n<p>Estar m\u00e1s enfocados en lo que pensamos que en lo que hace el mercado \u2013 No importa lo que pensamos del mercado, si pensamos que el EUR\/USD se va a ir por las nubes es irrelevante. Mejor trata de entender lo que el mercado nos esta diciendo acerca de su movimiento en el futuro.<\/p>\n<p>No seguir nuestro sistema \u2013 Hemos decidido usar ciertas reglas para ingresar al mercado porque han producido buenos resultados en el pasado, si probamos nuestro sistema efectivamente, lo mas probable es que produzca buenos resultados en el futuro.<\/p>\n<p>No concentrarnos en oportunidades \u2013 El mercado nos ofrece muchas oportunidades de obtener ganancias, no te preocupes cuando el mercado haga movimientos importantes y no obtuviste tu se\u00f1al. Las oportunidades de bajo riesgo surgen \u00fanicamente cuando nuestro sistema nos lo se\u00f1ala.<\/p>\n","protected":false},"excerpt":{"rendered":"<p>Vamos a revisar unas ideas importantes acerca de la operaci\u00f3n del mercado Forex. Deja al mercado ser, solo opera \u00bfAlguna vez has estado en una posici\u00f3n donde dudas de las se\u00f1ales de tu sistema, no tomando una operaci\u00f3n se\u00f1alada por el sistema y el resultado de la operaci\u00f3n hubiera sido positiva? \u00bfO tambi\u00e9n estando de [&hellip;]<\/p>\n","protected":false},"author":1,"featured_media":0,"parent":823,"menu_order":4,"comment_status":"open","ping_status":"closed","template":"","meta":{"footnotes":""},"class_list":["post-832","page","type-page","status-publish","hentry"],"_links":{"self":[{"href":"http:\/\/www.straightforex.com\/es\/wp-json\/wp\/v2\/pages\/832","targetHints":{"allow":["GET"]}}],"collection":[{"href":"http:\/\/www.straightforex.com\/es\/wp-json\/wp\/v2\/pages"}],"about":[{"href":"http:\/\/www.straightforex.com\/es\/wp-json\/wp\/v2\/types\/page"}],"author":[{"embeddable":true,"href":"http:\/\/www.straightforex.com\/es\/wp-json\/wp\/v2\/users\/1"}],"replies":[{"embeddable":true,"href":"http:\/\/www.straightforex.com\/es\/wp-json\/wp\/v2\/comments?post=832"}],"version-history":[{"count":2,"href":"http:\/\/www.straightforex.com\/es\/wp-json\/wp\/v2\/pages\/832\/revisions"}],"predecessor-version":[{"id":834,"href":"http:\/\/www.straightforex.com\/es\/wp-json\/wp\/v2\/pages\/832\/revisions\/834"}],"up":[{"embeddable":true,"href":"http:\/\/www.straightforex.com\/es\/wp-json\/wp\/v2\/pages\/823"}],"wp:attachment":[{"href":"http:\/\/www.straightforex.com\/es\/wp-json\/wp\/v2\/media?parent=832"}],"curies":[{"name":"wp","href":"https:\/\/api.w.org\/{rel}","templated":true}]}}