{"id":830,"date":"2016-08-02T23:03:17","date_gmt":"2016-08-02T23:03:17","guid":{"rendered":"http:\/\/www.straightforex.com\/es\/?page_id=830"},"modified":"2016-08-03T00:06:06","modified_gmt":"2016-08-03T00:06:06","slug":"un-escenario-de-operacion","status":"publish","type":"page","link":"http:\/\/www.straightforex.com\/es\/curso-avanzado-de-forex\/actividades-diarias\/un-escenario-de-operacion\/","title":{"rendered":"Un escenario de operaci\u00f3n"},"content":{"rendered":"<p>Un escenario de operaci\u00f3n debe ser como el siguiente:<\/p>\n<h3>1. An\u00e1lisis diario<\/h3>\n<p> Antes de pensar en cualquier operaci\u00f3n, debemos realizar un an\u00e1lisis del mercado. Un an\u00e1lisis general y a largo plazo que nos va a ayudar a identificar las tendencias de largo plazo, importantes niveles de soporte y resistencia, patrones de cambio de tendencia, etc. Este an\u00e1lisis de ser efectuado en los gr\u00e1ficos diarios o semanales. Necesitamos recordar que mientras m\u00e1s grande sea la temporalidad, m\u00e1s importantes son los aspectos t\u00e9cnicos. Por ejemplo, una resistencia en el gr\u00e1fico diario tiene mucho mas peso y es m\u00e1s importante que una resistencia en el gr\u00e1fico de 5 minutos, lo mismo ocurre con patrones gr\u00e1ficos.<\/p>\n<h3>2. Buscar oportunidades de bajo riesgo (sistema)<\/h3>\n<p> Para este momento ya debiste haber desarrollado tu sistema, encontraste que cuando un indicador, el precio, etc. se comporta de cierta manera, existe mas probabilidad de que el mercado se dirija a un lado. A esto se le llama obtener ganancias de oportunidades de bajo riesgo (se\u00f1al de nuestro sistema).<\/p>\n<h3>3. Presencia del set-up<\/h3>\n<p> Monitorea las divisas que decidas operar y busca el set-up que tiene que estar presente antes de hacer alguna operaci\u00f3n. Recordemos que el set-up es parte de nuestro sistema, no lo debemos menospreciar. Cuando encontremos nuestro set-up entonces nos tenemos que poner alertas por si el mercado nos ofrece una oportunidad de operaci\u00f3n. <\/p>\n<h3>4. Se\u00f1al gatillo<\/h3>\n<p> Encontrar el elemento que activa nuestra operaci\u00f3n. Tiene que ser una manera objetiva de entrar al mercado, no debe haber duda de si existe o no nuestra se\u00f1al. Si tienes un sistema discrecional crea tus reglas tan objetivas como puedas. En este paso tambi\u00e9n tienes que pensar en tus niveles de salida por ganancias y p\u00e9rdidas.<\/p>\n<h3>5. Monitorea la posici\u00f3n<\/h3>\n<p> Sigue tu posici\u00f3n de cerca, ten en mente todas tus se\u00f1ales de salida (anuncios fundamentales, etc.) La naturaleza del monitoreo depende de la temporalidad en que est\u00e9s operando. Un operador intrad\u00eda debe monitorear su posici\u00f3n de principio a fin, mientras que un operador swing debe monitorear su posici\u00f3n solo algunas veces al d\u00eda.<\/p>\n<h3>6. Introduce informaci\u00f3n al diario<\/h3>\n<p> Escribe toda la informaci\u00f3n que tengas en tu diario acerca de tu operaci\u00f3n. Introduce pensamientos, como se desarrollo tu operaci\u00f3n, porque nos salimos, etc.<\/p>\n<h3>7. Revisi\u00f3n del a operaci\u00f3n<\/h3>\n<p> No es suficiente \u00fanicamente tener un diario, necesitamos revisarlo consistentemente (recomiendo revisarlo al comienzo de la siguiente sesi\u00f3n, en lugar de al final de cada sesi\u00f3n, por ejemplo, el martes temprano hacer la revisi\u00f3n de las operaciones del lunes). Un operador intrad\u00eda debe revisarlo una vez al d\u00eda, mientras un operador de posicionamiento debe hacerlo por lo menos una vez a la semana.<\/p>\n","protected":false},"excerpt":{"rendered":"<p>Un escenario de operaci\u00f3n debe ser como el siguiente: 1. An\u00e1lisis diario Antes de pensar en cualquier operaci\u00f3n, debemos realizar un an\u00e1lisis del mercado. Un an\u00e1lisis general y a largo plazo que nos va a ayudar a identificar las tendencias de largo plazo, importantes niveles de soporte y resistencia, patrones de cambio de tendencia, etc. [&hellip;]<\/p>\n","protected":false},"author":1,"featured_media":0,"parent":823,"menu_order":3,"comment_status":"open","ping_status":"closed","template":"","meta":{"footnotes":""},"class_list":["post-830","page","type-page","status-publish","hentry"],"_links":{"self":[{"href":"http:\/\/www.straightforex.com\/es\/wp-json\/wp\/v2\/pages\/830","targetHints":{"allow":["GET"]}}],"collection":[{"href":"http:\/\/www.straightforex.com\/es\/wp-json\/wp\/v2\/pages"}],"about":[{"href":"http:\/\/www.straightforex.com\/es\/wp-json\/wp\/v2\/types\/page"}],"author":[{"embeddable":true,"href":"http:\/\/www.straightforex.com\/es\/wp-json\/wp\/v2\/users\/1"}],"replies":[{"embeddable":true,"href":"http:\/\/www.straightforex.com\/es\/wp-json\/wp\/v2\/comments?post=830"}],"version-history":[{"count":1,"href":"http:\/\/www.straightforex.com\/es\/wp-json\/wp\/v2\/pages\/830\/revisions"}],"predecessor-version":[{"id":831,"href":"http:\/\/www.straightforex.com\/es\/wp-json\/wp\/v2\/pages\/830\/revisions\/831"}],"up":[{"embeddable":true,"href":"http:\/\/www.straightforex.com\/es\/wp-json\/wp\/v2\/pages\/823"}],"wp:attachment":[{"href":"http:\/\/www.straightforex.com\/es\/wp-json\/wp\/v2\/media?parent=830"}],"curies":[{"name":"wp","href":"https:\/\/api.w.org\/{rel}","templated":true}]}}