{"id":828,"date":"2016-08-02T23:02:03","date_gmt":"2016-08-02T23:02:03","guid":{"rendered":"http:\/\/www.straightforex.com\/es\/?page_id=828"},"modified":"2016-08-03T00:06:06","modified_gmt":"2016-08-03T00:06:06","slug":"auto-analisis","status":"publish","type":"page","link":"http:\/\/www.straightforex.com\/es\/curso-avanzado-de-forex\/actividades-diarias\/auto-analisis\/","title":{"rendered":"Auto-an\u00e1lisis"},"content":{"rendered":"<p>Cuando estas operando es importante que est\u00e9s tan objetivo como se pueda. Va a haber ocasiones en las que solo no estas en sincron\u00eda con el mercado, en estos d\u00edas es m\u00e1s probable que tengas perdidas pues no te sientes a gusto, vas a pensar que cualquier movimiento en contra es personal y esto puede causar que tomes decisiones basadas en tus emociones.<\/p>\n<p>Para ser objetivo necesitas estar libre de estr\u00e9s. Este estr\u00e9s puede ser provocado por agentes externos como: deudas, problemas maritales, una gripe, etc. Estos problemas pueden hacer que nos comportemos de manera distinta a como normalmente lo hacemos.<\/p>\n<p>Cuando no existe estr\u00e9s tendemos actuar de acuerdo a nuestro plan, porque no hay nada que nos moleste, solo le permitimos al mercado expresarse y tomar ventaja de las oportunidades que nos ofrece. Por el otro lado, cuando estamos influenciados por factores externos tendemos a actuar por venganza, miedo, avaricia, etc.<\/p>\n<h3>\u00bfC\u00f3mo sabemos en que momento estamos siendo objetivos? <\/h3>\n<p>Haciendo un auto-an\u00e1lisis es la mejor manera de determinar si estamos siendo objetivos o no. Antes de empezar nuestras operaciones es recomendable preguntarnos \u00bfC\u00f3mo me siento hoy? Si no te sientes al 100% (hay alg\u00fan factor externo que te este molestando) entonces lo mejor es no operar, toma un descanso para caminar y reflexionar y regresa cuando te sientas mejor.<\/p>\n<p>Hay otros momentos en que simplemente no te sientes seguro de operar, aun sin distractores externos. En esos momentos tampoco es bueno operar, no te vas a sentir en sincron\u00eda con el mercado y es posible que cometas muchos errores.<\/p>\n<p>Mant\u00e9n un monitoreo personal, y preg\u00fantate \u00bfes en verdad esto una se\u00f1al? \u00bfEsta presente mi set-up? Al hacer este tipo de monitoreos podemos evitar errores catastr\u00f3ficos.<\/p>\n","protected":false},"excerpt":{"rendered":"<p>Cuando estas operando es importante que est\u00e9s tan objetivo como se pueda. Va a haber ocasiones en las que solo no estas en sincron\u00eda con el mercado, en estos d\u00edas es m\u00e1s probable que tengas perdidas pues no te sientes a gusto, vas a pensar que cualquier movimiento en contra es personal y esto puede [&hellip;]<\/p>\n","protected":false},"author":1,"featured_media":0,"parent":823,"menu_order":2,"comment_status":"open","ping_status":"closed","template":"","meta":{"footnotes":""},"class_list":["post-828","page","type-page","status-publish","hentry"],"_links":{"self":[{"href":"http:\/\/www.straightforex.com\/es\/wp-json\/wp\/v2\/pages\/828","targetHints":{"allow":["GET"]}}],"collection":[{"href":"http:\/\/www.straightforex.com\/es\/wp-json\/wp\/v2\/pages"}],"about":[{"href":"http:\/\/www.straightforex.com\/es\/wp-json\/wp\/v2\/types\/page"}],"author":[{"embeddable":true,"href":"http:\/\/www.straightforex.com\/es\/wp-json\/wp\/v2\/users\/1"}],"replies":[{"embeddable":true,"href":"http:\/\/www.straightforex.com\/es\/wp-json\/wp\/v2\/comments?post=828"}],"version-history":[{"count":1,"href":"http:\/\/www.straightforex.com\/es\/wp-json\/wp\/v2\/pages\/828\/revisions"}],"predecessor-version":[{"id":829,"href":"http:\/\/www.straightforex.com\/es\/wp-json\/wp\/v2\/pages\/828\/revisions\/829"}],"up":[{"embeddable":true,"href":"http:\/\/www.straightforex.com\/es\/wp-json\/wp\/v2\/pages\/823"}],"wp:attachment":[{"href":"http:\/\/www.straightforex.com\/es\/wp-json\/wp\/v2\/media?parent=828"}],"curies":[{"name":"wp","href":"https:\/\/api.w.org\/{rel}","templated":true}]}}