{"id":826,"date":"2016-08-02T23:01:20","date_gmt":"2016-08-02T23:01:20","guid":{"rendered":"http:\/\/www.straightforex.com\/es\/?page_id=826"},"modified":"2016-08-03T00:06:06","modified_gmt":"2016-08-03T00:06:06","slug":"organizate","status":"publish","type":"page","link":"http:\/\/www.straightforex.com\/es\/curso-avanzado-de-forex\/actividades-diarias\/organizate\/","title":{"rendered":"Organ\u00edzate"},"content":{"rendered":"<p>Este es uno de los aspectos que muy pocos operadores le toman atenci\u00f3n. Para alcanzar el \u00e9xito necesitas ser un operador organizado.<\/p>\n<h3>Organiza tu lugar de trabajo<\/h3>\n<p>Si trabajas desde una oficina, trata de mantenerla lo mas limpia posible para que te sientas a gusto cuando estas en ella. De esta manera vas a sentirte c\u00f3modo desde el primer minuto de tu trabajo hasta que dejes la oficina. <\/p>\n<p>Si trabajas desde tu casa es mucho mas dif\u00edcil, porque nadie te esta observando.<\/p>\n<p>Tuve un estudiante que sol\u00eda operar de esa manera, apenas se levantaba iba por dos laptops y empezaba a operar desde su cama todav\u00eda en piyamas. Obviamente su rendimiento era bajo porque no trataba su operaci\u00f3n como un negocio o un trabajo regular. Le recomendamos que rentara un espacio de oficina, que se vistiera apropiadamente y que le diera la importancia necesaria a su carrera de operador, su rendimiento se incremento sustancialmente. Ahora opera el mercado Forex para vivir, y su rendimiento es uno de los mejores de todos los estudiantes que he tenido.<\/p>\n<p>Trata tus operaciones como un negocio, vistote adecuadamente, si operas desde tu casa, entonces ded\u00edcale un cuarto completo para realizar tus operaciones y mantenlo limpio y ordenado.<\/p>\n<h3>Ten un horario<\/h3>\n<p>Mant\u00e9n un horario y trata de seguirlo rigurosamente. <strong>Tu horario puede ser como el siguiente:<\/strong><\/p>\n<p>Despu\u00e9s del desayuno:<\/p>\n<p>7:00 \u2013 Auto-an\u00e1lisis<br \/>\n7:20 \u2013 Hacer el an\u00e1lisis diario del mercado (gr\u00e1ficos diarios, anuncios fundamentales, etc.)<br \/>\n7:40 Empezar a operar y buscar oportunidades del mercado<br \/>\n12:00 Hora de comida<br \/>\n13:00  Volver a operar<br \/>\n16:00 Revisar las operaci\u00f3n en el diario<\/p>\n<p>Mant\u00e9n bien organizado tu diario y la agenda de operaci\u00f3n<\/p>\n","protected":false},"excerpt":{"rendered":"<p>Este es uno de los aspectos que muy pocos operadores le toman atenci\u00f3n. Para alcanzar el \u00e9xito necesitas ser un operador organizado. Organiza tu lugar de trabajo Si trabajas desde una oficina, trata de mantenerla lo mas limpia posible para que te sientas a gusto cuando estas en ella. De esta manera vas a sentirte [&hellip;]<\/p>\n","protected":false},"author":1,"featured_media":0,"parent":823,"menu_order":1,"comment_status":"open","ping_status":"closed","template":"","meta":{"footnotes":""},"class_list":["post-826","page","type-page","status-publish","hentry"],"_links":{"self":[{"href":"http:\/\/www.straightforex.com\/es\/wp-json\/wp\/v2\/pages\/826","targetHints":{"allow":["GET"]}}],"collection":[{"href":"http:\/\/www.straightforex.com\/es\/wp-json\/wp\/v2\/pages"}],"about":[{"href":"http:\/\/www.straightforex.com\/es\/wp-json\/wp\/v2\/types\/page"}],"author":[{"embeddable":true,"href":"http:\/\/www.straightforex.com\/es\/wp-json\/wp\/v2\/users\/1"}],"replies":[{"embeddable":true,"href":"http:\/\/www.straightforex.com\/es\/wp-json\/wp\/v2\/comments?post=826"}],"version-history":[{"count":1,"href":"http:\/\/www.straightforex.com\/es\/wp-json\/wp\/v2\/pages\/826\/revisions"}],"predecessor-version":[{"id":827,"href":"http:\/\/www.straightforex.com\/es\/wp-json\/wp\/v2\/pages\/826\/revisions\/827"}],"up":[{"embeddable":true,"href":"http:\/\/www.straightforex.com\/es\/wp-json\/wp\/v2\/pages\/823"}],"wp:attachment":[{"href":"http:\/\/www.straightforex.com\/es\/wp-json\/wp\/v2\/media?parent=826"}],"curies":[{"name":"wp","href":"https:\/\/api.w.org\/{rel}","templated":true}]}}