{"id":823,"date":"2016-08-02T22:59:50","date_gmt":"2016-08-02T22:59:50","guid":{"rendered":"http:\/\/www.straightforex.com\/es\/?page_id=823"},"modified":"2016-08-03T03:37:38","modified_gmt":"2016-08-03T03:37:38","slug":"actividades-diarias","status":"publish","type":"page","link":"http:\/\/www.straightforex.com\/es\/curso-avanzado-de-forex\/actividades-diarias\/","title":{"rendered":"Actividades Diarias"},"content":{"rendered":"<p>Aparte de todo el conocimiento y las herramientas que tangas hay otros aspectos importantes para la operaci\u00f3n del mercado que pueden mejorar tu rendimiento. Algunas de estas cosas pueden no estar tan relacionadas con la operaci\u00f3n pero aun as\u00ed tienen un impacto importante en nuestro rendimiento.<\/p>\n<p>Algunos especialistas dicen que la clave del \u00e9xito en los mercados es el an\u00e1lisis t\u00e9cnico, mientras otros dicen que el \u00e9xito radica en la mente y otros aseguran que todo tiene que ver con la administraci\u00f3n del riesgo. Yo pensar\u00eda todos los aspectos se\u00f1alados anteriormente juegan un papel importante en el \u00e9xito de un operador, pero no nos podemos olvidar de que existen otros factores que pueden tener un impacto indirecto en nuestro rendimiento, vamos a revisar algunos de estos aspectos en esta \u00faltima lecci\u00f3n.<\/p>\n<p><strong>En esta lecci\u00f3n veremos los siguientes temas:<\/strong><\/p>\n<h3><a href=\"http:\/\/www.straightforex.com\/es\/curso-avanzado-de-forex\/actividades-diarias\/organizate\/\">Secci\u00f3n 2: Organ\u00edzate<\/a><\/h3>\n<p> Muchas veces nos olvidamos de aspectos que tienen poco que ver con nuestro rendimiento, la organizaci\u00f3n es uno de ellos.<\/p>\n<h3><a href=\"http:\/\/www.straightforex.com\/es\/curso-avanzado-de-forex\/actividades-diarias\/auto-analisis\/\">Secci\u00f3n 3: Auto-an\u00e1lisis<\/a><\/h3>\n<p> Algunas veces no nos sentimos con ganas de operar, no estamos c\u00f3modos, al identificar esos momentos podemos ahorrar dinero.<\/p>\n<h3><a href=\"http:\/\/www.straightforex.com\/es\/curso-avanzado-de-forex\/actividades-diarias\/un-escenario-de-operacion\/\">Secci\u00f3n 4: Un Escenario de Operaci\u00f3n<\/a><\/h3>\n<p> Una operaci\u00f3n ideal debe ser similar a esta.<\/p>\n<h3><a href=\"http:\/\/www.straightforex.com\/es\/curso-avanzado-de-forex\/actividades-diarias\/algunas-ideas-importantes\/\">Secci\u00f3n 5: Algunas Ideas Importantes<\/a><\/h3>\n<p> Vamos a desarrollar algunos puntos importantes que nos pueden ayudar a ser mejores operadores. <\/p>\n","protected":false},"excerpt":{"rendered":"<p>Aparte de todo el conocimiento y las herramientas que tangas hay otros aspectos importantes para la operaci\u00f3n del mercado que pueden mejorar tu rendimiento. Algunas de estas cosas pueden no estar tan relacionadas con la operaci\u00f3n pero aun as\u00ed tienen un impacto importante en nuestro rendimiento. Algunos especialistas dicen que la clave del \u00e9xito en [&hellip;]<\/p>\n","protected":false},"author":1,"featured_media":0,"parent":577,"menu_order":7,"comment_status":"open","ping_status":"closed","template":"","meta":{"footnotes":""},"class_list":["post-823","page","type-page","status-publish","hentry"],"_links":{"self":[{"href":"http:\/\/www.straightforex.com\/es\/wp-json\/wp\/v2\/pages\/823","targetHints":{"allow":["GET"]}}],"collection":[{"href":"http:\/\/www.straightforex.com\/es\/wp-json\/wp\/v2\/pages"}],"about":[{"href":"http:\/\/www.straightforex.com\/es\/wp-json\/wp\/v2\/types\/page"}],"author":[{"embeddable":true,"href":"http:\/\/www.straightforex.com\/es\/wp-json\/wp\/v2\/users\/1"}],"replies":[{"embeddable":true,"href":"http:\/\/www.straightforex.com\/es\/wp-json\/wp\/v2\/comments?post=823"}],"version-history":[{"count":3,"href":"http:\/\/www.straightforex.com\/es\/wp-json\/wp\/v2\/pages\/823\/revisions"}],"predecessor-version":[{"id":976,"href":"http:\/\/www.straightforex.com\/es\/wp-json\/wp\/v2\/pages\/823\/revisions\/976"}],"up":[{"embeddable":true,"href":"http:\/\/www.straightforex.com\/es\/wp-json\/wp\/v2\/pages\/577"}],"wp:attachment":[{"href":"http:\/\/www.straightforex.com\/es\/wp-json\/wp\/v2\/media?parent=823"}],"curies":[{"name":"wp","href":"https:\/\/api.w.org\/{rel}","templated":true}]}}