{"id":811,"date":"2016-08-02T22:56:06","date_gmt":"2016-08-02T22:56:06","guid":{"rendered":"http:\/\/www.straightforex.com\/es\/?page_id=811"},"modified":"2016-08-03T00:06:06","modified_gmt":"2016-08-03T00:06:06","slug":"resumen-psicologia-del-trading","status":"publish","type":"page","link":"http:\/\/www.straightforex.com\/es\/curso-avanzado-de-forex\/psicologia-del-trading\/resumen-psicologia-del-trading\/","title":{"rendered":"Resumen: Psicolog\u00eda del Trading"},"content":{"rendered":"<p>Ahora que ya le\u00edste el material, aseg\u00farate de entender lo siguiente: <\/p>\n<p>Muchas veces la diferencia entre el \u00e9xito y el fracaso en muchos aspectos de la vida tienen una l\u00ednea muy delgada, y m\u00e1s aun en la operaci\u00f3n del mercado. <\/p>\n<p>Esa l\u00ednea muchas veces se puede cruzar (del fracaso al \u00e9xito), si nuestro enfoque con la psicolog\u00eda del trading es el correcto. <\/p>\n<p>Estar equivocado, una vez que entiendes esta lecci\u00f3n ya no tendr\u00e1s miedo de abrir tu pr\u00f3xima operaci\u00f3n. <\/p>\n<p><strong>Tomadores de riesgos<\/strong>, cuando aceptas el hecho de que eres un tomador de riesgos, los trades en p\u00e9rdida ya no te har\u00e1n ning\u00fan da\u00f1o. <\/p>\n<p><strong>Incertidumbre<\/strong>, en cuanto lo entiendas, operar\u00e1s con mucha facilidad. <\/p>\n<p><strong>Responsabilidad,<\/strong> Eres responsable de cada una de las decisiones que tomes, no tu broker, no tu mentor o tu perro, solo tu. <\/p>\n<p><strong>Compromiso<\/strong>, para tener \u00e9xito en toda disciplina, tienes que tener compromiso. <\/p>\n<p><strong>Paciencia<\/strong>, necesitas esperar al momento correcto, cuando las probabilidades est\u00e9n de tu lado. <\/p>\n","protected":false},"excerpt":{"rendered":"<p>Ahora que ya le\u00edste el material, aseg\u00farate de entender lo siguiente: Muchas veces la diferencia entre el \u00e9xito y el fracaso en muchos aspectos de la vida tienen una l\u00ednea muy delgada, y m\u00e1s aun en la operaci\u00f3n del mercado. Esa l\u00ednea muchas veces se puede cruzar (del fracaso al \u00e9xito), si nuestro enfoque con [&hellip;]<\/p>\n","protected":false},"author":1,"featured_media":0,"parent":790,"menu_order":8,"comment_status":"open","ping_status":"closed","template":"","meta":{"footnotes":""},"class_list":["post-811","page","type-page","status-publish","hentry"],"_links":{"self":[{"href":"http:\/\/www.straightforex.com\/es\/wp-json\/wp\/v2\/pages\/811","targetHints":{"allow":["GET"]}}],"collection":[{"href":"http:\/\/www.straightforex.com\/es\/wp-json\/wp\/v2\/pages"}],"about":[{"href":"http:\/\/www.straightforex.com\/es\/wp-json\/wp\/v2\/types\/page"}],"author":[{"embeddable":true,"href":"http:\/\/www.straightforex.com\/es\/wp-json\/wp\/v2\/users\/1"}],"replies":[{"embeddable":true,"href":"http:\/\/www.straightforex.com\/es\/wp-json\/wp\/v2\/comments?post=811"}],"version-history":[{"count":2,"href":"http:\/\/www.straightforex.com\/es\/wp-json\/wp\/v2\/pages\/811\/revisions"}],"predecessor-version":[{"id":822,"href":"http:\/\/www.straightforex.com\/es\/wp-json\/wp\/v2\/pages\/811\/revisions\/822"}],"up":[{"embeddable":true,"href":"http:\/\/www.straightforex.com\/es\/wp-json\/wp\/v2\/pages\/790"}],"wp:attachment":[{"href":"http:\/\/www.straightforex.com\/es\/wp-json\/wp\/v2\/media?parent=811"}],"curies":[{"name":"wp","href":"https:\/\/api.w.org\/{rel}","templated":true}]}}