{"id":805,"date":"2016-08-02T22:46:59","date_gmt":"2016-08-02T22:46:59","guid":{"rendered":"http:\/\/www.straightforex.com\/es\/?page_id=805"},"modified":"2016-08-03T00:06:06","modified_gmt":"2016-08-03T00:06:06","slug":"plan-de-negocios","status":"publish","type":"page","link":"http:\/\/www.straightforex.com\/es\/curso-avanzado-de-forex\/psicologia-del-trading\/plan-de-negocios\/","title":{"rendered":"Plan de Negocios"},"content":{"rendered":"<p>Un buen plan de negocios consiste en: un plan principal, un plan del sistema, un plan de de la administraci\u00f3n del riesgo y posiciones y por \u00faltimo pero no menos importante, un plan de administraci\u00f3n del capital.<\/p>\n<p>El plan principal describe tus objetivos principales y hace un inventario de tu situaci\u00f3n actual (nivel de conocimiento, experiencia, etc.) Los otros componentes del plan de negocios describen como vas a alcanzar los objetivos que te planteaste en el plan principal.  <\/p>\n<p><img loading=\"lazy\" decoding=\"async\" src=\"http:\/\/www.straightforex.com\/es\/wp-content\/uploads\/01.gif\" alt=\"01\" width=\"637\" height=\"433\" class=\"alignnone size-full wp-image-806\" \/><\/p>\n<h3>Plan principal<\/h3>\n<p><strong>\u00bfCu\u00e1l es tu objetivo principal?<\/strong><\/p>\n<p>Estas buscando hacer m\u00e1s dinero o estas interesado en operar el mercado como una forma de vida. Otra raz\u00f3n puede ser para diversificar tu portafolio de inversi\u00f3n. Lo importante es que describas cual es tu objetivo principal en t\u00e9rminos medibles. <\/p>\n<p><strong>\u00bfCu\u00e1l es tu situaci\u00f3n actual?<\/strong><\/p>\n<p>Describe tu conocimiento y experiencia actual y en t\u00e9rminos generales cuales son los aspectos en los que creas que necesitas trabajar para poder cumplir tus objetivos (disciplina, m\u00e1s experiencia, etc.)<\/p>\n<p><strong>\u00bfCon cuanto capital de riesgo cuentas para operar el mercado? \u00bfPuedes darte el lujo de perder toda tu cuenta?<\/strong><\/p>\n<p>Si estas buscando pagar tus cuentas con las ganancias de operaci\u00f3n entonces necesitas ser realista. Se requiere de mucho trabajo, experiencia y compromiso para poder operar y obtener ganancias consistentes, si estas buscando obtener ganancias con una cuenta de $10,000 no creo que puedas cumplir tus objetivos (lee la siguiente pregunta).<\/p>\n<p>Si por el otro lado estas buscando una obtener ganancias extras, entonces puedes hacerlo con cualquier cantidad de capital.<\/p>\n<p><strong>\u00bfCu\u00e1nto dinero necesitas para vivir en un a\u00f1o? \u00bfVas a necesitar las ganancias del Forex para poder vivir?<\/strong><\/p>\n<p>Esta pregunta esta dirigida para aquellas personas que est\u00e1n buscando hacer una vida operando el mercado. Si tienes una cuenta de $10,000 y requieres de $60,000 al a\u00f1o para vivir, entonces vas a necesitar un rendimiento del 50% mensual para cumplir tus objetivos (solo para sobrevivir), algo casi imposible de lograr. Si a esto le a\u00f1adimos que necesitamos hacer crecer nuestra cuenta, entonces la tarea se hace aun m\u00e1s dif\u00edcil. Por el otro lado, si tienes una cuenta de $100,000 y requieres la misma cantidad para vivir, entonces solo necesitar\u00edas el 5% de retorno mensual para cumplir tus objetivos.<\/p>\n<p>Si estas buscando hacer una vida operando y no tienes capital suficiente, entonces te recomiendo fuertemente que te esperes a tener mas capital de riesgo, de otra manera las barreras psicol\u00f3gicas y el estr\u00e9s van a jugar un papel muy importante en tu contra haciendo nuestra tarea mas dif\u00edcil. Por ejemplo, cuando al final del mes no este cerca de tus objetivos va a llegar el momento en que debas tomar riesgos no controlados para tratar de cumplir tus objetivos.<\/p>\n<p><strong>\u00bfCu\u00e1nto tiempo al d\u00eda le puedes dedicar a la operaci\u00f3n? \u00bfDe cuanto tiempo dispongo para hacer mi an\u00e1lisis diario?<\/strong><\/p>\n<p>La cantidad de tiempo que tengas disponible va directamente relacionado al tipo de estrategia que vamos a utilizar. Tambi\u00e9n es importante decidir cuanto tiempo disponemos para hacer nuestro an\u00e1lisis diario.<\/p>\n<p><strong>\u00bfCu\u00e1les son tus fortalezas y debilidades en relaci\u00f3n a la operaci\u00f3n? \u00bfC\u00f3mo vamos a trabajar con nuestras debilidades?<\/strong><\/p>\n<p>Tenemos que tener un inventario de nuestras fortalezas y debilidades, como tambi\u00e9n la manera en que vamos a tratar de reforzar nuestras debilidades y cuidar nuestras fortalezas. <\/p>\n<p>Entre las debilidades pueden estar la disciplina, como nos sentimos con respecto a operaciones en p\u00e9rdida, etc.<\/p>\n<p><strong>\u00bfCu\u00e1l es mi tiempo l\u00edmite?<\/strong><\/p>\n<p>Para responder esta pregunta necesitamos hacernos otras preguntas: \u00bfen cuanto tiempo espero cumplir mis objetivos? \u00bfQu\u00e9 va a pasar si no cumplo mis objetivos?<\/p>\n<p>Puntos clave para un realizar un buen plan principal:<\/p>\n<p>&#8211; Los objetivos tienen que ser espec\u00edficos y concretos<br \/>\n&#8211; Debes incluir en que momentos vas a hacer una revisi\u00f3n de tus logros parciales<br \/>\n&#8211; Debe ser pr\u00e1ctico<\/p>\n<p>Puedes a\u00f1adir otras preguntas si lo crees pertinente. Estas son solamente algunas de las preguntas m\u00e1s comunes en este aspecto del plan de negocios. <\/p>\n<h3>Plan del sistema<\/h3>\n<p><strong>\u00bfQu\u00e9 tipo de sistema o sistemas voy a usar?<\/strong><\/p>\n<p>Describe los sistemas que has desarrollado y estas dispuesto a operar, todos sus componentes (set-up, se\u00f1al gatillo, como definir el nivel de stop loss y toma de ganancias, en que temporalidad vas a operar, etc.) Tener tu sistema en un escrito te va a ayudar a hacer m\u00e1s objetivo a la hora de operar.<\/p>\n<p><strong>\u00bfQu\u00e9 metodolog\u00eda vas a usar para determinar la tendencia?<\/strong><\/p>\n<p>Este aspecto es muy importante y debes ser consistente en la manera en que midas la tendencia. Describe exactamente como le vas a hacer para medir la tendencia.<\/p>\n<p><strong>\u00bfEn que condiciones vas a operar tu sistema o sistemas?<\/strong><\/p>\n<p>Vas a usar un sistema para mercado es tendencia, o en rangos, incluso si vas a usar un h\u00edbrido para operar varias condiciones del mercado.<\/p>\n<p>De acuerdo al sistema que desarrollaste y probaste, \u00bfQu\u00e9 tipo de retorno en dinero, porcentaje o pips esperas en un determinado tiempo?<\/p>\n<p>Necesitas ser realista contigo mismo en cuanto a lo que alcanzamos en el pasado. \u00bfCu\u00e1ntos pips, dinero o retorno alcanz\u00f3 mensualmente?<\/p>\n<p><strong>\u00bfEn que divisas vas a concentrarte?<\/strong><\/p>\n<p>Diferentes divisas se comportan de distinta manera:<\/p>\n<p>El USD\/CAD y GBP\/USD son las divisas m\u00e1s vol\u00e1tiles (de las mayores)<br \/>\nEl EUR\/USD y USD\/CHF se encuentran en un punto intermedio<br \/>\nEl USD\/JPY y AUD\/USD son las divisas menos vol\u00e1tiles.<\/p>\n<h3>Administraci\u00f3n de la posici\u00f3n y el riesgo<\/h3>\n<p><strong>Si experimentas una serie de operaciones en p\u00e9rdida consecutiva, \u00bfC\u00f3mo vas a reaccionar?<\/strong><\/p>\n<p>Describe el porcentaje de tu capital de riesgo que vas a tolerar antes de parar nuestras operaciones y \u00bfque vas a hacer al respecto? \u00bfVas a revisar tu estrategia temporalmente para verificar que tu sistema siga generando ganancias?<\/p>\n<p><strong>\u00bfQue t\u00e9cnica de administraci\u00f3n de la posici\u00f3n vas a usar?<\/strong><\/p>\n<p>Describe que t\u00e9cnica vas usar (operaciones con m\u00faltiples lotes, trailing stops, etc.) y bajo que circunstancias vas a aplicarlas (por ejemplo, si el mercado se vuelca en mi contra por la mitad de mi nivel de stop loss tomar p\u00e9rdidas parciales).<\/p>\n<p><strong>\u00bfQu\u00e9 procedimientos vas a usar para revisar tu rendimiento?<\/strong><\/p>\n<p>Describe como vas a medir el rendimiento de tu sistema y de tu operaci\u00f3n en general y que tan seguido vas a hacer esta revisi\u00f3n. Tambi\u00e9n debes responder que vas a hacer e caso de que no llegues a tu rendimiento meta.<\/p>\n<p><strong>\u00bfQu\u00e9 m\u00e9todos vas a utilizar para fijar los niveles de ganancia y de p\u00e9rdidas?<\/strong><\/p>\n<p>Describe las t\u00e9cnicas que vayas a utilizar y porque piensas que estas usando la mejor metodolog\u00eda disponible.<\/p>\n<p><strong>\u00bfQu\u00e9 RPR vas a usar en tus operaciones?<\/strong><\/p>\n<p>Describe que RPR vas a usar y en que circunstancias. Puedes utilizar varias RPR dependiendo de las condiciones del mercado (por ejemplo, si opero en contra de la tendencia voy a usar 3:1).<\/p>\n<h3>Plan de administraci\u00f3n del capital<\/h3>\n<p><strong>\u00bfQu\u00e9 t\u00e9cnica de administraci\u00f3n del dinero vas a utilizar y porque?<\/strong><\/p>\n<p>Describe la t\u00e9cnica de administraci\u00f3n del capital que vas a usar y tambi\u00e9n porque crees que es la mejor t\u00e9cnica para la estrategia que vas a usar.<\/p>\n<p><strong>\u00bfCu\u00e1l es la m\u00e1xima cantidad de riesgo a la que vas a estar expuesto en cualquier momento?<\/strong><\/p>\n<p>Si ya tienes abierta una transacci\u00f3n, \u00bfcuanto vas a arriesgar si existe una segunda o tercera operaci\u00f3n? \u00bfNo mas de 5%, 2% o 3%? Puedes decidir arriesgar 1% en una divisa, 0.75% en otra divisa y 0.50% en otra mas, de esta manera no vas a tener en riesgo mas del 2.25% en cualquier momento.<\/p>\n<p><strong>\u00bfC\u00f3mo planeas sacar el dinero de tu cuenta?<\/strong><\/p>\n<p>Que tan seguido y cuanto dinero vas a sacar de tu cuenta. Recuerda que tambi\u00e9n la cuenta necesita crecer para que de esta manera la AC pueda generar un crecimiento geom\u00e9trico. <\/p>\n<p>Puedes a\u00f1adir mas preguntas a cualquier parte del plan de negocios si lo crees pertinente. Esto es solo una gu\u00eda de lo que tienes que hacer.<\/p>\n","protected":false},"excerpt":{"rendered":"<p>Un buen plan de negocios consiste en: un plan principal, un plan del sistema, un plan de de la administraci\u00f3n del riesgo y posiciones y por \u00faltimo pero no menos importante, un plan de administraci\u00f3n del capital. El plan principal describe tus objetivos principales y hace un inventario de tu situaci\u00f3n actual (nivel de conocimiento, [&hellip;]<\/p>\n","protected":false},"author":1,"featured_media":0,"parent":790,"menu_order":6,"comment_status":"open","ping_status":"closed","template":"","meta":{"footnotes":""},"class_list":["post-805","page","type-page","status-publish","hentry"],"_links":{"self":[{"href":"http:\/\/www.straightforex.com\/es\/wp-json\/wp\/v2\/pages\/805","targetHints":{"allow":["GET"]}}],"collection":[{"href":"http:\/\/www.straightforex.com\/es\/wp-json\/wp\/v2\/pages"}],"about":[{"href":"http:\/\/www.straightforex.com\/es\/wp-json\/wp\/v2\/types\/page"}],"author":[{"embeddable":true,"href":"http:\/\/www.straightforex.com\/es\/wp-json\/wp\/v2\/users\/1"}],"replies":[{"embeddable":true,"href":"http:\/\/www.straightforex.com\/es\/wp-json\/wp\/v2\/comments?post=805"}],"version-history":[{"count":1,"href":"http:\/\/www.straightforex.com\/es\/wp-json\/wp\/v2\/pages\/805\/revisions"}],"predecessor-version":[{"id":807,"href":"http:\/\/www.straightforex.com\/es\/wp-json\/wp\/v2\/pages\/805\/revisions\/807"}],"up":[{"embeddable":true,"href":"http:\/\/www.straightforex.com\/es\/wp-json\/wp\/v2\/pages\/790"}],"wp:attachment":[{"href":"http:\/\/www.straightforex.com\/es\/wp-json\/wp\/v2\/media?parent=805"}],"curies":[{"name":"wp","href":"https:\/\/api.w.org\/{rel}","templated":true}]}}