{"id":802,"date":"2016-08-02T22:41:55","date_gmt":"2016-08-02T22:41:55","guid":{"rendered":"http:\/\/www.straightforex.com\/es\/?page_id=802"},"modified":"2016-08-03T00:06:06","modified_gmt":"2016-08-03T00:06:06","slug":"compromiso-paciencia-y-responsabilidad","status":"publish","type":"page","link":"http:\/\/www.straightforex.com\/es\/curso-avanzado-de-forex\/psicologia-del-trading\/compromiso-paciencia-y-responsabilidad\/","title":{"rendered":"Compromiso, paciencia y responsabilidad"},"content":{"rendered":"<h3>Compromiso<\/h3>\n<p>Compromiso es una promesa a ti mismo de conseguir \u201calgo\u201d y no te vas a dar por vencido sin importar las circunstancias en las que te encuentres.<\/p>\n<p>Muchos operadores tienen sue\u00f1os (por ejemplo alcanzar ganancias consistentemente), pero solo unos poco se comprometen ha hacer lo necesario para alcanzarlos. <\/p>\n<p>Lo que necesitamos hacer es revisar nuestro nivel de compromiso contestando las siguientes preguntas:<\/p>\n<p>\u00bfQu\u00e9 tanto quiero alcanzar mis sue\u00f1os?<br \/>\n\u00bfSi cumplo mis objetivos, que significar\u00eda para mi?<br \/>\n\u00bfEn verdad pienso poder alcanzar mis sue\u00f1os?<\/p>\n<p>La verdad es esta: el nivel en el que alcances tus objetivos esta directamente relacionado al nivel de compromiso que tengas para alcanzar tus objetivos.<\/p>\n<p>Entonces, si en realidad estas dispuesto a comprometerte al negocio de la operaci\u00f3n del mercado y cumplir tus objetivos, lo mas seguro es que alcances tus objetivos como operador del mercado.<\/p>\n<p>Recuerda un aspecto importante, el compromiso real requiere tomar acciones definitivas direccionadas a un objetivo conocido.<\/p>\n<h3>Paciencia<\/h3>\n<p>La paciencia es una virtud. Cuando un operador es paciente, espera a que su sistema le se\u00f1ale una operaci\u00f3n. Sabe que todas sus operaciones son bien importantes y no intenta operar solo por operar. No esta deseoso de entrar al mercado porque sabe que la oportunidad va a llegar (cuando su sistema lo se\u00f1ale). No esta persiguiendo al mercado por miedo a perder el movimiento importante. Solamente es paciente, y espera a que su sistema le de la se\u00f1al de que hay mas probabilidades de que el mercado se dirija en una direcci\u00f3n sobre otra, solamente ah\u00ed esta dispuesto a tomar la transacci\u00f3n y afrontar al riesgo. <\/p>\n<p>Ser paciente significa sentarse y no hacer transacciones hasta tener una buena oportunidad, incluso si esto significa no hacer operaciones en d\u00edas completos. Muy pocos operadores son capaces de hacer esto, porque la mayor\u00eda operan solo por la emoci\u00f3n de estar en el mercado. Estos operadores no pacientes no tratan la operaci\u00f3n del mercado como un negocio, solamente operan y sus carreras tienden a durar mucho menos de lo que deber\u00eda.<\/p>\n<p>Necesitas ser paciente para que el mercado se exprese y el mismo nos de oportunidades para ingresar al mercado.<\/p>\n<p>Los operadores tambi\u00e9n tienen que ser pacientes para esperar las ganancias que pueden llegar en un futuro. No puedes hacerte rico de la noche a la ma\u00f1ana (en un mes o dos), tienes que esperar a desarrollar tus habilidades t\u00e9cnicas. Si intentas acelerar este proceso, te puedes encontrar tomando riesgos no calculados que pueden hacerte perder tu cuenta completa.<\/p>\n<p>Solamente tienes que estar consciente de que si sigues todos los aspectos vistos en el curso, en alg\u00fan momento vas a alcanzar tus objetivos, solamente tienes que ser paciente.<\/p>\n<p>Recuerda que nuestro objetivo como operadores no es operar mucho, sino operar bien.<\/p>\n<h3>Responsabilidad<\/h3>\n<p>Otro h\u00e1bito importante que tenemos que tomar en cuenta es la responsabilidad. Es f\u00e1cil relegar responsabilidades a otros cuando las cosas no salen como pensamos, y de la misma manera es f\u00e1cil tomar el cr\u00e9dito de las cosas que nos salieron bien.<\/p>\n<p>Este es el caso de los operadores que operan basados en sistemas y planes de negocios poco planeados. Cuando el mercado se comporta de la manera en que esper\u00e1bamos, tomamos todas las responsabilidades, \u201chice un buen trabajo\u201d o \u201csoy bueno en lo que hago\u201d, pero que es lo que pasa cuando el mercado no se comporta como lo esper\u00e1bamos \u201cel mercado esta imposible de operar\u201d o \u201clos brokers est\u00e1n en mi contra\u201d. Pero la verdad es que nadie es responsable por tus acciones m\u00e1s que tu mismo. <\/p>\n<p>Tu eres responsable de cada operaci\u00f3n sin importar si estuvo bien o mal planeada porque tu eres el que esta ejecutando las operaciones. Tratar de relegar responsabilidades es un mecanismo de defensa que tiene como prop\u00f3sito aliviarnos el del dolor, pero que en realidad nos hace mas da\u00f1o. Los operadores que se comportan de esta manera tienden a cometer los mismos errores. <\/p>\n<p>Por el otro lado, los operadores exitosos saben que las operaciones que toman, sin importar porque la tomaron, son su propia responsabilidad. Nunca tratan de culpar a alguien mas por sus \u00e9xitos o fracasos. Si algo sale mal con sus operaciones o inversiones, toman toda la responsabilidad y tratan de aprender de ellas, porque todas las operaciones tienen algo que ense\u00f1arnos, cada operaci\u00f3n es una nueva experiencia de aprendizaje si sabemos como manejarla. Trataran de ver que sali\u00f3 mal y ver si se puede evitar el error en el futuro.<\/p>\n<p>Hasta que no tomes responsabilidad de tus acciones no te vas a sentir a gusto operando tu sistema. Debes aceptar y tomar responsabilidad de todas tus acciones que tomes como operador (y otros aspectos de tu vida).<\/p>\n<p>Lo mismo ocurre con personas que est\u00e1n siguiendo las previsiones de otros, t\u00fa eres el \u00fanico responsable si alguna p\u00e9rdida ocurre, porque t\u00fa fuiste el que tomo la decisi\u00f3n de entrar al mercado.<\/p>\n<p>\u00a1Toma responsabilidad de todas tus acciones!<\/p>\n","protected":false},"excerpt":{"rendered":"<p>Compromiso Compromiso es una promesa a ti mismo de conseguir \u201calgo\u201d y no te vas a dar por vencido sin importar las circunstancias en las que te encuentres. Muchos operadores tienen sue\u00f1os (por ejemplo alcanzar ganancias consistentemente), pero solo unos poco se comprometen ha hacer lo necesario para alcanzarlos. Lo que necesitamos hacer es revisar [&hellip;]<\/p>\n","protected":false},"author":1,"featured_media":0,"parent":790,"menu_order":5,"comment_status":"open","ping_status":"closed","template":"","meta":{"footnotes":""},"class_list":["post-802","page","type-page","status-publish","hentry"],"_links":{"self":[{"href":"http:\/\/www.straightforex.com\/es\/wp-json\/wp\/v2\/pages\/802","targetHints":{"allow":["GET"]}}],"collection":[{"href":"http:\/\/www.straightforex.com\/es\/wp-json\/wp\/v2\/pages"}],"about":[{"href":"http:\/\/www.straightforex.com\/es\/wp-json\/wp\/v2\/types\/page"}],"author":[{"embeddable":true,"href":"http:\/\/www.straightforex.com\/es\/wp-json\/wp\/v2\/users\/1"}],"replies":[{"embeddable":true,"href":"http:\/\/www.straightforex.com\/es\/wp-json\/wp\/v2\/comments?post=802"}],"version-history":[{"count":2,"href":"http:\/\/www.straightforex.com\/es\/wp-json\/wp\/v2\/pages\/802\/revisions"}],"predecessor-version":[{"id":804,"href":"http:\/\/www.straightforex.com\/es\/wp-json\/wp\/v2\/pages\/802\/revisions\/804"}],"up":[{"embeddable":true,"href":"http:\/\/www.straightforex.com\/es\/wp-json\/wp\/v2\/pages\/790"}],"wp:attachment":[{"href":"http:\/\/www.straightforex.com\/es\/wp-json\/wp\/v2\/media?parent=802"}],"curies":[{"name":"wp","href":"https:\/\/api.w.org\/{rel}","templated":true}]}}