{"id":797,"date":"2016-08-02T22:33:40","date_gmt":"2016-08-02T22:33:40","guid":{"rendered":"http:\/\/www.straightforex.com\/es\/?page_id=797"},"modified":"2016-08-03T00:06:06","modified_gmt":"2016-08-03T00:06:06","slug":"enfrentando-la-incertidumbre-del-mercado","status":"publish","type":"page","link":"http:\/\/www.straightforex.com\/es\/curso-avanzado-de-forex\/psicologia-del-trading\/enfrentando-la-incertidumbre-del-mercado\/","title":{"rendered":"Enfrentando la incertidumbre del mercado"},"content":{"rendered":"<h5>\u00bfQu\u00e9 son los mercados?<\/h5>\n<p>Algunas vez te has hecho esa pregunta? <\/p>\n<p>Los mercados no son nada m\u00e1s que gente dispuesta a comprar a precios bajos y vender a precios altos. Hacen esto con base en lo que esperan del futuro y su creencia acerca de que precios son altos y que precios bajos. En otras palabras, los extremos del rango de operaci\u00f3n est\u00e1n limitados por las creencias de los operadores acerca de lo que es barato y lo que es caro. En cualquier punto del tiempo, usted puede ver quien est\u00e1 ganando la batalla. Si el precio est\u00e1 subiendo, los compradores van ganando. Si por el contrario los precios est\u00e1n bajando, los compradores est\u00e1n ganando la batalla.<\/p>\n<p>Todos estos operadores de los que est\u00e1 hecho el mercado, son responsables por el cambio y comportamiento de los precios. Estos operadores como conjunto tambi\u00e9n tienen patrones de comportamiento similares. Estos patrones son los que nos permiten tomar ganancias del mercado. Y por favor observe que us\u00e9 la palabra similares, y no iguales o id\u00e9nticos al referirme a los patrones de comportamiento; y existe una buena raz\u00f3n para ello. <\/p>\n<p>Los operadores como conjunto tienen a tener un comportamiento similar bajo circunstancias similares. Esto es porque en cualquier punto en el tiempo, diferentes operadores entran y salen del mercado. No son los mismos operadores cada vez. Y a\u00fan si fueran los mismos, algunos operadores act\u00faan irracionalmente en ciertos momentos, o simplemente pueden estar de un humor distinto que el d\u00eda anterior. Y entonces el patr\u00f3n puede tener un resultado distinto. Tambi\u00e9n existen operadores esperando ciertas condiciones, pero dispuestos a entrar al mercado. Otros operadores tomar\u00e1n ganancias o limitar\u00e1n sus p\u00e9rdidas antes que el d\u00eda anterior. Y podemos seguir enumerando infinitamente las variables que afectan los mercados, pero todo esto se reduce a lo siguiente: el mercado esta hecho de seres humanos, y nadie puede predecir el comportamiento de un ser humano con un 100% de efectividad.<\/p>\n<p>Esta es la raz\u00f3n por la cual cada patr\u00f3n puede ser s\u00f3lo similar, y es tambi\u00e9n la raz\u00f3n por la que un sistema o estrategia de operaci\u00f3n no puede ganar todas las operaciones.<\/p>\n<p>Requiere s\u00f3lo un operador (puede ser su vecino o alguien al otro lado del mundo) para evitar el mismo resultado en un patr\u00f3n en particular.<\/p>\n<p>Los operadores que obtienen ganancias consistentemente tienen un entendimiento muy profundo de este concepto. Creen sin la menor duda que cualquier cosa puede pasar en una operaci\u00f3n o patr\u00f3n dados. No esperan nada. Entran a una operaci\u00f3n y lo \u00fanico que esperan es que el mercado vaya hacia alg\u00fan lado. Lo \u00fanico que saben es que si entraron a la operaci\u00f3n siguiendo la se\u00f1al de su sistema las probabilidades est\u00e1n a su favor y a largo plazo tendr\u00e1n ganancias. No saben cu\u00e1l ser\u00e1 el resultado de una operaci\u00f3n en particular, pero s\u00ed saben que a largo plazo eso no es lo importante.<\/p>\n<p>Como no conocen el resultado de cada operaci\u00f3n, ni tratan de predecirlo, ponen \u00f3rdenes de stop loss y toman ganancias de una manera sistem\u00e1tica, porque seguir su sistema y plan es la \u00fanica manera de ser consistente en el mercado. <\/p>\n<p>En la \u00faltima secci\u00f3n revisamos el concepto de tomador de riesgos. En este cap\u00edtulo estamos tratando con la particularidad de cada patr\u00f3n. Cuando entendamos y apliquemos ambos conceptos de manera apropiada, nuestro miedo a operar desaparecer\u00e1, y la operaci\u00f3n del mercado ser\u00e1 m\u00e1s f\u00e1cil que nunca.<\/p>\n<p>Si usted no espera nada y acepta el riesgo que est\u00e1 tomando, entonces no tiene nada que temer. Entonces tendr\u00e1 la oportunidad de tomar lo que el mercado le ofrezca.<\/p>\n<p>Sin embargo, lo m\u00e1s interesante es que ambos problemas pueden ser resueltos de la misma forma: confiando en nuestro sistema. Tenemos que crear un plan y un sistema bien estructurados para poder confiar en ellos y tomar cada una se las se\u00f1ales que indiquen.<\/p>\n<p>Aunque cada patr\u00f3n puede tener diferentes resultados, el resultado de una serie de patrones es consistente. Esto significa que aunque el resultado de un patr\u00f3n dado es incierto, el resultado de 100 patrones similares es predecible y confiable estad\u00edsticamente (eficiencia del sistema).<\/p>\n<p>De manera que, cuando usted entra a una operaci\u00f3n, necesita no esperar ninguna direcci\u00f3n en el mercado. Si usted piensa que una operaci\u00f3n en particular ser\u00e1 ganadora, y luego resulta lo contrario, esto crear\u00e1 un conflicto en su ser y generar\u00e1 el miedo que estamos tratando de evitar. Cuando tenemos miedo, tendemos a ignorar o bloquear informaci\u00f3n \u00fatil proveniente del mercado, y eso no le ayudar\u00eda para su siguiente operaci\u00f3n.<\/p>\n<p>Si usted en verdad deja de esperar algo del mercado, cualquiera que sea el resultado de su operaci\u00f3n se permitir\u00e1 tomar la siguiente oportunidad que se le presente.<\/p>\n<p>Estos operadores conf\u00edan completamente en su \u00e9xito, y est\u00e1n comprometidos con su sistema de tal manera que no duda en tomar todas y cada una de las se\u00f1ales que genera. No sienten frustraci\u00f3n por el mercado y saben que a largo plazo tendr\u00e1n \u00e9xito.<\/p>\n","protected":false},"excerpt":{"rendered":"<p>\u00bfQu\u00e9 son los mercados? Algunas vez te has hecho esa pregunta? Los mercados no son nada m\u00e1s que gente dispuesta a comprar a precios bajos y vender a precios altos. Hacen esto con base en lo que esperan del futuro y su creencia acerca de que precios son altos y que precios bajos. En otras [&hellip;]<\/p>\n","protected":false},"author":1,"featured_media":0,"parent":790,"menu_order":3,"comment_status":"open","ping_status":"closed","template":"","meta":{"footnotes":""},"class_list":["post-797","page","type-page","status-publish","hentry"],"_links":{"self":[{"href":"http:\/\/www.straightforex.com\/es\/wp-json\/wp\/v2\/pages\/797","targetHints":{"allow":["GET"]}}],"collection":[{"href":"http:\/\/www.straightforex.com\/es\/wp-json\/wp\/v2\/pages"}],"about":[{"href":"http:\/\/www.straightforex.com\/es\/wp-json\/wp\/v2\/types\/page"}],"author":[{"embeddable":true,"href":"http:\/\/www.straightforex.com\/es\/wp-json\/wp\/v2\/users\/1"}],"replies":[{"embeddable":true,"href":"http:\/\/www.straightforex.com\/es\/wp-json\/wp\/v2\/comments?post=797"}],"version-history":[{"count":1,"href":"http:\/\/www.straightforex.com\/es\/wp-json\/wp\/v2\/pages\/797\/revisions"}],"predecessor-version":[{"id":798,"href":"http:\/\/www.straightforex.com\/es\/wp-json\/wp\/v2\/pages\/797\/revisions\/798"}],"up":[{"embeddable":true,"href":"http:\/\/www.straightforex.com\/es\/wp-json\/wp\/v2\/pages\/790"}],"wp:attachment":[{"href":"http:\/\/www.straightforex.com\/es\/wp-json\/wp\/v2\/media?parent=797"}],"curies":[{"name":"wp","href":"https:\/\/api.w.org\/{rel}","templated":true}]}}