{"id":795,"date":"2016-08-02T22:31:59","date_gmt":"2016-08-02T22:31:59","guid":{"rendered":"http:\/\/www.straightforex.com\/es\/?page_id=795"},"modified":"2016-08-03T03:34:40","modified_gmt":"2016-08-03T03:34:40","slug":"tomador-de-riesgos","status":"publish","type":"page","link":"http:\/\/www.straightforex.com\/es\/curso-avanzado-de-forex\/psicologia-del-trading\/tomador-de-riesgos\/","title":{"rendered":"Tomador de riesgos"},"content":{"rendered":"<p>Este es uno de los temas m\u00e1s importantes cuando se trata de Psicolog\u00eda de la Operaci\u00f3n. Una vez que usted comprenda y acepte este hecho, comenzar\u00e1 a operar con facilidad y los factores psicol\u00f3gicos no obstruir\u00e1n m\u00e1s su proceso de toma de decisiones cuando una oportunidad en el mercado se est\u00e1  formando.<\/p>\n<p>Nuestra meta como operadores de mercados es lograr ganancias consistentes. No queremos ganar una operaci\u00f3n millonaria, ni hacer dinero a partir de eventos inciertos (como operar antes de anuncios fundamentales). Si queremos hacer de la operaci\u00f3n de mercados una profesi\u00f3n en vez de un hobby, nuestro objetivo debe ser lograr ganancias consistentemente.<\/p>\n<h5>\u00bfPor qu\u00e9 es que no queremos tener ganancias provenientes de eventos inciertos?<\/h5>\n<p>La respuesta es simple: porque no podemos obtener resultados consistentes a partir de ellos. Estos son m\u00e1s como recompensas aleatorias. \u00bfPorqu\u00e9 quisiera alguien tener resultados aleatorios? Porque de esta manera pudiera culpar a algo o alguien mas cuando el mercado no se comporta como espera. Por otro lado, podr\u00eda llevarse todo el cr\u00e9dito cuando la operaci\u00f3n fuera exitosa. Este es tambi\u00e9n el caso de los operadores que realizan transacciones no planeadas.<\/p>\n<p>Las operaciones tomadas sin planearlo o con base en eventos inesperados (como los anuncios de indicadores econ\u00f3micos) no pueden ser replicados, y por tanto, no puede construirse un sistema con base en ellos. Cuando se opera el mercado como una profesi\u00f3n, este tipo de riesgos no pueden tomarse, y hay que tener en cuenta que un solo error puede dejar su cuenta en ceros.<\/p>\n<p>La mayor\u00eda de los errores cometidos son generados por miedo o codicia (casi el 100%) Si usted tiene miedo al operar, seguramente cometer\u00e1 errores costosos. Pero, \u00bfc\u00f3mo podemos operar con la mente libre de miedos?, aprendiendo a aceptar el riesgo.<\/p>\n<h5>\u00bfHa usted realmente aceptado el hecho de que es un tomador de riesgos?<\/h5>\n<p>Aceptar este hecho implica que usted ha aceptado las consecuencias de sus operaciones sin incomodidad emocional o miedo. Significa que no tiene miedo de perder o dejar de ganar en una operaci\u00f3n. <\/p>\n<p>Significa tambi\u00e9n que su mente no se ve afectada por experiencias pasadas: ni las \u00faltimas 3, 10 20 \u00f3 50 operaciones pueden afectarlo. A\u00fan cuando haya perdido las \u00faltimas 10 transacciones, no dejar\u00e1 que esto lo haga perder confianza ni en usted ni en su sistema. Si sus \u00faltimas 10 operaciones resultaron positivas, no exagerar\u00e1 en su confianza. Tampoco percibir\u00e1 la informaci\u00f3n del mercado como amenazadora pues no tendr\u00e1 nada que temer.<\/p>\n<h5>\u00bfC\u00f3mo es que realmente podemos llegar a aceptar que somos tomadores de riesgos?<\/h5>\n<p>Cuando creamos nuestro sistema, evaluamos diferentes escenarios, consider\u00f3 diferentes indicadores, trat\u00f3 con diferentes conceptos y finalmente, decidi\u00f3 elegir algunos factores que incrementaban la probabilidad de ganancias de su sistema.<\/p>\n<p>Despu\u00e9s de un tiempo de operar con su sistema, usted se dar\u00e1 cuenta de que el resultado que obtiene es positivo una cierta cantidad de veces de cada 100 operaciones. Y considere en mente que no existe un sistema perfecto, ninguno que acierte el 100% de las veces. Y la verdad es que para hacer dinero en la operaci\u00f3n de mercados no necesitamos un sistema que tenga un retorno positivo el 100% de las veces. <\/p>\n<p>Si tenemos un sistema que acierte alrededor del 50% y una raz\u00f3n premio-riesgo por encima de 2 a 1, entonces tenemos un sistema ganador. El punto es que no necesitamos preocuparnos por las operaciones negativas porque sabemos que a largo plazo las probabilidades estar\u00e1n de nuestro lado y tendremos ganancias. Lo \u00fanico que necesitamos hacer es tomar cada una de las se\u00f1ales proporcionadas por su sistema. Y eso es todo: confiar en nuestro sistema nos proporciona la mentalidad apropiada al permitirnos aceptar el riesgo de cada operaci\u00f3n que hacemos, de manera que nuestro sistema puede hacer su trabajo.<\/p>\n<p><strong>Para lograr ganancias, tenemos que tomar riesgos.<\/strong> El riesgo que tomamos como operadores es la posibilidad de perder la transacci\u00f3n a la que entramos. Si no tomamos este riesgo, no podremos tomar ganancias del mercado.<\/p>\n<p>Si confiamos en nuestro sistema, no tendremos que preocuparnos del resultado de cada una de las operaciones que hacemos. Veremos los resultados que el sistema esta logrando.<\/p>\n<p>Si usted le dedica tiempo al desarrollo de su sistema y su plan de operaci\u00f3n, y los sigue con disciplina, su sistema har\u00e1 dinero por usted, conf\u00ede en \u00e9l.<\/p>\n<p>Si confiamos en nuestro sistema y tomamos el riesgo, entonces no hay nada que temer. Si no tenemos nada que temer, podemos entrar a cada operaci\u00f3n con facilidad y tomar cada oportunidad que nos brinde el mercado para tomar ganancias.<\/p>\n<h3>Disposici\u00f3n a tomar riesgos<\/h3>\n<p>Una buena parte de su \u00e9xito depender\u00e1 de su disposici\u00f3n para tomar riesgos calculados. Mientras m\u00e1s c\u00f3modo se sienta tomando estos riesgos, mejores resultados tendr\u00e1 en su carrera como operador. Y lo mismo aplica para otros aspectos de la vida.<\/p>\n<p>No me mal interprete, no estoy refiri\u00e9ndome a riesgos sin sentido (como entrar a una operaci\u00f3n cuando su sistema no lo marca pero usted tiene el presentimiento de que tendr\u00e1 un resultado positivo), la idea es tomar s\u00f3lo riesgos calculados.<\/p>\n<p>Quiz\u00e1s est\u00e9 pregunt\u00e1ndose a qu\u00e9 me refiero con \u201criesgos calculados\u201d:<\/p>\n<p><i class=\"uk-theme-icon-check uk-margin-small-top\"><\/i>   Necesitamos saber las probabilidades de \u00e9xito (exactitud del sistema)<br \/>\n<i class=\"uk-theme-icon-check uk-margin-small-top\"><\/i>   Estamos conscientes del posible costo y beneficio de tomar un riesgo en particular (raz\u00f3n premio-riesgo). Esto es, \u00bfcu\u00e1nto vamos a arriesgar?, y \u00bfcu\u00e1nto podemos ganar con esta operaci\u00f3n?<br \/>\n<i class=\"uk-theme-icon-check uk-margin-small-top\"><\/i>   Necesitamos revisar nuestra estrategia, es decir que debemos planear la operaci\u00f3n. Esto es, debemos saber exactamente que es lo que tenemos que hacer antes de entrar a la operaci\u00f3n.<\/p>\n<p>Todo esto se reduce a lo siguiente: Desarrolle tanto un sistema como un plan de operaci\u00f3n bien pensados, y s\u00edgalos rigurosamente. Esta es la \u00fanica manera de tomar riesgos calculados cuando se trata de la operaci\u00f3n de mercados.<\/p>\n<p>Por \u00faltimo, un pensamiento: \u201cRecuerde que los ganadores son precavidos, pero no temen perder. Las operaciones que no resultan como nosotros esperamos son solo parte del juego\u201d<\/p>\n","protected":false},"excerpt":{"rendered":"<p>Este es uno de los temas m\u00e1s importantes cuando se trata de Psicolog\u00eda de la Operaci\u00f3n. Una vez que usted comprenda y acepte este hecho, comenzar\u00e1 a operar con facilidad y los factores psicol\u00f3gicos no obstruir\u00e1n m\u00e1s su proceso de toma de decisiones cuando una oportunidad en el mercado se est\u00e1 formando. Nuestra meta como [&hellip;]<\/p>\n","protected":false},"author":1,"featured_media":0,"parent":790,"menu_order":2,"comment_status":"open","ping_status":"closed","template":"","meta":{"footnotes":""},"class_list":["post-795","page","type-page","status-publish","hentry"],"_links":{"self":[{"href":"http:\/\/www.straightforex.com\/es\/wp-json\/wp\/v2\/pages\/795","targetHints":{"allow":["GET"]}}],"collection":[{"href":"http:\/\/www.straightforex.com\/es\/wp-json\/wp\/v2\/pages"}],"about":[{"href":"http:\/\/www.straightforex.com\/es\/wp-json\/wp\/v2\/types\/page"}],"author":[{"embeddable":true,"href":"http:\/\/www.straightforex.com\/es\/wp-json\/wp\/v2\/users\/1"}],"replies":[{"embeddable":true,"href":"http:\/\/www.straightforex.com\/es\/wp-json\/wp\/v2\/comments?post=795"}],"version-history":[{"count":2,"href":"http:\/\/www.straightforex.com\/es\/wp-json\/wp\/v2\/pages\/795\/revisions"}],"predecessor-version":[{"id":973,"href":"http:\/\/www.straightforex.com\/es\/wp-json\/wp\/v2\/pages\/795\/revisions\/973"}],"up":[{"embeddable":true,"href":"http:\/\/www.straightforex.com\/es\/wp-json\/wp\/v2\/pages\/790"}],"wp:attachment":[{"href":"http:\/\/www.straightforex.com\/es\/wp-json\/wp\/v2\/media?parent=795"}],"curies":[{"name":"wp","href":"https:\/\/api.w.org\/{rel}","templated":true}]}}