{"id":790,"date":"2016-08-02T22:23:01","date_gmt":"2016-08-02T22:23:01","guid":{"rendered":"http:\/\/www.straightforex.com\/es\/?page_id=790"},"modified":"2016-08-03T03:33:54","modified_gmt":"2016-08-03T03:33:54","slug":"psicologia-del-trading","status":"publish","type":"page","link":"http:\/\/www.straightforex.com\/es\/curso-avanzado-de-forex\/psicologia-del-trading\/","title":{"rendered":"Psicolog\u00eda del Trading"},"content":{"rendered":"<p>Cuando se trata de la operaci\u00f3n de mercados, uno de los t\u00f3picos m\u00e1s subestimados es la psicolog\u00eda de la operaci\u00f3n. La mayor\u00eda de los operadores pasan meses y a\u00f1os tratando de encontrar el sistema perfecto, pero olvidan que el sistema es solo parte del juego.<\/p>\n<p>Para operar los mercados de manera exitosa se requiere poner atenci\u00f3n especial a tres temas:<\/p>\n<p><i class=\"uk-theme-icon-check uk-margin-small-top\"><\/i>   Tener un sistema que se adecue perfectamente al operador<br \/>\n<i class=\"uk-theme-icon-check uk-margin-small-top\"><\/i>   Usar una estrategia de Administraci\u00f3n del Capital<br \/>\n<i class=\"uk-theme-icon-check uk-margin-small-top\"><\/i>   Comprender y aprender a manejar las barreras psicol\u00f3gicas que afectan la operaci\u00f3n exitosa del mercado.<\/p>\n<p>Enfocarse a s\u00f3lo uno o dos de estos aspectos es como si tratara de sentarse en una silla con una pata rota: usted seguramente se caer\u00e1.<\/p>\n<p>Todos ellos son igualmente importantes, y todos ellos deben ser considerados.<\/p>\n<p>Hemos hablado con anterioridad de Administraci\u00f3n del Capital, ahora es el turno de tocar el tema de la Psicolog\u00eda de la Operaci\u00f3n. <\/p>\n<p>Lo temas a tratar en esta lecci\u00f3n son:<\/p>\n<h3><a href=\"http:\/\/www.straightforex.com\/es\/curso-avanzado-de-forex\/psicologia-del-trading\/estar-equivocados\/\">Secci\u00f3n 2: Estar equivocado<\/a><\/h3>\n<p> Le damos un nuevo enfoque a los errores que cometemos en el trading.<\/p>\n<h3><a href=\"http:\/\/www.straightforex.com\/es\/curso-avanzado-de-forex\/psicologia-del-trading\/tomador-de-riesgos\/\">Secci\u00f3n 3: Tomador de riesgos<\/a><\/h3>\n<p> Como traders, somos tomadores de riesgos, es algo que se tiene que aceptar para lograr el \u00e9xito. <\/p>\n<h3><a href=\"http:\/\/www.straightforex.com\/es\/curso-avanzado-de-forex\/psicologia-del-trading\/enfrentando-la-incertidumbre-del-mercado\/\">Secci\u00f3n 4: La incertidumbre del Mercado<\/a><\/h3>\n<p> No podemos cambiar la naturaleza del mercado, solo necesitamos adaptarnos.<\/p>\n<h3><a href=\"http:\/\/www.straightforex.com\/es\/curso-avanzado-de-forex\/psicologia-del-trading\/disciplina\/\">Secci\u00f3n 5: Disciplina<\/a><\/h3>\n<p> La \u00fanica manera de llegar a resultados consistentes. <\/p>\n<h3><a href=\"http:\/\/www.straightforex.com\/es\/curso-avanzado-de-forex\/psicologia-del-trading\/compromiso-paciencia-y-responsabilidad\/\">Secci\u00f3n 6: Compromiso, paciencia y responsabilidad<\/a><\/h3>\n<p> Aspectos que necesitas saber.<\/p>\n<h3><a href=\"http:\/\/www.straightforex.com\/es\/curso-avanzado-de-forex\/psicologia-del-trading\/plan-de-negocios\/\">Secci\u00f3n 7: Plan de Negocios<\/a><\/h3>\n<p> Tu plan para lograr tus objetivos de trading.<\/p>\n<h3><a href=\"http:\/\/www.straightforex.com\/es\/curso-avanzado-de-forex\/psicologia-del-trading\/diario-de-operaciones\/\">Secci\u00f3n 8: Diario de Operaciones<\/a><\/h3>\n<p> C\u00f3mo monitorear tus resultados. <\/p>\n<h3><a href=\"http:\/\/www.straightforex.com\/es\/curso-avanzado-de-forex\/psicologia-del-trading\/resumen-psicologia-del-trading\/\">Secci\u00f3n 9: Resumen<\/a><\/h3>\n<p> Breve resumen de la lecci\u00f3n<\/p>\n","protected":false},"excerpt":{"rendered":"<p>Cuando se trata de la operaci\u00f3n de mercados, uno de los t\u00f3picos m\u00e1s subestimados es la psicolog\u00eda de la operaci\u00f3n. La mayor\u00eda de los operadores pasan meses y a\u00f1os tratando de encontrar el sistema perfecto, pero olvidan que el sistema es solo parte del juego. Para operar los mercados de manera exitosa se requiere poner [&hellip;]<\/p>\n","protected":false},"author":1,"featured_media":0,"parent":577,"menu_order":6,"comment_status":"open","ping_status":"closed","template":"","meta":{"footnotes":""},"class_list":["post-790","page","type-page","status-publish","hentry"],"_links":{"self":[{"href":"http:\/\/www.straightforex.com\/es\/wp-json\/wp\/v2\/pages\/790","targetHints":{"allow":["GET"]}}],"collection":[{"href":"http:\/\/www.straightforex.com\/es\/wp-json\/wp\/v2\/pages"}],"about":[{"href":"http:\/\/www.straightforex.com\/es\/wp-json\/wp\/v2\/types\/page"}],"author":[{"embeddable":true,"href":"http:\/\/www.straightforex.com\/es\/wp-json\/wp\/v2\/users\/1"}],"replies":[{"embeddable":true,"href":"http:\/\/www.straightforex.com\/es\/wp-json\/wp\/v2\/comments?post=790"}],"version-history":[{"count":3,"href":"http:\/\/www.straightforex.com\/es\/wp-json\/wp\/v2\/pages\/790\/revisions"}],"predecessor-version":[{"id":972,"href":"http:\/\/www.straightforex.com\/es\/wp-json\/wp\/v2\/pages\/790\/revisions\/972"}],"up":[{"embeddable":true,"href":"http:\/\/www.straightforex.com\/es\/wp-json\/wp\/v2\/pages\/577"}],"wp:attachment":[{"href":"http:\/\/www.straightforex.com\/es\/wp-json\/wp\/v2\/media?parent=790"}],"curies":[{"name":"wp","href":"https:\/\/api.w.org\/{rel}","templated":true}]}}