{"id":782,"date":"2016-08-02T21:59:53","date_gmt":"2016-08-02T21:59:53","guid":{"rendered":"http:\/\/www.straightforex.com\/es\/?page_id=782"},"modified":"2016-08-03T03:31:48","modified_gmt":"2016-08-03T03:31:48","slug":"resumen-gestion-de-la-operacion","status":"publish","type":"page","link":"http:\/\/www.straightforex.com\/es\/curso-avanzado-de-forex\/gestion-de-la-operacion\/resumen-gestion-de-la-operacion\/","title":{"rendered":"Resumen: Gesti\u00f3n de la Operaci\u00f3n"},"content":{"rendered":"<p>Ahora que has le\u00eddo la lecci\u00f3n, debes asegurarte que comprendes lo siguiente: <\/p>\n<p><i class=\"uk-theme-icon-check uk-margin-small-top\"><\/i>   En qu\u00e9 condiciones se debe promediar al alza<br \/>\n<i class=\"uk-theme-icon-check uk-margin-small-top\"><\/i>   Cu\u00e1les son las limitaciones de promediar a la baja<br \/>\n<i class=\"uk-theme-icon-check uk-margin-small-top\"><\/i>   Cuando es buena opci\u00f3n aplicar ganancias parciales<\/p>\n<p>Recuerda que una buena gesti\u00f3n de la operaci\u00f3n puede ayudarte a tornar una mala situaci\u00f3n en una buena, o una buena situaci\u00f3n en una con muy buenas ganancias. <\/p>\n","protected":false},"excerpt":{"rendered":"<p>Ahora que has le\u00eddo la lecci\u00f3n, debes asegurarte que comprendes lo siguiente: En qu\u00e9 condiciones se debe promediar al alza Cu\u00e1les son las limitaciones de promediar a la baja Cuando es buena opci\u00f3n aplicar ganancias parciales Recuerda que una buena gesti\u00f3n de la operaci\u00f3n puede ayudarte a tornar una mala situaci\u00f3n en una buena, o [&hellip;]<\/p>\n","protected":false},"author":1,"featured_media":0,"parent":770,"menu_order":5,"comment_status":"open","ping_status":"closed","template":"","meta":{"footnotes":""},"class_list":["post-782","page","type-page","status-publish","hentry"],"_links":{"self":[{"href":"http:\/\/www.straightforex.com\/es\/wp-json\/wp\/v2\/pages\/782","targetHints":{"allow":["GET"]}}],"collection":[{"href":"http:\/\/www.straightforex.com\/es\/wp-json\/wp\/v2\/pages"}],"about":[{"href":"http:\/\/www.straightforex.com\/es\/wp-json\/wp\/v2\/types\/page"}],"author":[{"embeddable":true,"href":"http:\/\/www.straightforex.com\/es\/wp-json\/wp\/v2\/users\/1"}],"replies":[{"embeddable":true,"href":"http:\/\/www.straightforex.com\/es\/wp-json\/wp\/v2\/comments?post=782"}],"version-history":[{"count":2,"href":"http:\/\/www.straightforex.com\/es\/wp-json\/wp\/v2\/pages\/782\/revisions"}],"predecessor-version":[{"id":971,"href":"http:\/\/www.straightforex.com\/es\/wp-json\/wp\/v2\/pages\/782\/revisions\/971"}],"up":[{"embeddable":true,"href":"http:\/\/www.straightforex.com\/es\/wp-json\/wp\/v2\/pages\/770"}],"wp:attachment":[{"href":"http:\/\/www.straightforex.com\/es\/wp-json\/wp\/v2\/media?parent=782"}],"curies":[{"name":"wp","href":"https:\/\/api.w.org\/{rel}","templated":true}]}}