{"id":780,"date":"2016-08-02T21:57:46","date_gmt":"2016-08-02T21:57:46","guid":{"rendered":"http:\/\/www.straightforex.com\/es\/?page_id=780"},"modified":"2016-08-03T00:06:06","modified_gmt":"2016-08-03T00:06:06","slug":"salidas-parciales","status":"publish","type":"page","link":"http:\/\/www.straightforex.com\/es\/curso-avanzado-de-forex\/gestion-de-la-operacion\/salidas-parciales\/","title":{"rendered":"Salidas parciales"},"content":{"rendered":"<p>Esta es una t\u00e9cnica muy com\u00fan aplicada por los operadores que consiste en tomar ganancias parciales cuando el mercado alcanza ciertos niveles, pips o dinero.<\/p>\n<p>Por ejemplo, un operador compra 3 lotes de USD\/JPY a 115.20 (3 x 100,000 = $300,000). El operador fija sus niveles de stop loss en 114.90 e intenta tomar ganancias parciales en 115.30, 115.40 y finalmente 115.50.<\/p>\n<p>Si el mercado va se mueve en la direcci\u00f3n de nuestra operaci\u00f3n las ganancias ser\u00edan:<\/p>\n<p>1er lote \u2013 10 pips de 115.20 a 115.30<br \/>\n2do lote \u2013 20 pips de 115.20 a 115.40<br \/>\n3er lote \u2013 30 pips de 115.20 a 115.50<\/p>\n<p><strong>El total de pips a nuestro favor ser\u00edan 60 pips.<\/strong><\/p>\n<p>Por el otro lado, si el mercado se dirige en nuestra contra tendremos <strong>el siguiente resultado:<\/strong><\/p>\n<p>30 pips  (de 115.20 a 114.90) * 3 (lotes) = <strong>90 pips<\/strong><\/p>\n<p>En este ejemplo, cuando el mercado se dirige en la direcci\u00f3n de nuestra operaci\u00f3n hacemos un total de 60 pips, por el otro lado, cuando el mercado se dirige en contra de la direcci\u00f3n de nuestra operaci\u00f3n perdemos 90 pips. Esto resulta en una RPR de .667:1. Con esta RPR necesitar\u00edamos una efectividad del sistema alrededor del 65% para quedar tablas, y para tener algunas ganancias decentes necesitar\u00edamos una efectividad del 80%. <\/p>\n<p>Cuando nos salimos parcialmente de una posici\u00f3n necesitamos tomar en cuenta la RPR del resultado total. Veamos el siguiente ejemplo:<\/p>\n<p>Un operador compra 3 lotes en el EUR\/USD a 1.1959. Todos los niveles de stop loss son fijados en 1.1935 y planea tomar ganancias parciales en 1.1970, 1.1980 y finalmente 1.1990<\/p>\n<p>Si el mercado se mueve en la direcci\u00f3n de nuestra operaci\u00f3n las ganancias ser\u00edan las siguientes:<\/p>\n<p>1er lote \u2013 20 pips de 1.1950 a 1.1970<br \/>\n2do lote \u2013 30 pips de 1.1950 a 1.1980<br \/>\n3er lote \u2013 40 pips de 1.1950 a 1.1990<\/p>\n<p><strong>La suma total en pips ser\u00eda de 90 pips<\/strong><\/p>\n<p>Si el mercado se mueve en nuestra contra y nuestros niveles de Stop loss se activan perder\u00edamos:<\/p>\n<p>15 pips * 3 (lotes) = 45 pips<\/p>\n<p>Con estos par\u00e1metros tuvi\u00e9ramos una RPR de 2:1. Y como ya lo hemos discutido, con tal RPR solo necesitamos una efectividad del 38% para quedar tablas; con una efectividad del 50% tendr\u00edamos ganancias decentes.<\/p>\n<p>Necesitamos tener algo claro, cuando tomamos ganancias parciales de esta manera estamos actuando en contra de dos aspectos fundamentales: \u201cla tendencia es tu amiga\u201d y \u201cdeja a tus ganancias incrementarse y corta a tus perdidas\u201d.<\/p>\n<p>Cuando una operaci\u00f3n se mueve a nuestro favor significa que probablemente tomamos una buena decisi\u00f3n; probablemente agarramos una buena tendencia. Al tomar ganancias parciales estamos limitando nuestras ganancias en la operaci\u00f3n total.<\/p>\n<p>En el ejemplo anterior, nuestro operador pudo haber hecho 120 pips si todas las \u00f3rdenes de toma de ganancias estuvieran fijas en 40 pips. Esto nos dar\u00eda como resultado una RPR de 2.67:1 que definitivamente pusiera las probabilidades de nuestro lado.<\/p>\n<p>Otro factor importante por considerar es que mientras nuestra transacci\u00f3n se mueva a nuestro favor las probabilidades de que ganemos la transacci\u00f3n aumentan, por el otro lado, mientras mas se mueva la posici\u00f3n en nuestra contra m\u00e1s probabilidades existen de fallar en la transacci\u00f3n.<\/p>\n<p>\u00bfNo crees que ser\u00eda m\u00e1s l\u00f3gico tomar perdidas parciales en lugar de ganancias parciales? \u00bfDe tal manera que cuando perdamos una posici\u00f3n perdamos menos de lo que perder\u00edamos si tuvi\u00e9ramos fijo un \u00fanico nivel de SL?<\/p>\n<h3>Veamos el siguiente ejemplo:<\/h3>\n<p>Una operadora compra dos lotes est\u00e1ndar de AUD\/USD a .7420. Todas las \u00f3rdenes de toma de ganancias est\u00e1n fijas en .7480. El nivel del stop loss del primer lote lo fija en .7405 (15 pips) y el del segundo lote en .7390 (30 pips).<\/p>\n<p><strong>Si el mercado se mueve en direcci\u00f3n de nuestra operaci\u00f3n:<\/strong><\/p>\n<p>1er lote \u2013 60 pips de .7420 a .7480<br \/>\n2do lote \u2013 60 pips de .7420 a .7480<\/p>\n<p>El resultado total ser\u00eda 120 pips a favor de nuestra operadora.<\/p>\n<p><strong>Si el mercado se mueve en contra de la direcci\u00f3n de nuestra operaci\u00f3n.<\/strong><\/p>\n<p>1er lote \u2013 15 pips de .7420 a .7405<br \/>\n2do lote \u2013 30 pips de .7420 a .7390<\/p>\n<p>El resultado total ser\u00eda una perdida de 45 pips.<\/p>\n<p>Esto nos dar\u00eda como resultado una RPR de 2.76:1 de nuevo.<\/p>\n<p><strong>La idea principal en esta secci\u00f3n es esta:<\/strong> cuando ganamos una operaci\u00f3n lo que queremos es estar bien pesados en la misma operaci\u00f3n y por el otro lado, cuando perdemos una operaci\u00f3n queremos estar muy ligeros en la misma operaci\u00f3n. Entonces, si cuando el mercado se mueve a nuestro favor hay mas probabilidades de \u00e9xito, entonces lo mejor ser\u00eda no tomar ganancias parciales, por el otro lado si cuando el mercado se mueve en nuestra contra hay menos probabilidades de \u00e9xito entonces lo mejor es tomar p\u00e9rdidas parciales. De esta manera estamos dejando que nuestras ganancias crezcan y al mismo tiempo cortando nuestras perdidas.<\/p>\n","protected":false},"excerpt":{"rendered":"<p>Esta es una t\u00e9cnica muy com\u00fan aplicada por los operadores que consiste en tomar ganancias parciales cuando el mercado alcanza ciertos niveles, pips o dinero. Por ejemplo, un operador compra 3 lotes de USD\/JPY a 115.20 (3 x 100,000 = $300,000). El operador fija sus niveles de stop loss en 114.90 e intenta tomar ganancias [&hellip;]<\/p>\n","protected":false},"author":1,"featured_media":0,"parent":770,"menu_order":4,"comment_status":"open","ping_status":"closed","template":"","meta":{"footnotes":""},"class_list":["post-780","page","type-page","status-publish","hentry"],"_links":{"self":[{"href":"http:\/\/www.straightforex.com\/es\/wp-json\/wp\/v2\/pages\/780","targetHints":{"allow":["GET"]}}],"collection":[{"href":"http:\/\/www.straightforex.com\/es\/wp-json\/wp\/v2\/pages"}],"about":[{"href":"http:\/\/www.straightforex.com\/es\/wp-json\/wp\/v2\/types\/page"}],"author":[{"embeddable":true,"href":"http:\/\/www.straightforex.com\/es\/wp-json\/wp\/v2\/users\/1"}],"replies":[{"embeddable":true,"href":"http:\/\/www.straightforex.com\/es\/wp-json\/wp\/v2\/comments?post=780"}],"version-history":[{"count":1,"href":"http:\/\/www.straightforex.com\/es\/wp-json\/wp\/v2\/pages\/780\/revisions"}],"predecessor-version":[{"id":781,"href":"http:\/\/www.straightforex.com\/es\/wp-json\/wp\/v2\/pages\/780\/revisions\/781"}],"up":[{"embeddable":true,"href":"http:\/\/www.straightforex.com\/es\/wp-json\/wp\/v2\/pages\/770"}],"wp:attachment":[{"href":"http:\/\/www.straightforex.com\/es\/wp-json\/wp\/v2\/media?parent=780"}],"curies":[{"name":"wp","href":"https:\/\/api.w.org\/{rel}","templated":true}]}}