{"id":778,"date":"2016-08-02T21:54:14","date_gmt":"2016-08-02T21:54:14","guid":{"rendered":"http:\/\/www.straightforex.com\/es\/?page_id=778"},"modified":"2016-08-03T03:31:11","modified_gmt":"2016-08-03T03:31:11","slug":"promediar-al-alza","status":"publish","type":"page","link":"http:\/\/www.straightforex.com\/es\/curso-avanzado-de-forex\/gestion-de-la-operacion\/promediar-al-alza\/","title":{"rendered":"Promediar al alza"},"content":{"rendered":"<p>Esta t\u00e9cnica es exactamente lo contrario de promediar a la baja. Mientras el mercado se mueve a nuestro favor seguimos a\u00f1adiendo posiciones. Esta t\u00e9cnica es muy poco usada por operadores, pero es una t\u00e9cnica que nos puede llevar al \u00e9xito a largo plazo.<\/p>\n<p>Digo que esta t\u00e9cnica es muy poco usada porque act\u00faa contra la raz\u00f3n humana de \u201casegurar ganancias\u201d. Esta tendencia natural del ser humano nos aleja de nuestro prop\u00f3sito principal de hacer m\u00e1s grandes nuestras operaciones ganadoras.<\/p>\n<p>Necesitamos poner algo en claro, una vez que entramos en una transacci\u00f3n y la posici\u00f3n se mueve en nuestro favor, \u00e9sta tiene mas probabilidades de \u00e9xito, si se mueve r\u00e1pidamente en nuestra contra entonces la posici\u00f3n tiene m\u00e1s probabilidad de fracasar. Entonces, si a\u00f1adimos posiciones a una posici\u00f3n que esta yendo en nuestra contra tenemos m\u00e1s probabilidad de perder m\u00e1s; y por el otro lado, si a\u00f1adimos a una posici\u00f3n que esta ganando tenemos m\u00e1s probabilidad de ganar m\u00e1s.<\/p>\n<p><strong>No me mal interpreten, las probabilidades son \u00fanicamente probabilidades y nunca se refiere a certidumbre.<\/strong> Si una transacci\u00f3n esta ganando no quiere decir que va a terminar como posici\u00f3n ganadora. Lo que queremos decir es que la mayor\u00eda de las veces, cuando una posici\u00f3n empieza ganado termina ganando y que una posici\u00f3n que empieza perdiendo termina perdiendo. <\/p>\n<h3>Promediando a la alza funciona de la siguiente manera:<\/h3>\n<p>Una operadora decide comprar USD\/CHF a 1.2800. Cuando el mercado alcanza 1.2820 ella decide a\u00f1adir otra posici\u00f3n. En este momento la entrada de nuestra operadora promedia 1.2810 (m\u00e1s cerca de la acci\u00f3n del precio pero con una posici\u00f3n m\u00e1s grande). El mercado sigue subiendo y cuando alcanza 1.2845 decide a\u00f1adir una nueva posici\u00f3n. En este momento nuestra operadora promedia 1.2822 y tiene un tama\u00f1o de posici\u00f3n de $300,000. <\/p>\n<p>De la misma manera que al promediar a la baja, para promediar a la alza necesitamos tener un plan bien desarrollado, de otra manera podemos terminar con una posici\u00f3n muy grande dif\u00edcil de manejar.<\/p>\n<p>Es recomendado a\u00f1adir progresivamente posiciones mas peque\u00f1as para si el mercado se mueve en la direcci\u00f3n de nuestra operaci\u00f3n. <\/p>\n<h3>As\u00ed funciona el promediar al alza<\/h3>\n<p>Nuestro operador compra dos lotes de USD\/JPY. Mientras el mercado sigue yendo en la direcci\u00f3n de la operaci\u00f3n y rompe un nivel importante de soporte o resistencia el operador decide a\u00f1adir $120,000 a la posici\u00f3n. Si el mercado sigue yendo en su favor y rompe otro nivel importante entonces decide a\u00f1adir $80,000. Al hacer esto nuestro operador esta cercior\u00e1ndose de que el mercado tiene una tendencia antes de que entre la transacci\u00f3n en su totalidad.<\/p>\n<p>Si a\u00f1adimos posiciones a precio mas altos (en una compra) o mas bajos (en una venta) estamos incrementando\/disminuyendo respectivamente nuestra entrada promedio exponi\u00e9ndonos a una perdida de la posici\u00f3n incluso en fluctuaciones normales del mercado. Esto no suceder\u00eda si cada vez a\u00f1adimos posiciones m\u00e1s peque\u00f1as. <\/p>\n<p>Si a\u00f1adimos posiciones aleatoriamente definitivamente vamos a tener efectos desastrosos en el balance de nuestra cuenta, <strong>recuerda que debemos tener un plan bien definido.<\/strong><\/p>\n<p>Promediar a la alza no viola los principios b\u00e1sicos de \u201cla tendencia es tu amiga\u201d y \u201cmant\u00e9n tus ganancias grandes y corta las perdidas\u201d, de hecho las sigue de manera perfecta.<\/p>\n<p>Una excelente estrategia ser\u00eda promediar a la alza cuando el mercado se mueva en nuestro favor y tomar perdidas parciales cuando el mercado se mueva en nuestra contra. Si llegamos a desarrollar una estrategia as\u00ed, vamos a tener una carrera muy exitosa. <\/p>\n","protected":false},"excerpt":{"rendered":"<p>Esta t\u00e9cnica es exactamente lo contrario de promediar a la baja. Mientras el mercado se mueve a nuestro favor seguimos a\u00f1adiendo posiciones. Esta t\u00e9cnica es muy poco usada por operadores, pero es una t\u00e9cnica que nos puede llevar al \u00e9xito a largo plazo. Digo que esta t\u00e9cnica es muy poco usada porque act\u00faa contra la [&hellip;]<\/p>\n","protected":false},"author":1,"featured_media":0,"parent":770,"menu_order":3,"comment_status":"open","ping_status":"closed","template":"","meta":{"footnotes":""},"class_list":["post-778","page","type-page","status-publish","hentry"],"_links":{"self":[{"href":"http:\/\/www.straightforex.com\/es\/wp-json\/wp\/v2\/pages\/778","targetHints":{"allow":["GET"]}}],"collection":[{"href":"http:\/\/www.straightforex.com\/es\/wp-json\/wp\/v2\/pages"}],"about":[{"href":"http:\/\/www.straightforex.com\/es\/wp-json\/wp\/v2\/types\/page"}],"author":[{"embeddable":true,"href":"http:\/\/www.straightforex.com\/es\/wp-json\/wp\/v2\/users\/1"}],"replies":[{"embeddable":true,"href":"http:\/\/www.straightforex.com\/es\/wp-json\/wp\/v2\/comments?post=778"}],"version-history":[{"count":2,"href":"http:\/\/www.straightforex.com\/es\/wp-json\/wp\/v2\/pages\/778\/revisions"}],"predecessor-version":[{"id":970,"href":"http:\/\/www.straightforex.com\/es\/wp-json\/wp\/v2\/pages\/778\/revisions\/970"}],"up":[{"embeddable":true,"href":"http:\/\/www.straightforex.com\/es\/wp-json\/wp\/v2\/pages\/770"}],"wp:attachment":[{"href":"http:\/\/www.straightforex.com\/es\/wp-json\/wp\/v2\/media?parent=778"}],"curies":[{"name":"wp","href":"https:\/\/api.w.org\/{rel}","templated":true}]}}