{"id":775,"date":"2016-08-02T21:51:15","date_gmt":"2016-08-02T21:51:15","guid":{"rendered":"http:\/\/www.straightforex.com\/es\/?page_id=775"},"modified":"2016-08-03T00:06:06","modified_gmt":"2016-08-03T00:06:06","slug":"promediando-a-la-baja","status":"publish","type":"page","link":"http:\/\/www.straightforex.com\/es\/curso-avanzado-de-forex\/gestion-de-la-operacion\/promediando-a-la-baja\/","title":{"rendered":"Promediando a la baja"},"content":{"rendered":"<p>Esta es una t\u00e9cnica muy riesgosa y solamente debe ser aplicada en base a un buen plan o sistema.<\/p>\n<p>Promediando a la baja fue una t\u00e9cnica inicialmente aplicada por operadores de acciones que se enfocaban en los fundamentales de cada acci\u00f3n, no por el precio de la acci\u00f3n. <\/p>\n<p>Cuando un operador de acciones fundamental hacia su trabajo y tarea al estudiar una compa\u00f1\u00eda y su industria, mientras compraba la acci\u00f3n y esta ca\u00eda, segu\u00eda a\u00f1adiendo posiciones de compra pues no hab\u00eda una raz\u00f3n \u201cracional\u201d para que la acci\u00f3n bajase de precio. Ellos sab\u00edan que los factores fundamentales toman mas tiempo para ser reflejados en el comportamiento del precio, y como todos lo sabemos, los fundamentalistas no tienen una t\u00e9cnica para elegir el punto de entrada.<\/p>\n<p>Est\u00e1 t\u00e9cnica la vemos muy bien detallada por Edwin Lefevre en su libro &#8220;Reminiscences of a Stock Operator&#8221;, una lectura muy recomendable. <\/p>\n<p>Lo mismo se aplica para el mercado Forex. Cuando una divisa tiene altas tasas de inter\u00e9s, la econom\u00eda esta generando empleo, el mercado de construcci\u00f3n va a la alza, etc. entonces no hay raz\u00f3n por la que una divisa pudiera bajar de precio. Si la divisa baja, entonces el operador puede pensar que el precio es aun mejor que la primera entrada que dio, y as\u00ed sucesivamente.<\/p>\n<h3>La mec\u00e1nica de esta t\u00e9cnica es como la siguiente:<\/h3>\n<p>Un operador decide comprar EUR\/USD a 1.2000, pero el precio de la divisa sigue bajando y cuando llega a 1.2970 el operador a\u00f1ade un nuevo lote. En este momento la entrada de nuestro operador se promedia a 1.1985 [(1.2000 + 1.1970) \/ 2 = 1.1985]. Entonces, en 1.1970 la divisa solo necesita recuperarse 15 pips para que nuestro operador quede tablas (si no hubiera promediado a la baja, necesitar\u00eda 30 pips para quedar tablas). El euro sigue bajando y cuando llega a 1.1940 nuestro operador a\u00f1ade una nueva posici\u00f3n. Ahora el precio promedio es 1.1970 [(1.2000 + 1.1970 + 1.1940) \/ 3 = 1.1970]. Ahora, el euro solo necesita ir 30 pips hacia arriba para quedar tablas (si no hubiera promediado necesitar\u00eda 60 pips para quedar tablas o 45 pips si solamente hubiera promediado una vez).<\/p>\n<p>A primera instancia parece ser una buena idea, pero \u00bfqu\u00e9 pasar\u00eda si el euro siguiera su camino para abajo? Probablemente nuestro operador se quede con una idea de seguir promediando su nivel de entrada al mercado. <\/p>\n<p>Pero lo m\u00e1s importante es que no solamente \u201cmovemos\u201d nuestro nivel de entrada mas cerca de la acci\u00f3n del precio (que es en lo que usualmente nos enfocamos) pero cada vez que a\u00f1adimos una posici\u00f3n doblamos nuestra posici\u00f3n \u201cperdedora\u201d (esto es lo que no queremos ver). En el ejemplo de arriba, nuestro operador termina con un tama\u00f1o de posici\u00f3n de $300,000 en lugar de una operaci\u00f3n perdedora de $100,000 por esto es que necesitamos tener mucho cuidado cuando usamos esta metodolog\u00eda.<\/p>\n<p>Debemos de evitar a toda costa usar esta t\u00e9cnica solo porque queremos mejorar nuestro nivel de entrada. Si decidimos usar esta t\u00e9cnica tiene que ser parte de un plan bien desarrollado, en otras palabras, debe ser parte de nuestro sistema. Un escenario como este ser\u00eda de la siguiente manera:<\/p>\n<h3>Este escenario se ve as\u00ed:<\/h3>\n<p>El sistema de nuestro operador se\u00f1ala una operaci\u00f3n a la venta. Sin embargo, existe una importante resistencia algunos pips por encima del mercado as\u00ed que existe una posibilidad de que el mercado suba un poco m\u00e1s para probar el nivel de resistencia. Nuestro operador abre la operaci\u00f3n de venta y decide que si el mercado se dirige hacia la resistencia va a abrir una nueva posici\u00f3n de venta en ese nivel, pero si el mercado rompe el nivel de resistencia, el operador va a cerrar las dos posiciones de venta.<\/p>\n<p>En est\u00e1 circunstancias promediar a la baja es aceptable, porque es parte de un plan bien definido. De cualquier manera, debemos de tener cuidado porque el mercado a empezado a hacernos ver que probablemente erramos nuestra posici\u00f3n y tal vez no sea buena idea hacer mas grande nuestra posici\u00f3n. <\/p>\n<p>Si solo quieres promediar a la baja porque el mercado se ha movido en tu contra y quieres mejorar tu nivel de entrada, solamente estas haciendo mucho mas grande una posici\u00f3n que tiene mas probabilidad de fallar que de tener \u00e9xito.<\/p>\n<p><strong>NOTA:<\/strong> No olvides tomar en cuenta la RPR de la operaci\u00f3n total. <\/p>\n","protected":false},"excerpt":{"rendered":"<p>Esta es una t\u00e9cnica muy riesgosa y solamente debe ser aplicada en base a un buen plan o sistema. Promediando a la baja fue una t\u00e9cnica inicialmente aplicada por operadores de acciones que se enfocaban en los fundamentales de cada acci\u00f3n, no por el precio de la acci\u00f3n. Cuando un operador de acciones fundamental hacia [&hellip;]<\/p>\n","protected":false},"author":1,"featured_media":0,"parent":770,"menu_order":2,"comment_status":"open","ping_status":"closed","template":"","meta":{"footnotes":""},"class_list":["post-775","page","type-page","status-publish","hentry"],"_links":{"self":[{"href":"http:\/\/www.straightforex.com\/es\/wp-json\/wp\/v2\/pages\/775","targetHints":{"allow":["GET"]}}],"collection":[{"href":"http:\/\/www.straightforex.com\/es\/wp-json\/wp\/v2\/pages"}],"about":[{"href":"http:\/\/www.straightforex.com\/es\/wp-json\/wp\/v2\/types\/page"}],"author":[{"embeddable":true,"href":"http:\/\/www.straightforex.com\/es\/wp-json\/wp\/v2\/users\/1"}],"replies":[{"embeddable":true,"href":"http:\/\/www.straightforex.com\/es\/wp-json\/wp\/v2\/comments?post=775"}],"version-history":[{"count":2,"href":"http:\/\/www.straightforex.com\/es\/wp-json\/wp\/v2\/pages\/775\/revisions"}],"predecessor-version":[{"id":777,"href":"http:\/\/www.straightforex.com\/es\/wp-json\/wp\/v2\/pages\/775\/revisions\/777"}],"up":[{"embeddable":true,"href":"http:\/\/www.straightforex.com\/es\/wp-json\/wp\/v2\/pages\/770"}],"wp:attachment":[{"href":"http:\/\/www.straightforex.com\/es\/wp-json\/wp\/v2\/media?parent=775"}],"curies":[{"name":"wp","href":"https:\/\/api.w.org\/{rel}","templated":true}]}}