{"id":772,"date":"2016-08-02T21:47:46","date_gmt":"2016-08-02T21:47:46","guid":{"rendered":"http:\/\/www.straightforex.com\/es\/?page_id=772"},"modified":"2016-08-03T00:06:05","modified_gmt":"2016-08-03T00:06:05","slug":"promediando","status":"publish","type":"page","link":"http:\/\/www.straightforex.com\/es\/curso-avanzado-de-forex\/gestion-de-la-operacion\/promediando\/","title":{"rendered":"Promediando"},"content":{"rendered":"<p>Mientras se desarrolla nuestra operaci\u00f3n, el o la operadora sigue a\u00f1adiendo posiciones hasta cierto nivel predeterminado.<\/p>\n<p><img loading=\"lazy\" decoding=\"async\" src=\"http:\/\/www.straightforex.com\/es\/wp-content\/uploads\/07-2.jpg\" alt=\"07\" width=\"587\" height=\"542\" class=\"alignnone size-full wp-image-773\" \/><\/p>\n<p>[Tabla 1]<\/p>\n<p>Operar con multiples lotes es una t\u00e9cnica muy com\u00fan. Desafortunadamente, la mayor\u00eda de los traders se olvidan de aplicar un principio b\u00e1sico del trading: La tendencia es tu amiga. <\/p>\n<p>En la siguientes secciones analizaremos la manera correcta de aplicar estas t\u00e9cnicas. <\/p>\n","protected":false},"excerpt":{"rendered":"<p>Mientras se desarrolla nuestra operaci\u00f3n, el o la operadora sigue a\u00f1adiendo posiciones hasta cierto nivel predeterminado. [Tabla 1] Operar con multiples lotes es una t\u00e9cnica muy com\u00fan. Desafortunadamente, la mayor\u00eda de los traders se olvidan de aplicar un principio b\u00e1sico del trading: La tendencia es tu amiga. En la siguientes secciones analizaremos la manera correcta [&hellip;]<\/p>\n","protected":false},"author":1,"featured_media":0,"parent":770,"menu_order":1,"comment_status":"open","ping_status":"closed","template":"","meta":{"footnotes":""},"class_list":["post-772","page","type-page","status-publish","hentry"],"_links":{"self":[{"href":"http:\/\/www.straightforex.com\/es\/wp-json\/wp\/v2\/pages\/772","targetHints":{"allow":["GET"]}}],"collection":[{"href":"http:\/\/www.straightforex.com\/es\/wp-json\/wp\/v2\/pages"}],"about":[{"href":"http:\/\/www.straightforex.com\/es\/wp-json\/wp\/v2\/types\/page"}],"author":[{"embeddable":true,"href":"http:\/\/www.straightforex.com\/es\/wp-json\/wp\/v2\/users\/1"}],"replies":[{"embeddable":true,"href":"http:\/\/www.straightforex.com\/es\/wp-json\/wp\/v2\/comments?post=772"}],"version-history":[{"count":1,"href":"http:\/\/www.straightforex.com\/es\/wp-json\/wp\/v2\/pages\/772\/revisions"}],"predecessor-version":[{"id":774,"href":"http:\/\/www.straightforex.com\/es\/wp-json\/wp\/v2\/pages\/772\/revisions\/774"}],"up":[{"embeddable":true,"href":"http:\/\/www.straightforex.com\/es\/wp-json\/wp\/v2\/pages\/770"}],"wp:attachment":[{"href":"http:\/\/www.straightforex.com\/es\/wp-json\/wp\/v2\/media?parent=772"}],"curies":[{"name":"wp","href":"https:\/\/api.w.org\/{rel}","templated":true}]}}