{"id":770,"date":"2016-08-02T21:45:33","date_gmt":"2016-08-02T21:45:33","guid":{"rendered":"http:\/\/www.straightforex.com\/es\/?page_id=770"},"modified":"2016-08-03T03:30:16","modified_gmt":"2016-08-03T03:30:16","slug":"gestion-de-la-operacion","status":"publish","type":"page","link":"http:\/\/www.straightforex.com\/es\/curso-avanzado-de-forex\/gestion-de-la-operacion\/","title":{"rendered":"Gesti\u00f3n de la Operaci\u00f3n"},"content":{"rendered":"<p>Bien, ahora que has determinado el tama\u00f1o de la operaci\u00f3n, donde fijar tu SL y TP, has entrado al mercado, es tiempo de implementar un plan para manejar la operaci\u00f3n.<\/p>\n<p>La gesti\u00f3n de la operaci\u00f3n se refiere a la manera en que vamos a manejar la operaci\u00f3n, una vez que ya la abrimos. <\/p>\n<p>Entre las t\u00e9cnicas m\u00e1s usadas de gesti\u00f3n de operaci\u00f3n tenemos: <\/p>\n<p><strong>Salidas Parciales<\/strong> &#8211; Cerrar parte de la operaci\u00f3n en ganancia o p\u00e9rdidas<br \/>\n<strong>Promediando a la baja<\/strong> &#8211; A\u00f1adir cuando el mercado se mueve en nuestra contra<br \/>\n<strong>Promediando al alza<\/strong> &#8211; A\u00f1adir operaciones cuando el mercado se mueve a nuestro favor<\/p>\n<p>Una buena gesti\u00f3n de la operaci\u00f3n puede transformar una muy mala situaci\u00f3n en algo bueno, o una buena situaci\u00f3n en algo demasiado bueno (mayores ganancias). Aprender a manejar adecuadamente tus operaciones va a poner las probabilidades de tu lado. <\/p>\n<p><strong>La gesti\u00f3n de la operaci\u00f3n tiene que ser parte de tu sistema<\/strong>. Necesitas saber antes de operar qu\u00e9 vas a hacer en cada operaci\u00f3n, qu\u00e9 decisiones te van a ayudar, y que acciones puedes tomar en distintas circunstancias. Todo esto debe ser bien pensado para asegurarnos que todas las decisiones las tomamos a nuestro favor. <\/p>\n<p>Algunas t\u00e9cnicas muy populares (como tomar ganancias parciales) pude tener efectos debastadores en tu cuenta, limitando el potencial de ganancia si no son aplicadas de la manera correcta. En esta lecci\u00f3n vamos a analizar las t\u00e9cnicas m\u00e1s populares. <\/p>\n<p>Esta lecci\u00f3n est\u00e1 estructurada de la siguiente manera: <\/p>\n<h3><a href=\"http:\/\/www.straightforex.com\/es\/curso-avanzado-de-forex\/gestion-de-la-operacion\/promediando\/\">Secci\u00f3n 2: Promediando<\/a><\/h3>\n<p> Esta fue una t\u00e9cnica desarrollada por operadores de acciones basados en fundamentales. <\/p>\n<h3><a href=\"http:\/\/www.straightforex.com\/es\/curso-avanzado-de-forex\/gestion-de-la-operacion\/promediando-a-la-baja\/\">Secci\u00f3n 3: Promediando a la baja<\/a><\/h3>\n<p> A\u00f1adir operaciones cuando el mercado se mueve en nuestra contra.<\/p>\n<h3><a href=\"http:\/\/www.straightforex.com\/es\/curso-avanzado-de-forex\/gestion-de-la-operacion\/promediar-al-alza\/\">Secci\u00f3n 4: Promediando al alza<\/a><\/h3>\n<p> A\u00f1adir operaciones cuando el mercado se mueve a nuestro favor. <\/p>\n<h3><a href=\"http:\/\/www.straightforex.com\/es\/curso-avanzado-de-forex\/gestion-de-la-operacion\/salidas-parciales\/\">Secci\u00f3n 5: Salidas Parciales<\/a><\/h3>\n<p> Salir del mercado para asegurar ganancias, o cuando el mercado se mueve en nuestra contra. <\/p>\n<h3><a href=\"http:\/\/www.straightforex.com\/es\/curso-avanzado-de-forex\/gestion-de-la-operacion\/resumen-gestion-de-la-operacion\/\">Secci\u00f3n 6: Resumen: Gesti\u00f3n de la operaci\u00f3n<\/a><\/h3>\n<p> Breve resumen de la lecci\u00f3n. <\/p>\n","protected":false},"excerpt":{"rendered":"<p>Bien, ahora que has determinado el tama\u00f1o de la operaci\u00f3n, donde fijar tu SL y TP, has entrado al mercado, es tiempo de implementar un plan para manejar la operaci\u00f3n. La gesti\u00f3n de la operaci\u00f3n se refiere a la manera en que vamos a manejar la operaci\u00f3n, una vez que ya la abrimos. Entre las [&hellip;]<\/p>\n","protected":false},"author":1,"featured_media":0,"parent":577,"menu_order":5,"comment_status":"open","ping_status":"closed","template":"","meta":{"footnotes":""},"class_list":["post-770","page","type-page","status-publish","hentry"],"_links":{"self":[{"href":"http:\/\/www.straightforex.com\/es\/wp-json\/wp\/v2\/pages\/770","targetHints":{"allow":["GET"]}}],"collection":[{"href":"http:\/\/www.straightforex.com\/es\/wp-json\/wp\/v2\/pages"}],"about":[{"href":"http:\/\/www.straightforex.com\/es\/wp-json\/wp\/v2\/types\/page"}],"author":[{"embeddable":true,"href":"http:\/\/www.straightforex.com\/es\/wp-json\/wp\/v2\/users\/1"}],"replies":[{"embeddable":true,"href":"http:\/\/www.straightforex.com\/es\/wp-json\/wp\/v2\/comments?post=770"}],"version-history":[{"count":3,"href":"http:\/\/www.straightforex.com\/es\/wp-json\/wp\/v2\/pages\/770\/revisions"}],"predecessor-version":[{"id":969,"href":"http:\/\/www.straightforex.com\/es\/wp-json\/wp\/v2\/pages\/770\/revisions\/969"}],"up":[{"embeddable":true,"href":"http:\/\/www.straightforex.com\/es\/wp-json\/wp\/v2\/pages\/577"}],"wp:attachment":[{"href":"http:\/\/www.straightforex.com\/es\/wp-json\/wp\/v2\/media?parent=770"}],"curies":[{"name":"wp","href":"https:\/\/api.w.org\/{rel}","templated":true}]}}