{"id":759,"date":"2016-07-28T23:29:03","date_gmt":"2016-07-28T23:29:03","guid":{"rendered":"http:\/\/www.straightforex.com\/es\/?page_id=759"},"modified":"2016-08-03T03:28:42","modified_gmt":"2016-08-03T03:28:42","slug":"resumen-gestion-del-riesgo","status":"publish","type":"page","link":"http:\/\/www.straightforex.com\/es\/curso-avanzado-de-forex\/gestion-del-riesgo\/resumen-gestion-del-riesgo\/","title":{"rendered":"Resumen: Gesti\u00f3n del Riesgo"},"content":{"rendered":"<p>Ahora que ya le\u00edste el material, aseg\u00farate de entender lo siguiente: <\/p>\n<p><i class=\"uk-theme-icon-check uk-margin-small-top\"><\/i>   Que es la RPR y qu\u00e9 tanto afecta la efectividad del sistema?<\/p>\n<p><i class=\"uk-theme-icon-check uk-margin-small-top\"><\/i>   Qu\u00e9 metodolog\u00eda para fijar el SL se te acomoda mejor? Todas son diferentes y suelen acomodar distintos tipos de operadores. <\/p>\n<p><i class=\"uk-theme-icon-check uk-margin-small-top\"><\/i>   Dale un nuevo vistazo a los trailing stops, la metodolog\u00eda que nos permite estar mas tiempo en las operaciones. <\/p>\n<p>Buena suerte! <\/p>\n","protected":false},"excerpt":{"rendered":"<p>Ahora que ya le\u00edste el material, aseg\u00farate de entender lo siguiente: Que es la RPR y qu\u00e9 tanto afecta la efectividad del sistema? Qu\u00e9 metodolog\u00eda para fijar el SL se te acomoda mejor? Todas son diferentes y suelen acomodar distintos tipos de operadores. Dale un nuevo vistazo a los trailing stops, la metodolog\u00eda que nos [&hellip;]<\/p>\n","protected":false},"author":1,"featured_media":0,"parent":726,"menu_order":8,"comment_status":"open","ping_status":"closed","template":"","meta":{"footnotes":""},"class_list":["post-759","page","type-page","status-publish","hentry"],"_links":{"self":[{"href":"http:\/\/www.straightforex.com\/es\/wp-json\/wp\/v2\/pages\/759","targetHints":{"allow":["GET"]}}],"collection":[{"href":"http:\/\/www.straightforex.com\/es\/wp-json\/wp\/v2\/pages"}],"about":[{"href":"http:\/\/www.straightforex.com\/es\/wp-json\/wp\/v2\/types\/page"}],"author":[{"embeddable":true,"href":"http:\/\/www.straightforex.com\/es\/wp-json\/wp\/v2\/users\/1"}],"replies":[{"embeddable":true,"href":"http:\/\/www.straightforex.com\/es\/wp-json\/wp\/v2\/comments?post=759"}],"version-history":[{"count":2,"href":"http:\/\/www.straightforex.com\/es\/wp-json\/wp\/v2\/pages\/759\/revisions"}],"predecessor-version":[{"id":967,"href":"http:\/\/www.straightforex.com\/es\/wp-json\/wp\/v2\/pages\/759\/revisions\/967"}],"up":[{"embeddable":true,"href":"http:\/\/www.straightforex.com\/es\/wp-json\/wp\/v2\/pages\/726"}],"wp:attachment":[{"href":"http:\/\/www.straightforex.com\/es\/wp-json\/wp\/v2\/media?parent=759"}],"curies":[{"name":"wp","href":"https:\/\/api.w.org\/{rel}","templated":true}]}}