{"id":752,"date":"2016-07-28T23:26:02","date_gmt":"2016-07-28T23:26:02","guid":{"rendered":"http:\/\/www.straightforex.com\/es\/?page_id=752"},"modified":"2016-08-03T00:06:05","modified_gmt":"2016-08-03T00:06:05","slug":"trailing-stops","status":"publish","type":"page","link":"http:\/\/www.straightforex.com\/es\/curso-avanzado-de-forex\/gestion-del-riesgo\/trailing-stops\/","title":{"rendered":"Trailing Stops"},"content":{"rendered":"<p>Estoy seguro de que hay escuchado una frase muy famosa \u201cnunca dejes que una posici\u00f3n ganadora se convierta en una posici\u00f3n perdedora\u201d. Salir de una posici\u00f3n es mucho m\u00e1s importante que buscar el nivel de entrada, porque al final la salida determina si una operaci\u00f3n fue ganadora o perdedora.<\/p>\n<p>Los trailing stops mantienen el SL en un nivel predeterminado por debajo del mercado (o por encima en caso de operaciones de venta). Esta t\u00e9cnica funciona mejor con mercado en tendencia permiti\u00e9ndonos obtener la mayor parte del movimiento y cerrando la posici\u00f3n cuando la tendencia puede terminar.<\/p>\n<p>Existen muchas maneras para hacer trailing stops, entre las m\u00e1s efectivas tenemos a las siguientes:<\/p>\n<p>Trailing stops basados en niveles importantes<\/p>\n<p>Este enfoque puede ser el mas efectivo de todos. Toma en consideraci\u00f3n niveles importantes del mercado como m\u00e1ximos, m\u00ednimos, soportes, resistencias, etc.<\/p>\n<h3>Trailing stop (TS) basado en m\u00e1ximos\/m\u00ednimos<\/h3>\n<p><img loading=\"lazy\" decoding=\"async\" src=\"http:\/\/www.straightforex.com\/es\/wp-content\/uploads\/09esp.gif\" alt=\"09esp\" width=\"1024\" height=\"673\" class=\"alignnone size-full wp-image-753\" \/><\/p>\n<p>[Gr\u00e1fica 1]<\/p>\n<p>Como puedes ver en la gr\u00e1fica, cuando el mercado se mueve en tendencia los trailing stops nos permiten obtener la mayor parte del movimiento. Mientras el mercado segu\u00eda bajando el nivel de SL tambi\u00e9n los segu\u00edamos bajando (basados en los techos mas bajos anteriores) d\u00e1ndonos la oportunidad de asegurar algunas ganancias. Recuerda que es importante darle al mercado alg\u00fan espacio de tolerancia.<\/p>\n<p><img loading=\"lazy\" decoding=\"async\" src=\"http:\/\/www.straightforex.com\/es\/wp-content\/uploads\/10esp.gif\" alt=\"10esp\" width=\"1024\" height=\"673\" class=\"alignnone size-full wp-image-754\" \/><\/p>\n<p>[Gr\u00e1fica 2]<\/p>\n<p>Usar una l\u00ednea de tendencia para fijar nuestros niveles de SL es tambi\u00e9n una buena idea. Te va a mantener en la operaci\u00f3n mientras el mercado siga en tendencia, y te sacar\u00e1 de la posici\u00f3n cuando el mercado rompa la l\u00ednea de tendencia indicando que puede haber un cambio de tendencia o direcci\u00f3n.<\/p>\n<h3>Trailing stop (TS) basado en indicadores t\u00e9cnicos<\/h3>\n<p>Los indicadores mas comunes usados para hacer trailing stop son las bandas bollinger y los promedios m\u00f3viles.<\/p>\n<h5>TS basado en Promedios M\u00f3viles (MA)<\/h5>\n<p>Cuando usamos MA\u00b4s para hacer TS necesitamos ser cuidadosos en el periodo que enojemos. Un MA de periodo largo te va a mantener mas tiempo en la tendencia pero al mismo tiempo \u201cpierdes\u201d m\u00e1s ganancias cuando existe un cambio de tendencia.<\/p>\n<p><img loading=\"lazy\" decoding=\"async\" src=\"http:\/\/www.straightforex.com\/es\/wp-content\/uploads\/11esp.gif\" alt=\"11esp\" width=\"1024\" height=\"673\" class=\"alignnone size-full wp-image-755\" \/><\/p>\n<p>[Gr\u00e1fica 3]<\/p>\n<p>Un EMA(50) es usado para TL en la operaci\u00f3n. Como puedes ver la el MA te mantiene dentro de la operaci\u00f3n la mayor parte de la tendencia. El SL se activa cuando en una correcci\u00f3n (hacia arriba). Aunque el mercado sigue yendo para abajo, la correcci\u00f3n fue m\u00e1s grande de lo normal, y en ese punto existen altas probabilidades de que el mercado cambie de tendencia.<\/p>\n<p>Un MA mas corto puede sacarte de la operaci\u00f3n mas r\u00e1pido obteniendo mas ganancias cuando el mercado cambia de tendencia, pero puede tambi\u00e9n sacarte cuando existen correcciones peque\u00f1as y de esta manera dejamos de ganar en la operaci\u00f3n. <\/p>\n<p><img loading=\"lazy\" decoding=\"async\" src=\"http:\/\/www.straightforex.com\/es\/wp-content\/uploads\/12esp.gif\" alt=\"12esp\" width=\"1024\" height=\"673\" class=\"alignnone size-full wp-image-756\" \/><\/p>\n<p>[Gr\u00e1fica 4]<\/p>\n<p>En esta gr\u00e1fica con un EMA(30) nuestro TL se hubiera activa mas r\u00e1pido, de hecho si hubi\u00e9ramos vuelto a entrar, el mercado nos hubiera vuelto a sacar en otra correcci\u00f3n.<\/p>\n<h5>\u00bfQu\u00e9 EMA produce mejores resultados?<\/h5>\n<p>No existe una respuesta v\u00e1lida a esta pregunta. Tofo depende de nuestro perfil de riesgo y nuestro estilo de operaci\u00f3n. Te recomendamos utilizar ver varios escenarios con distintos EMA\u00b4s para que pues ver cual se adecua m\u00e1s a tu personalidad. <\/p>\n<h5>TS basado en Bandas Bollinger (BB)<\/h5>\n<p>Como ya lo vimos anteriormente, las BB es un indicador de volatilidad. La mec\u00e1nica de los TS basados en las BB funciona de la siguiente manera:<\/p>\n<p>En una operaci\u00f3n a la compra, usar la banda inferior para definir el nivel de SL<br \/>\nEn una operaci\u00f3n a la venta, usar la banda superior para definir el nivel de SL<\/p>\n<p>Hay una caracter\u00edstica importante muy interesante acerca de este indicador: el 85% del tiempo el precio opera dentro de las dos bandas. Una vez que rompe cualquiera de las bandas existe una alta probabilidad de que el movimiento continu\u00e9, y por supuesto si el rompimiento ocurre en nuestra contra lo mejor es cerrar la posici\u00f3n. <\/p>\n<p><img loading=\"lazy\" decoding=\"async\" src=\"http:\/\/www.straightforex.com\/es\/wp-content\/uploads\/13esp.gif\" alt=\"13esp\" width=\"1024\" height=\"673\" class=\"alignnone size-full wp-image-757\" \/><\/p>\n<p>[Gr\u00e1fica 5]<\/p>\n<p>Como puedes ver, conforma la volatilidad del mercado es mayor las bandas se expanden d\u00e1ndonos mas espacio para fijar nuestros niveles de SL.<\/p>\n<p>Recuerda que las BB como la mayor\u00eda de los indicadores son muy sensibles al n\u00famero de periodos escogidos. Intenta diferentes <\/p>\n","protected":false},"excerpt":{"rendered":"<p>Estoy seguro de que hay escuchado una frase muy famosa \u201cnunca dejes que una posici\u00f3n ganadora se convierta en una posici\u00f3n perdedora\u201d. Salir de una posici\u00f3n es mucho m\u00e1s importante que buscar el nivel de entrada, porque al final la salida determina si una operaci\u00f3n fue ganadora o perdedora. Los trailing stops mantienen el SL [&hellip;]<\/p>\n","protected":false},"author":1,"featured_media":0,"parent":726,"menu_order":7,"comment_status":"open","ping_status":"closed","template":"","meta":{"footnotes":""},"class_list":["post-752","page","type-page","status-publish","hentry"],"_links":{"self":[{"href":"http:\/\/www.straightforex.com\/es\/wp-json\/wp\/v2\/pages\/752","targetHints":{"allow":["GET"]}}],"collection":[{"href":"http:\/\/www.straightforex.com\/es\/wp-json\/wp\/v2\/pages"}],"about":[{"href":"http:\/\/www.straightforex.com\/es\/wp-json\/wp\/v2\/types\/page"}],"author":[{"embeddable":true,"href":"http:\/\/www.straightforex.com\/es\/wp-json\/wp\/v2\/users\/1"}],"replies":[{"embeddable":true,"href":"http:\/\/www.straightforex.com\/es\/wp-json\/wp\/v2\/comments?post=752"}],"version-history":[{"count":1,"href":"http:\/\/www.straightforex.com\/es\/wp-json\/wp\/v2\/pages\/752\/revisions"}],"predecessor-version":[{"id":758,"href":"http:\/\/www.straightforex.com\/es\/wp-json\/wp\/v2\/pages\/752\/revisions\/758"}],"up":[{"embeddable":true,"href":"http:\/\/www.straightforex.com\/es\/wp-json\/wp\/v2\/pages\/726"}],"wp:attachment":[{"href":"http:\/\/www.straightforex.com\/es\/wp-json\/wp\/v2\/media?parent=752"}],"curies":[{"name":"wp","href":"https:\/\/api.w.org\/{rel}","templated":true}]}}