{"id":748,"date":"2016-07-28T23:22:54","date_gmt":"2016-07-28T23:22:54","guid":{"rendered":"http:\/\/www.straightforex.com\/es\/?page_id=748"},"modified":"2016-08-03T03:27:22","modified_gmt":"2016-08-03T03:27:22","slug":"fijar-sl-en-base-a-indicadores-de-volatilidad","status":"publish","type":"page","link":"http:\/\/www.straightforex.com\/es\/curso-avanzado-de-forex\/gestion-del-riesgo\/fijar-sl-en-base-a-indicadores-de-volatilidad\/","title":{"rendered":"Fijar SL en base a indicadores de volatilidad"},"content":{"rendered":"<p>Fijar los niveles de SL basados en la volatilidad tiene una ventaja importante: mientras la volatilidad aumenta, el SL es fijado m\u00e1s lejos del precio de entrada, y mientras la volatilidad disminuye, el SL es fijado m\u00e1s cerca del precio de entrada. Esto suena l\u00f3gico porque cuando la volatilidad es mayor de lo normal, el mercado se puede mover en nuestra contra un poco mas de lo normal y la operaci\u00f3n puede seguir teniendo altas probabilidades de \u00e9xito. Tambi\u00e9n cuando la volatilidad es menor de lo normal, entonces no le necesitamos dar mucho espacio a nuestra posici\u00f3n para saber si va a funcionar o no.<\/p>\n<p><strong>El mejor indicador para este prop\u00f3sito es el ATR<\/strong><\/p>\n<p>El ATR (por sus siglas en ingl\u00e9s Average Trae Range) es un indicador que mide la volatilidad del mercado en determinado momento: mide la tendencia del mercado a hacer tener movimientos violentos o suaves.<\/p>\n<p>El ATR es definido por su creador Welles Wilder como el mayor de:<\/p>\n<p><i class=\"uk-theme-icon-check uk-margin-small-top\"><\/i>   La distancia del m\u00e1ximo del periodo anterior al m\u00ednimo del periodo actual<br \/>\n<i class=\"uk-theme-icon-check uk-margin-small-top\"><\/i>   La distancia del precio de cierre del pen\u00faltimo periodo y el m\u00e1ximo del \u00faltimo periodo<br \/>\n<i class=\"uk-theme-icon-check uk-margin-small-top\"><\/i>   La distancia del precio de cierre del pen\u00faltimo periodo y el m\u00ednimo del \u00faltimo periodo<\/p>\n<p>Aplicando el promedio del mayor de los tres puntos mencionados nos va a dar el ATR del n\u00famero de periodos escogido.<\/p>\n<p>Para fijar el SL basado en este indicador sigamos los siguientes pasos: determinar la lectura del indicador y multiplicarlo por una constante. Nosotros recomendamos usar la constante \u201c2\u201d o \u201c3\u201d. Por ejemplo, si la lectura del ATR es .0012 (12 pips) entonces el nivel de SL tuviera que estar 24 (12 x 2) o 36 (12 x 3) pips alejado de nuestro nivel de entrada. Veamos algunos ejemplos:<\/p>\n<p><img loading=\"lazy\" decoding=\"async\" src=\"http:\/\/www.straightforex.com\/es\/wp-content\/uploads\/08esp.gif\" alt=\"08esp\" width=\"1024\" height=\"673\" class=\"alignnone size-full wp-image-749\" \/><\/p>\n<p>[Gr\u00e1fico 2]<\/p>\n<p>Como podemos ver, hay periodos en los que conviene fijar los niveles de SL m\u00e1s lejos del punto de entrada, como en la primera transacci\u00f3n. La lectura del ATR es .0015 (o 15 pips) si usamos la constante 3 el SL estar\u00eda fijado 45 pips mas lejos del punto de entrada. <\/p>\n<p>En nuestra segunda transacci\u00f3n la cosas cambian, la volatilidad es menor de lo usual entonces no necesitamos usar un SL grande para saber si nuestra operaci\u00f3n va a funcionar porque hay poca volatilidad. En este punto la lectura del ATR es .0009 y el SL deber\u00e1 ser fijado 27 pips m\u00e1s lejos de nuestro nivel de entrada. <\/p>\n<p>Si el mercado avanza 27 pips en nuestra contra, entonces lo mas probable es que el mercado siga en nuestra contra (ya fue en nuestra contra 3 veces la volatilidad promedio).<\/p>\n","protected":false},"excerpt":{"rendered":"<p>Fijar los niveles de SL basados en la volatilidad tiene una ventaja importante: mientras la volatilidad aumenta, el SL es fijado m\u00e1s lejos del precio de entrada, y mientras la volatilidad disminuye, el SL es fijado m\u00e1s cerca del precio de entrada. Esto suena l\u00f3gico porque cuando la volatilidad es mayor de lo normal, el [&hellip;]<\/p>\n","protected":false},"author":1,"featured_media":0,"parent":726,"menu_order":6,"comment_status":"open","ping_status":"closed","template":"","meta":{"footnotes":""},"class_list":["post-748","page","type-page","status-publish","hentry"],"_links":{"self":[{"href":"http:\/\/www.straightforex.com\/es\/wp-json\/wp\/v2\/pages\/748","targetHints":{"allow":["GET"]}}],"collection":[{"href":"http:\/\/www.straightforex.com\/es\/wp-json\/wp\/v2\/pages"}],"about":[{"href":"http:\/\/www.straightforex.com\/es\/wp-json\/wp\/v2\/types\/page"}],"author":[{"embeddable":true,"href":"http:\/\/www.straightforex.com\/es\/wp-json\/wp\/v2\/users\/1"}],"replies":[{"embeddable":true,"href":"http:\/\/www.straightforex.com\/es\/wp-json\/wp\/v2\/comments?post=748"}],"version-history":[{"count":2,"href":"http:\/\/www.straightforex.com\/es\/wp-json\/wp\/v2\/pages\/748\/revisions"}],"predecessor-version":[{"id":966,"href":"http:\/\/www.straightforex.com\/es\/wp-json\/wp\/v2\/pages\/748\/revisions\/966"}],"up":[{"embeddable":true,"href":"http:\/\/www.straightforex.com\/es\/wp-json\/wp\/v2\/pages\/726"}],"wp:attachment":[{"href":"http:\/\/www.straightforex.com\/es\/wp-json\/wp\/v2\/media?parent=748"}],"curies":[{"name":"wp","href":"https:\/\/api.w.org\/{rel}","templated":true}]}}