{"id":745,"date":"2016-07-28T23:20:59","date_gmt":"2016-07-28T23:20:59","guid":{"rendered":"http:\/\/www.straightforex.com\/es\/?page_id=745"},"modified":"2016-08-03T00:06:05","modified_gmt":"2016-08-03T00:06:05","slug":"fijar-sl-en-base-a-niveles-importantes-y-price-action","status":"publish","type":"page","link":"http:\/\/www.straightforex.com\/es\/curso-avanzado-de-forex\/gestion-del-riesgo\/fijar-sl-en-base-a-niveles-importantes-y-price-action\/","title":{"rendered":"Fijar SL en base a niveles importantes y price action"},"content":{"rendered":"<p>Este enfoque es el mas efectivo cuando se aplica correctamente. El SL es fijado despu\u00e9s de niveles importantes como soportes, resistencias, HOPS, etc. para darle al mercado chance de que el precio sea rechazado de los mismos niveles.<\/p>\n<p><img loading=\"lazy\" decoding=\"async\" src=\"http:\/\/www.straightforex.com\/es\/wp-content\/uploads\/07esp.gif\" alt=\"07esp\" width=\"1024\" height=\"673\" class=\"alignnone size-full wp-image-746\" \/><\/p>\n<p>[Gr\u00e1fica 1]<\/p>\n<p>En el gr\u00e1fico de arriba el mercado esta siendo rechazado de dos importantes niveles: el PP (l\u00ednea roja) y un nivel importante de resistencia (l\u00ednea negra). El mercado esta por debajo del PP entonces es seguro hacer operaciones de venta.<\/p>\n<p>Un buen nivel de SL ser\u00eda fijado en 1.2844, por encima de los dos niveles importantes de resistencia m\u00e1s un espacio de tolerancia. Como se ve en el gr\u00e1fico, el mercado alcanzo los dos niveles importantes y un poco mas (zona de tolerancia); eso es a lo que llamamos fluctuaciones normales (rompimiento sin validez). Sin embargo, si el mercado penetrara sostenidamente estos niveles (por arriba de 1.2837) entonces queremos estar fuera del mercado lo m\u00e1s pronto posible antes de que el mercado alcance valores superiores. En ese nivel, las probabilidades de fracaso se incrementan exponencialmente.<\/p>\n<p><strong>Fijar los niveles exactamente en niveles importantes es un error muy com\u00fan<\/strong>. Recuerda que los operadores act\u00faan emocionalmente en esos niveles haciendo que el mercado haga movimientos m\u00e1s violentos de lo usual. Por eso es buena idea darles un espacio de tolerancia.<\/p>\n<p>En corto: las \u00f3rdenes de SL deben ser fijadas en lugares donde ya no queremos seguir con nuestra posici\u00f3n. Si entramos una operaci\u00f3n de compra y hay un nivel importante de soporte, entonces fijamos el SL por debajo del soporte porque si el mercado rompe dicho nivel, las probabilidades empiezan a actuar en nuestra contra.<\/p>\n<p>Los niveles de stop loss tambi\u00e9n pueden ser fijados por arriba o por debajo de l\u00edneas de tendencia, retrocesos de Fibonacci o cualquier otro nivel importante.<\/p>\n<p>Tambi\u00e9n se puede hacer un h\u00edbrido de los dos enfoques anteriores. Si entr\u00e1ramos a una transacci\u00f3n de venta en 1.2820, y fijando nuestro nivel de SL basados en niveles importantes tuviera que ser fijado en 1.2844 (como en el ejemplo anterior), 24 pips por encima de nuestra entrada, pudi\u00e9ramos hacer una transacci\u00f3n con lotes estandarizados. Si decidi\u00e9ramos usar 1% de riesgo en esta posici\u00f3n, el tama\u00f1o de la posici\u00f3n tuviera que ser de $208,333.<\/p>\n","protected":false},"excerpt":{"rendered":"<p>Este enfoque es el mas efectivo cuando se aplica correctamente. El SL es fijado despu\u00e9s de niveles importantes como soportes, resistencias, HOPS, etc. para darle al mercado chance de que el precio sea rechazado de los mismos niveles. [Gr\u00e1fica 1] En el gr\u00e1fico de arriba el mercado esta siendo rechazado de dos importantes niveles: el [&hellip;]<\/p>\n","protected":false},"author":1,"featured_media":0,"parent":726,"menu_order":5,"comment_status":"open","ping_status":"closed","template":"","meta":{"footnotes":""},"class_list":["post-745","page","type-page","status-publish","hentry"],"_links":{"self":[{"href":"http:\/\/www.straightforex.com\/es\/wp-json\/wp\/v2\/pages\/745","targetHints":{"allow":["GET"]}}],"collection":[{"href":"http:\/\/www.straightforex.com\/es\/wp-json\/wp\/v2\/pages"}],"about":[{"href":"http:\/\/www.straightforex.com\/es\/wp-json\/wp\/v2\/types\/page"}],"author":[{"embeddable":true,"href":"http:\/\/www.straightforex.com\/es\/wp-json\/wp\/v2\/users\/1"}],"replies":[{"embeddable":true,"href":"http:\/\/www.straightforex.com\/es\/wp-json\/wp\/v2\/comments?post=745"}],"version-history":[{"count":1,"href":"http:\/\/www.straightforex.com\/es\/wp-json\/wp\/v2\/pages\/745\/revisions"}],"predecessor-version":[{"id":747,"href":"http:\/\/www.straightforex.com\/es\/wp-json\/wp\/v2\/pages\/745\/revisions\/747"}],"up":[{"embeddable":true,"href":"http:\/\/www.straightforex.com\/es\/wp-json\/wp\/v2\/pages\/726"}],"wp:attachment":[{"href":"http:\/\/www.straightforex.com\/es\/wp-json\/wp\/v2\/media?parent=745"}],"curies":[{"name":"wp","href":"https:\/\/api.w.org\/{rel}","templated":true}]}}