{"id":738,"date":"2016-07-28T23:12:14","date_gmt":"2016-07-28T23:12:14","guid":{"rendered":"http:\/\/www.straightforex.com\/es\/?page_id=738"},"modified":"2016-08-03T00:06:05","modified_gmt":"2016-08-03T00:06:05","slug":"donde-fijar-los-niveles-de-sl","status":"publish","type":"page","link":"http:\/\/www.straightforex.com\/es\/curso-avanzado-de-forex\/gestion-del-riesgo\/donde-fijar-los-niveles-de-sl\/","title":{"rendered":"\u00bfD\u00f3nde fijar los niveles de SL?"},"content":{"rendered":"<p>Como regla, el SL debe ser fijado en un lugar donde si el mercado lo alcanza, las probabilidades de fracaso de la posici\u00f3n se incrementan exponencialmente, entonces es mejor salir del mercado porque posiblemente el mercado siga en nuestra contra. En ese momento, nosotros queremos estar fuera del mercado lo m\u00e1s pronto posible.<\/p>\n<p>Debemos establecer una metodolog\u00eda para fijar los niveles de SL. Aunque debemos fijarlos dependiendo del estilo de operaci\u00f3n que estamos siguiendo, existen importantes reglas que debemos tomar en consideraci\u00f3n.<\/p>\n<p>B\u00e1sicamente existen tres reglas para fijar los niveles de SL:<\/p>\n<p>1. Fijar los niveles basados en un porcentaje fijo<\/p>\n<p>2. Fijar los niveles basados en niveles importantes y comportamiento del precio<\/p>\n<p>3. Fijar los niveles basados en la volatilidad del mercado.<\/p>\n","protected":false},"excerpt":{"rendered":"<p>Como regla, el SL debe ser fijado en un lugar donde si el mercado lo alcanza, las probabilidades de fracaso de la posici\u00f3n se incrementan exponencialmente, entonces es mejor salir del mercado porque posiblemente el mercado siga en nuestra contra. En ese momento, nosotros queremos estar fuera del mercado lo m\u00e1s pronto posible. Debemos establecer [&hellip;]<\/p>\n","protected":false},"author":1,"featured_media":0,"parent":726,"menu_order":3,"comment_status":"open","ping_status":"closed","template":"","meta":{"footnotes":""},"class_list":["post-738","page","type-page","status-publish","hentry"],"_links":{"self":[{"href":"http:\/\/www.straightforex.com\/es\/wp-json\/wp\/v2\/pages\/738","targetHints":{"allow":["GET"]}}],"collection":[{"href":"http:\/\/www.straightforex.com\/es\/wp-json\/wp\/v2\/pages"}],"about":[{"href":"http:\/\/www.straightforex.com\/es\/wp-json\/wp\/v2\/types\/page"}],"author":[{"embeddable":true,"href":"http:\/\/www.straightforex.com\/es\/wp-json\/wp\/v2\/users\/1"}],"replies":[{"embeddable":true,"href":"http:\/\/www.straightforex.com\/es\/wp-json\/wp\/v2\/comments?post=738"}],"version-history":[{"count":1,"href":"http:\/\/www.straightforex.com\/es\/wp-json\/wp\/v2\/pages\/738\/revisions"}],"predecessor-version":[{"id":739,"href":"http:\/\/www.straightforex.com\/es\/wp-json\/wp\/v2\/pages\/738\/revisions\/739"}],"up":[{"embeddable":true,"href":"http:\/\/www.straightforex.com\/es\/wp-json\/wp\/v2\/pages\/726"}],"wp:attachment":[{"href":"http:\/\/www.straightforex.com\/es\/wp-json\/wp\/v2\/media?parent=738"}],"curies":[{"name":"wp","href":"https:\/\/api.w.org\/{rel}","templated":true}]}}