{"id":736,"date":"2016-07-28T23:10:35","date_gmt":"2016-07-28T23:10:35","guid":{"rendered":"http:\/\/www.straightforex.com\/es\/?page_id=736"},"modified":"2016-08-03T00:06:05","modified_gmt":"2016-08-03T00:06:05","slug":"stop-loss-y-toma-de-ganancia","status":"publish","type":"page","link":"http:\/\/www.straightforex.com\/es\/curso-avanzado-de-forex\/gestion-del-riesgo\/stop-loss-y-toma-de-ganancia\/","title":{"rendered":"Stop Loss y Toma de Ganancia"},"content":{"rendered":"<h3>Stop Loss<\/h3>\n<p>Como ya lo sabemos, el stop loss es una orden cerrar nuestra posici\u00f3n en un nivel de perdida determinado. Funciona como sigue: una vez que entras en una posici\u00f3n fijas el nivel del stop loss, si el mercado alcanza ese nivel, el stop loss se convierte en una orden de mercado y tu broker cierra tu posici\u00f3n al mismo nivel. <\/p>\n<p><strong>El prop\u00f3sito de este tipo de orden es obvio: limitar las p\u00e9rdidas que puedan ocurrirle a un operador o inversionista. <\/strong><\/p>\n<p>Pero existe otra ventaja que talvez no sea tan obvia. Cuando usamos \u00f3rdenes de stop loss, sabemos dentro en nuestras mentes que nuestras operaciones tienen una probabilidad de fracaso. Al aceptar el hecho de que cada operaci\u00f3n tiene una probabilidad de fracaso eliminamos algunas barreras psicol\u00f3gicas que pudieran tener un efecto negativo en nuestro rendimiento.<\/p>\n<p>Toma por ejemplo, los operadores que no usan \u00f3rdenes de stop loss com\u00fanmente piensan que sus operaciones son ganadoras antes de entrar a la posici\u00f3n. Si \u201csaben\u201d que son posiciones ganadoras entonces \u00bfpor que usar\u00edan \u00f3rdenes de stop loss? \u00bfPero que es lo que sucede cuando la operaci\u00f3n se va en su contra? Probablemente promedien a la baja cuando el mercado se mueve en su contra y en alg\u00fan momento la p\u00e9rdida va a ser tan grande que no van a poder tomar las perdidas esperando a que el mercado les de al menos el punto de entrada para poder salir.<\/p>\n<p>\u00bfCu\u00e1ntas operaciones sin nivel de stop loss pueden hacer que perdamos nuestra cuenta? <strong>SOLO UNA.<\/strong><\/p>\n<p>Entonces, saber que todas las operaciones tienen una probabilidad de \u00e9xito y fracaso y por esto usar \u00f3rdenes de stop loss es muy bueno para nuestra mente porque evitan algunas barreras psicol\u00f3gicas, pero es aun mejor para nuestro rendimiento porque evitan el riesgo de perder nuestra cuenta en una mala operaci\u00f3n.<\/p>\n<p>Siempre va a haber esc\u00e9pticos acerca del uso de \u00f3rdenes stop loss que van a discutir que la misma orden nos hace presa de lo que se conoce como \u201ccaza de stops\u201d. Un mito donde se supone que los brokers o hacedores de mercado \u201cmueven artificialmente\u201d el mercado para activar la mayor\u00eda de los niveles de stop loss, despu\u00e9s el mercado sigue en la planeada direcci\u00f3n.<\/p>\n<p>Pero como ya los sabemos, el mercado Forex es tan grande (casi 2 trillones de d\u00f3lares operados al d\u00eda) que es casi imposible manipular. Estos movimientos bruscos son solamente desbalances entre la oferta y demanda en niveles importantes del mercado; los operadores tienden a actuar m\u00e1s irracional y emocional en estos niveles (<strong>soportes resistencias, PP, HOPS, LOPS, etc.<\/strong>)<\/p>\n<p>A dem\u00e1s, es muy dif\u00edcil para los brokers y los hacedores de mercado llevar a un nivel predeterminado al mercado donde se encuentran todas las \u00f3rdenes de stop loss, simplemente son much\u00edsimas.<\/p>\n<p>En corto, las \u00f3rdenes de stop loss limitan nuestras perdidas en cualquier operaci\u00f3n. Es importante fijar los niveles de SL antes de decidir operar el mercado pues tomamos esta decisi\u00f3n cuando estamos mas objetivos (antes de entrar al mercado) acerca de lo que esta pasando en el mercado. Si intentamos hacerlo cuando estamos en la operaci\u00f3n o perdiendo en la posici\u00f3n todas nuestras emociones van a bloquear informaci\u00f3n importante acerca del mercado haci\u00e9ndonos vulnerables a juzgar incorrectamente las condiciones del mercado. <\/p>\n<h3>Toma de ganancia<\/h3>\n<p>Las \u00f3rdenes de toma de ganancia (TP, por sus siglas en ingles: Take Profit) tambi\u00e9n son parte de la gesti\u00f3n del riesgo, est\u00e1n relacionadas directamente a la RPR de cualquier operaci\u00f3n. Si bajamos el nivel de TP tambi\u00e9n bajaremos la RPR (y viceversa). <\/p>\n<p>Al fijar las \u00f3rdenes de TP nos ayudaremos a tener un enfoque disciplinado permiti\u00e9ndole a los traders despegarse de la computadora, y no estas monitoreando el mercado constantemente. <\/p>\n<p>En las siguientes secciones revisaremos algunos aspectos de estas dos \u00f3rdenes. <\/p>\n","protected":false},"excerpt":{"rendered":"<p>Stop Loss Como ya lo sabemos, el stop loss es una orden cerrar nuestra posici\u00f3n en un nivel de perdida determinado. Funciona como sigue: una vez que entras en una posici\u00f3n fijas el nivel del stop loss, si el mercado alcanza ese nivel, el stop loss se convierte en una orden de mercado y tu [&hellip;]<\/p>\n","protected":false},"author":1,"featured_media":0,"parent":726,"menu_order":2,"comment_status":"open","ping_status":"closed","template":"","meta":{"footnotes":""},"class_list":["post-736","page","type-page","status-publish","hentry"],"_links":{"self":[{"href":"http:\/\/www.straightforex.com\/es\/wp-json\/wp\/v2\/pages\/736","targetHints":{"allow":["GET"]}}],"collection":[{"href":"http:\/\/www.straightforex.com\/es\/wp-json\/wp\/v2\/pages"}],"about":[{"href":"http:\/\/www.straightforex.com\/es\/wp-json\/wp\/v2\/types\/page"}],"author":[{"embeddable":true,"href":"http:\/\/www.straightforex.com\/es\/wp-json\/wp\/v2\/users\/1"}],"replies":[{"embeddable":true,"href":"http:\/\/www.straightforex.com\/es\/wp-json\/wp\/v2\/comments?post=736"}],"version-history":[{"count":1,"href":"http:\/\/www.straightforex.com\/es\/wp-json\/wp\/v2\/pages\/736\/revisions"}],"predecessor-version":[{"id":737,"href":"http:\/\/www.straightforex.com\/es\/wp-json\/wp\/v2\/pages\/736\/revisions\/737"}],"up":[{"embeddable":true,"href":"http:\/\/www.straightforex.com\/es\/wp-json\/wp\/v2\/pages\/726"}],"wp:attachment":[{"href":"http:\/\/www.straightforex.com\/es\/wp-json\/wp\/v2\/media?parent=736"}],"curies":[{"name":"wp","href":"https:\/\/api.w.org\/{rel}","templated":true}]}}