{"id":726,"date":"2016-07-28T22:53:34","date_gmt":"2016-07-28T22:53:34","guid":{"rendered":"http:\/\/www.straightforex.com\/es\/?page_id=726"},"modified":"2016-08-03T03:25:51","modified_gmt":"2016-08-03T03:25:51","slug":"gestion-del-riesgo","status":"publish","type":"page","link":"http:\/\/www.straightforex.com\/es\/curso-avanzado-de-forex\/gestion-del-riesgo\/","title":{"rendered":"Gesti\u00f3n del Riesgo"},"content":{"rendered":"<p>La gesti\u00f3n del riesgo no dice cu\u00e1ntos pips vamos a arriesgar en cada una de las operaciones, y de qu\u00e9 manera vamos a manejar la operaci\u00f3n. <\/p>\n<p>El mercado Forex se comporta de una manera distinta que otros mercados financieros, su velocidad, volatilidad y liquidez lo hacen un mercado \u00fanico. Cualquier moneda se puede hacer muy cara y muy barata en relaci\u00f3n a otra moneda en cuesti\u00f3n de horas o incluso minutos. Esta naturaleza impredecible puede producer muy buenas ganancias en poco tiempo, pero a la vez, tambi\u00e9n puede producer perdidas excesivas en el mismo periodo de tiempo. <\/p>\n<p>Por esta raz\u00f3n, nos tenemos que proteger, necesitamos una metodolog\u00eda para proteger nuestro capital en periodos de alta volatilidad. <\/p>\n<p>En esta lecci\u00f3n vamos a cubrir lo siguiente: <\/p>\n<h3><a href=\"http:\/\/www.straightforex.com\/es\/curso-avanzado-de-forex\/gestion-del-riesgo\/razon-premio-riesgo-rpr\/\">Secci\u00f3n 2: Raz\u00f3n Premio-Riesgo<\/a><\/h3>\n<p> Un aspecto incre\u00edblemente importante de la gesti\u00f3n del riesgo, y como diferentes niveles de RPR afectan nuestro trading. <\/p>\n<h3><a href=\"http:\/\/www.straightforex.com\/es\/curso-avanzado-de-forex\/gestion-del-riesgo\/stop-loss-y-toma-de-ganancia\/\">Secci\u00f3n 3: Stop Loss y Toma de Ganancia<\/a><\/h3>\n<p> Nos permite limitar el nivel de p\u00e9rdidas en una operaci\u00f3n. <\/p>\n<h3><a href=\"http:\/\/www.straightforex.com\/es\/curso-avanzado-de-forex\/gestion-del-riesgo\/donde-fijar-los-niveles-de-sl\/\">Secci\u00f3n 4: D\u00f3nde fijar los niveles de SL<\/a><\/h3>\n<p> Necesitamos saber en qu\u00e9 puntos fijar los niveles de SL.<\/p>\n<h3><a href=\"http:\/\/www.straightforex.com\/es\/curso-avanzado-de-forex\/gestion-del-riesgo\/fijando-el-sl-basados-en-un-porcentaje-fijo\/\">Secci\u00f3n 5: Fijar SL en base a un porcentaje fijo<\/a><\/h3>\n<p> La t\u00e9cnica m\u00e1s sencilla para fijar los niveles de SL.<\/p>\n<h3><a href=\"http:\/\/www.straightforex.com\/es\/curso-avanzado-de-forex\/gestion-del-riesgo\/fijar-sl-en-base-a-niveles-importantes-y-price-action\/\">Secci\u00f3n 6: Fijar SL en base a niveles importantes y price action<\/a><\/h3>\n<p> Esta es la que considero la t\u00e9cnica m\u00e1s objetiva y efectiva para fijar operaciones. <\/p>\n<h3><a href=\"http:\/\/www.straightforex.com\/es\/curso-avanzado-de-forex\/gestion-del-riesgo\/fijar-sl-en-base-a-indicadores-de-volatilidad\/\">Secci\u00f3n 7: Fijar SL en base a indicadores de volatilidad<\/a><\/h3>\n<p> Tambi\u00e9n se pueden utilizar indicadores para fijar el nivel de SL.<\/p>\n<h3><a href=\"http:\/\/www.straightforex.com\/es\/curso-avanzado-de-forex\/gestion-del-riesgo\/trailing-stops\/\">Secci\u00f3n 8:Trailing Stops<\/a><\/h3>\n<p> Una t\u00e9cnica para ir moviendo el nivel de stop loss mientras el mercado se mueve a nuestro favor. <\/p>\n<h3><a href=\"http:\/\/www.straightforex.com\/es\/curso-avanzado-de-forex\/gestion-del-riesgo\/resumen-gestion-del-riesgo\/\">Secci\u00f3n 9: Resumen: Gesti\u00f3n del Riesgo<\/a><\/h3>\n<p> Breve resumen de toda la lecci\u00f3n. <\/p>\n","protected":false},"excerpt":{"rendered":"<p>La gesti\u00f3n del riesgo no dice cu\u00e1ntos pips vamos a arriesgar en cada una de las operaciones, y de qu\u00e9 manera vamos a manejar la operaci\u00f3n. El mercado Forex se comporta de una manera distinta que otros mercados financieros, su velocidad, volatilidad y liquidez lo hacen un mercado \u00fanico. Cualquier moneda se puede hacer muy [&hellip;]<\/p>\n","protected":false},"author":1,"featured_media":0,"parent":577,"menu_order":4,"comment_status":"open","ping_status":"closed","template":"","meta":{"footnotes":""},"class_list":["post-726","page","type-page","status-publish","hentry"],"_links":{"self":[{"href":"http:\/\/www.straightforex.com\/es\/wp-json\/wp\/v2\/pages\/726","targetHints":{"allow":["GET"]}}],"collection":[{"href":"http:\/\/www.straightforex.com\/es\/wp-json\/wp\/v2\/pages"}],"about":[{"href":"http:\/\/www.straightforex.com\/es\/wp-json\/wp\/v2\/types\/page"}],"author":[{"embeddable":true,"href":"http:\/\/www.straightforex.com\/es\/wp-json\/wp\/v2\/users\/1"}],"replies":[{"embeddable":true,"href":"http:\/\/www.straightforex.com\/es\/wp-json\/wp\/v2\/comments?post=726"}],"version-history":[{"count":3,"href":"http:\/\/www.straightforex.com\/es\/wp-json\/wp\/v2\/pages\/726\/revisions"}],"predecessor-version":[{"id":965,"href":"http:\/\/www.straightforex.com\/es\/wp-json\/wp\/v2\/pages\/726\/revisions\/965"}],"up":[{"embeddable":true,"href":"http:\/\/www.straightforex.com\/es\/wp-json\/wp\/v2\/pages\/577"}],"wp:attachment":[{"href":"http:\/\/www.straightforex.com\/es\/wp-json\/wp\/v2\/media?parent=726"}],"curies":[{"name":"wp","href":"https:\/\/api.w.org\/{rel}","templated":true}]}}