{"id":715,"date":"2016-07-28T16:21:33","date_gmt":"2016-07-28T16:21:33","guid":{"rendered":"http:\/\/www.straightforex.com\/es\/?page_id=715"},"modified":"2016-08-03T03:23:48","modified_gmt":"2016-08-03T03:23:48","slug":"resumen-gestion-del-capital","status":"publish","type":"page","link":"http:\/\/www.straightforex.com\/es\/curso-avanzado-de-forex\/gestion-del-capital\/resumen-gestion-del-capital\/","title":{"rendered":"Resumen: Gesti\u00f3n del Capital"},"content":{"rendered":"<p>Ahora que ya terminaste de leer la lecci\u00f3n, aseg\u00farate de comprender lo siguiente:<\/p>\n<p><i class=\"uk-theme-icon-check uk-margin-small-top\"><\/i>   Lo que es la Raz\u00f3n Premio Riesgo, y sus implicaciones en la efectividad del sistema<br \/>\n<i class=\"uk-theme-icon-check uk-margin-small-top\"><\/i>   Los tipos de gesti\u00f3n del capital<br \/>\n<i class=\"uk-theme-icon-check uk-margin-small-top\"><\/i>   La t\u00e9cnica que mas se ajuste a tu perfil de riesgo<br \/>\n<i class=\"uk-theme-icon-check uk-margin-small-top\"><\/i>   El impacto que el valor esperado puede tener en tu sistema<\/p>\n<p>Buena suerte! <\/p>\n","protected":false},"excerpt":{"rendered":"<p>Ahora que ya terminaste de leer la lecci\u00f3n, aseg\u00farate de comprender lo siguiente: Lo que es la Raz\u00f3n Premio Riesgo, y sus implicaciones en la efectividad del sistema Los tipos de gesti\u00f3n del capital La t\u00e9cnica que mas se ajuste a tu perfil de riesgo El impacto que el valor esperado puede tener en tu [&hellip;]<\/p>\n","protected":false},"author":1,"featured_media":0,"parent":661,"menu_order":8,"comment_status":"open","ping_status":"closed","template":"","meta":{"footnotes":""},"class_list":["post-715","page","type-page","status-publish","hentry"],"_links":{"self":[{"href":"http:\/\/www.straightforex.com\/es\/wp-json\/wp\/v2\/pages\/715","targetHints":{"allow":["GET"]}}],"collection":[{"href":"http:\/\/www.straightforex.com\/es\/wp-json\/wp\/v2\/pages"}],"about":[{"href":"http:\/\/www.straightforex.com\/es\/wp-json\/wp\/v2\/types\/page"}],"author":[{"embeddable":true,"href":"http:\/\/www.straightforex.com\/es\/wp-json\/wp\/v2\/users\/1"}],"replies":[{"embeddable":true,"href":"http:\/\/www.straightforex.com\/es\/wp-json\/wp\/v2\/comments?post=715"}],"version-history":[{"count":2,"href":"http:\/\/www.straightforex.com\/es\/wp-json\/wp\/v2\/pages\/715\/revisions"}],"predecessor-version":[{"id":964,"href":"http:\/\/www.straightforex.com\/es\/wp-json\/wp\/v2\/pages\/715\/revisions\/964"}],"up":[{"embeddable":true,"href":"http:\/\/www.straightforex.com\/es\/wp-json\/wp\/v2\/pages\/661"}],"wp:attachment":[{"href":"http:\/\/www.straightforex.com\/es\/wp-json\/wp\/v2\/media?parent=715"}],"curies":[{"name":"wp","href":"https:\/\/api.w.org\/{rel}","templated":true}]}}