{"id":710,"date":"2016-07-28T16:18:36","date_gmt":"2016-07-28T16:18:36","guid":{"rendered":"http:\/\/www.straightforex.com\/es\/?page_id=710"},"modified":"2016-08-03T00:06:05","modified_gmt":"2016-08-03T00:06:05","slug":"dos-aspectos-importantes-que-deben-considerarse","status":"publish","type":"page","link":"http:\/\/www.straightforex.com\/es\/curso-avanzado-de-forex\/gestion-del-capital\/dos-aspectos-importantes-que-deben-considerarse\/","title":{"rendered":"Dos aspectos importantes que deben considerarse"},"content":{"rendered":"<p>Ahora que haz llegado tan lejos, tenemos que considerar dos aspectos importantes de cualquier sistema: <\/p>\n<h3>Raz\u00f3n Premio Riesgo<\/h3>\n<p>La primera cosa que usted necesita considerar es el radio de riesgo-ganancia. Esto se refiere a que tanto estamos arriesgando y queremos conseguir con cada operaci\u00f3n. En los ejemplos anteriores, hemos usado un radio de 3:1, lo que significa que  por cada d\u00f3lar arriesgado en una operaci\u00f3n se est\u00e1 dispuesto a ganar tres d\u00f3lares. Pero hablaremos a detalle de esto en la lecci\u00f3n siguiente.<\/p>\n<h3>Valor Esperado<\/h3>\n<p>El segundo punto que usted debe tener en consideraci\u00f3n es el valor esperado de un sistema. La AC asegura que usted podr\u00e1 seguir operando ma\u00f1ana y permite que sus ganancias crezcan geom\u00e9tricamente, pero no puede convertir un sistema perdedor en uno ganador (estos ser\u00eda convertir un sistema con un valor esperado negativo en uno con valor esperado positivo).<\/p>\n<p>La f\u00f3rmula para calcular el valor esperado de cualquier sistema es:<\/p>\n<p><img loading=\"lazy\" decoding=\"async\" src=\"http:\/\/www.straightforex.com\/es\/wp-content\/uploads\/21.jpg\" alt=\"21\" width=\"255\" height=\"51\" class=\"alignnone size-full wp-image-711\" \/><\/p>\n<p>en donde:<\/p>\n<p>PG = Promedio de ganancia por operaci\u00f3n en t\u00e9rminos de $<br \/>\nPP = Promedio de p\u00e9rdida por operaci\u00f3n en t\u00e9rminos de $<br \/>\nP = La probabilidad de ganar cualquier operaci\u00f3n.<\/p>\n<p>Tomemos como ejemplo el siguiente sistema:<\/p>\n<p>Sistema basado en cruces de MA (Moving Average). En una muestra de 100 operaciones, la siguiente informaci\u00f3n se obtiene:<\/p>\n<p>N\u00famero de operaciones = 100<br \/>\nOperaciones ganadoras = 62<br \/>\nOperaciones Perdedoras = 38<br \/>\nPromedio de ganancia por operaci\u00f3n ganadoras = $800<br \/>\nPromedio de p\u00e9rdida por operaci\u00f3n perdedora = $600<\/p>\n<p>El valor esperado de este sistema se puede calcularse como sigue:<\/p>\n<p><img loading=\"lazy\" decoding=\"async\" src=\"http:\/\/www.straightforex.com\/es\/wp-content\/uploads\/22.jpg\" alt=\"22\" width=\"255\" height=\"104\" class=\"alignnone size-full wp-image-712\" \/><\/p>\n<p>Este sistema tiene un valor esperado positivo. Mientras mayor el n\u00famero, mejor el sistema.<\/p>\n<p>Por otro lado, un resultado negativo implicar\u00eda que el sistema tiene un valor esperado negativo y ninguna t\u00e9cnica de Administraci\u00f3n del Capital lo puede convertir en un sistema ganador. Lo \u00fanico la AC puede hacer por un sistema as\u00ed es limitar las p\u00e9rdidas.<\/p>\n","protected":false},"excerpt":{"rendered":"<p>Ahora que haz llegado tan lejos, tenemos que considerar dos aspectos importantes de cualquier sistema: Raz\u00f3n Premio Riesgo La primera cosa que usted necesita considerar es el radio de riesgo-ganancia. Esto se refiere a que tanto estamos arriesgando y queremos conseguir con cada operaci\u00f3n. En los ejemplos anteriores, hemos usado un radio de 3:1, lo [&hellip;]<\/p>\n","protected":false},"author":1,"featured_media":0,"parent":661,"menu_order":7,"comment_status":"open","ping_status":"closed","template":"","meta":{"footnotes":""},"class_list":["post-710","page","type-page","status-publish","hentry"],"_links":{"self":[{"href":"http:\/\/www.straightforex.com\/es\/wp-json\/wp\/v2\/pages\/710","targetHints":{"allow":["GET"]}}],"collection":[{"href":"http:\/\/www.straightforex.com\/es\/wp-json\/wp\/v2\/pages"}],"about":[{"href":"http:\/\/www.straightforex.com\/es\/wp-json\/wp\/v2\/types\/page"}],"author":[{"embeddable":true,"href":"http:\/\/www.straightforex.com\/es\/wp-json\/wp\/v2\/users\/1"}],"replies":[{"embeddable":true,"href":"http:\/\/www.straightforex.com\/es\/wp-json\/wp\/v2\/comments?post=710"}],"version-history":[{"count":2,"href":"http:\/\/www.straightforex.com\/es\/wp-json\/wp\/v2\/pages\/710\/revisions"}],"predecessor-version":[{"id":714,"href":"http:\/\/www.straightforex.com\/es\/wp-json\/wp\/v2\/pages\/710\/revisions\/714"}],"up":[{"embeddable":true,"href":"http:\/\/www.straightforex.com\/es\/wp-json\/wp\/v2\/pages\/661"}],"wp:attachment":[{"href":"http:\/\/www.straightforex.com\/es\/wp-json\/wp\/v2\/media?parent=710"}],"curies":[{"name":"wp","href":"https:\/\/api.w.org\/{rel}","templated":true}]}}