{"id":705,"date":"2016-07-28T16:16:20","date_gmt":"2016-07-28T16:16:20","guid":{"rendered":"http:\/\/www.straightforex.com\/es\/?page_id=705"},"modified":"2016-08-03T03:23:25","modified_gmt":"2016-08-03T03:23:25","slug":"razon-fija","status":"publish","type":"page","link":"http:\/\/www.straightforex.com\/es\/curso-avanzado-de-forex\/gestion-del-capital\/razon-fija\/","title":{"rendered":"Raz\u00f3n Fija"},"content":{"rendered":"<p><strong>Esta t\u00e9cnica fue desarrollada por Ryan Jones.<\/strong> Su principio b\u00e1sico es que la relaci\u00f3n entre el n\u00famero de lotes operados y las ganancias requeridas para incrementar a un lote adicional deben permanecer fijas.<\/p>\n<p>Esto significa que si la AC requer\u00eda $5,000 en ganancias  operando con un solo lote para aumentar a dos lotes, entonces requerir\u00eda $10,000 en ganancias operando dos lotes para incrementar el tama\u00f1o de la operaci\u00f3n de dos a tres lotes. <\/p>\n<p>Esta metodolog\u00eda usa una variable; la que Ryan Jones llama delta. Esta variable determina que tan conservadora o agresivamente la AC es aplicada. Mientras es menor el delta, es m\u00e1s agresiva la AC. Y viceversa, mientras mayor es el delta, m\u00e1s conservador el enfoque. La f\u00f3rmula para calcular los niveles en que el operador debe incrementar el n\u00famero de lotes operados se calcula como sigue:<\/p>\n<p>Monto Requerido Previamente + [ # de lotes * delta] = Nivel en el que el operador debe incrementar el n\u00famero de lotes.<\/p>\n<p>Por ejemplo, en una cuenta de $50,000, una delta de $5,000 y operando con un solo lote:<\/p>\n<p>$50,000 + (1 * $5,000) = $55,000 Esto quiere decir que cuando la cuenta llegue a $55,000 deber\u00edamos incrementar el tama\u00f1o de la operaci\u00f3n de un contrato a dos.<\/p>\n<p>El c\u00e1lculo siguiente comienza con $55,000<\/p>\n<p>$55,000 + (2 * $5,000) = $65,000 Lo que implica que cuando la cuenta llegue a $65,000 deberemos incrementar el tama\u00f1o de la operaci\u00f3n de dos a tres lotes.<\/p>\n<p>Y as\u00ed sucesivamente.<\/p>\n<p>\u00bfQue pasar\u00eda con nuestras ganancias en una racha de operaciones ganadoras con diferentes deltas?<\/p>\n<p>Tomemos el nivel de ganancia fijo en $3,000 en una cuenta de $50,000.<\/p>\n<p><img loading=\"lazy\" decoding=\"async\" src=\"http:\/\/www.straightforex.com\/es\/wp-content\/uploads\/18.jpg\" alt=\"18\" width=\"466\" height=\"507\" class=\"alignnone size-full wp-image-706\" \/><\/p>\n<p>[Tabla 13]<\/p>\n<p>Pero, \u00bfque pasar\u00eda si una racha negativa ocurre antes que cualquier operaci\u00f3n exitosa? Tendr\u00eda los mismos resultados que si no us\u00e1ramos ninguna t\u00e9cnica de Administraci\u00f3n del Capital. Ryan Jones no considera esta posibilidad y por tanto no menciona que debe hacerse en estos casos.<\/p>\n<p>Lo mejor que uno puede hacer de presentarse esta situaci\u00f3n es usar otra t\u00e9cnica de AC. Por ejemplo, podr\u00edamos utilizar la t\u00e9cnica de operaciones con fracci\u00f3n fija, pero tan pronto como se recupere lo perdido, operar de nuevo con el enfoque de raz\u00f3n fijo.<\/p>\n<p>Ahora veamos los resultados usando la misma secuencia de operaciones con la que evaluamos las t\u00e9cnicas discutidas anteriormente:<\/p>\n<p><img loading=\"lazy\" decoding=\"async\" src=\"http:\/\/www.straightforex.com\/es\/wp-content\/uploads\/19.jpg\" alt=\"19\" width=\"589\" height=\"518\" class=\"alignnone size-full wp-image-707\" \/><\/p>\n<p>[Tabla 14]<\/p>\n<p>Como puede verse, los resultados con los dos deltas son los mismos, y la causa de esto es que la t\u00e9cnica de radio fijo nunca permite aumentar el n\u00famero de lotes operados con ninguno de los dos deltas usados.<\/p>\n<p>Ahora veamos lo que sucede con una racha de operaciones positivas.<\/p>\n<p><img loading=\"lazy\" decoding=\"async\" src=\"http:\/\/www.straightforex.com\/es\/wp-content\/uploads\/20.jpg\" alt=\"20\" width=\"589\" height=\"548\" class=\"alignnone size-full wp-image-708\" \/><\/p>\n<p>[Tabla 15]<\/p>\n<p>La evidencia habla por s\u00ed sola. Usando un delta de $5,000 el balance final es de $98,000 y con un delta de $10,000 el balance final ser\u00eda de $89,000. Compare los resultados contra los $73,000 obtenidos sin usar ninguna t\u00e9cnica de AC.<\/p>\n<h3>Hemos estudiando hasta este punto varias t\u00e9cnicas de Administraci\u00f3n del Capital, pero \u00bfcu\u00e1l es la mejor?<\/h3>\n<p>Depende de cada operador. Algunas t\u00e9cnicas son excelentes para controlar el riesgo, y algunas otras para maximizar las ganancias. As\u00ed que realmente depende de usted elegir cu\u00e1l t\u00e9cnica usar y qu\u00e9 par\u00e1metros usar.<\/p>\n<p>De lo que estamos seguros es de que utilizando una t\u00e9cnica de Administraci\u00f3n del Capital pone a la probabilidad de su lado. Por el contrario, no utilizar ninguna t\u00e9cnica de AC pondr\u00eda a cualquier operador en una situaci\u00f3n dif\u00edcil y minimizar\u00eda sus posibilidades de triunfar en este negocio.<\/p>\n","protected":false},"excerpt":{"rendered":"<p>Esta t\u00e9cnica fue desarrollada por Ryan Jones. Su principio b\u00e1sico es que la relaci\u00f3n entre el n\u00famero de lotes operados y las ganancias requeridas para incrementar a un lote adicional deben permanecer fijas. Esto significa que si la AC requer\u00eda $5,000 en ganancias operando con un solo lote para aumentar a dos lotes, entonces requerir\u00eda [&hellip;]<\/p>\n","protected":false},"author":1,"featured_media":0,"parent":661,"menu_order":6,"comment_status":"open","ping_status":"closed","template":"","meta":{"footnotes":""},"class_list":["post-705","page","type-page","status-publish","hentry"],"_links":{"self":[{"href":"http:\/\/www.straightforex.com\/es\/wp-json\/wp\/v2\/pages\/705","targetHints":{"allow":["GET"]}}],"collection":[{"href":"http:\/\/www.straightforex.com\/es\/wp-json\/wp\/v2\/pages"}],"about":[{"href":"http:\/\/www.straightforex.com\/es\/wp-json\/wp\/v2\/types\/page"}],"author":[{"embeddable":true,"href":"http:\/\/www.straightforex.com\/es\/wp-json\/wp\/v2\/users\/1"}],"replies":[{"embeddable":true,"href":"http:\/\/www.straightforex.com\/es\/wp-json\/wp\/v2\/comments?post=705"}],"version-history":[{"count":2,"href":"http:\/\/www.straightforex.com\/es\/wp-json\/wp\/v2\/pages\/705\/revisions"}],"predecessor-version":[{"id":963,"href":"http:\/\/www.straightforex.com\/es\/wp-json\/wp\/v2\/pages\/705\/revisions\/963"}],"up":[{"embeddable":true,"href":"http:\/\/www.straightforex.com\/es\/wp-json\/wp\/v2\/pages\/661"}],"wp:attachment":[{"href":"http:\/\/www.straightforex.com\/es\/wp-json\/wp\/v2\/media?parent=705"}],"curies":[{"name":"wp","href":"https:\/\/api.w.org\/{rel}","templated":true}]}}