{"id":703,"date":"2016-07-28T16:13:36","date_gmt":"2016-07-28T16:13:36","guid":{"rendered":"http:\/\/www.straightforex.com\/es\/?page_id=703"},"modified":"2016-08-03T00:06:05","modified_gmt":"2016-08-03T00:06:05","slug":"f-optima-y-f-segura","status":"publish","type":"page","link":"http:\/\/www.straightforex.com\/es\/curso-avanzado-de-forex\/gestion-del-capital\/f-optima-y-f-segura\/","title":{"rendered":"F \u00f3ptima y F segura"},"content":{"rendered":"<p>Estas t\u00e9cnicas de Administraci\u00f3n del Capital fueron desarrolladas por Ralph Vince y establecen que existe una fracci\u00f3n \u00f3ptima que produce mejores resultados para cualquier conjunto de operaciones.<\/p>\n<p>La F \u00f3ptima puede tener efectos fenomenales cuando se trata de ganancias, pero puede tambi\u00e9n tener un efecto desastroso cuando se trata de las p\u00e9rdidas.<\/p>\n<p>La t\u00e9cnica de la F Segura es solo una variaci\u00f3n de la F \u00d3ptima.<\/p>\n<p>El principal punto en contra de esta teor\u00eda es que la funci\u00f3n \u00f3ptima se obtiene de un conjunto determinado de operaciones, resultados hist\u00f3ricos. En otras palabras, hubieran producido excelentes resultados en esas operaciones en el pasado, lo cual no necesariamente implica que tendr\u00e1n los mismos resultados en el futuro (las operaciones por venir).<\/p>\n<p>Realmente no nos dicen cuanto arriesgar en nuestra pr\u00f3xima operaci\u00f3n y es por esta raz\u00f3n que no veremos m\u00e1s a profundidad este par de t\u00e9cnicas.<\/p>\n","protected":false},"excerpt":{"rendered":"<p>Estas t\u00e9cnicas de Administraci\u00f3n del Capital fueron desarrolladas por Ralph Vince y establecen que existe una fracci\u00f3n \u00f3ptima que produce mejores resultados para cualquier conjunto de operaciones. La F \u00f3ptima puede tener efectos fenomenales cuando se trata de ganancias, pero puede tambi\u00e9n tener un efecto desastroso cuando se trata de las p\u00e9rdidas. La t\u00e9cnica de [&hellip;]<\/p>\n","protected":false},"author":1,"featured_media":0,"parent":661,"menu_order":5,"comment_status":"open","ping_status":"closed","template":"","meta":{"footnotes":""},"class_list":["post-703","page","type-page","status-publish","hentry"],"_links":{"self":[{"href":"http:\/\/www.straightforex.com\/es\/wp-json\/wp\/v2\/pages\/703","targetHints":{"allow":["GET"]}}],"collection":[{"href":"http:\/\/www.straightforex.com\/es\/wp-json\/wp\/v2\/pages"}],"about":[{"href":"http:\/\/www.straightforex.com\/es\/wp-json\/wp\/v2\/types\/page"}],"author":[{"embeddable":true,"href":"http:\/\/www.straightforex.com\/es\/wp-json\/wp\/v2\/users\/1"}],"replies":[{"embeddable":true,"href":"http:\/\/www.straightforex.com\/es\/wp-json\/wp\/v2\/comments?post=703"}],"version-history":[{"count":1,"href":"http:\/\/www.straightforex.com\/es\/wp-json\/wp\/v2\/pages\/703\/revisions"}],"predecessor-version":[{"id":704,"href":"http:\/\/www.straightforex.com\/es\/wp-json\/wp\/v2\/pages\/703\/revisions\/704"}],"up":[{"embeddable":true,"href":"http:\/\/www.straightforex.com\/es\/wp-json\/wp\/v2\/pages\/661"}],"wp:attachment":[{"href":"http:\/\/www.straightforex.com\/es\/wp-json\/wp\/v2\/media?parent=703"}],"curies":[{"name":"wp","href":"https:\/\/api.w.org\/{rel}","templated":true}]}}