{"id":695,"date":"2016-07-28T16:12:16","date_gmt":"2016-07-28T16:12:16","guid":{"rendered":"http:\/\/www.straightforex.com\/es\/?page_id=695"},"modified":"2016-08-03T00:06:05","modified_gmt":"2016-08-03T00:06:05","slug":"fraccion-fija","status":"publish","type":"page","link":"http:\/\/www.straightforex.com\/es\/curso-avanzado-de-forex\/gestion-del-capital\/fraccion-fija\/","title":{"rendered":"Fracci\u00f3n Fija"},"content":{"rendered":"<p>Esta t\u00e9cnica de AC establece que un operador debe arriesgar un porcentaje fijo del balance de la cuenta en cada operaci\u00f3n. La m\u00e1s grande ventaja de esta t\u00e9cnica es que usted puede cambiar los par\u00e1metros de acuerdo a su perfil de riesgo. Por ejemplo, un operador conservador podr\u00eda usar 1% o incluso 0.5% de riesgo por operaci\u00f3n. Mientras que los operadores con un perfil m\u00e1s alto de riesgo podr\u00edan tomar hasta 5%. Los par\u00e1metros podr\u00edan tambi\u00e9n ser cambiados dependiendo de cuantas y cuales divisas usted opere.<\/p>\n<p>Por ejemplo, supongamos que usted solo opera con dos divisas, la libra y el euro. Usted tambi\u00e9n sabe que la libra es m\u00e1s vol\u00e1til que el euro, y por tanto, est\u00e1 dispuesto a arriesgar menos en las operaciones con libras que en las de euros. De la misma manera,  usted busca arriesgar menos del 2% en su operaci\u00f3n. En este caso, usted podr\u00eda elegir los siguientes par\u00e1metros.<\/p>\n<p>Riesgo por operaci\u00f3n de EUR\/USD = 1.25%<br \/>\nRiesgo por operaci\u00f3n de GBP\/USD = 0.75%<\/p>\n<p>De esta manera usted puede mantener el riesgo conjunto por debajo de 2% y los par\u00e1metros est\u00e1n configurados de manera que usted incremente su probabilidad de tomar ganancias.<\/p>\n<p>Regresando a la cuenta de nuestro operador, observemos los resultados obtenidos de rachas de p\u00e9rdida y ganancia comparables:<\/p>\n<p><img loading=\"lazy\" decoding=\"async\" src=\"http:\/\/www.straightforex.com\/es\/wp-content\/uploads\/12-1.jpg\" alt=\"12\" width=\"589\" height=\"238\" class=\"alignnone size-full wp-image-696\" \/><\/p>\n<p>[Tabla 7]<\/p>\n<p><img loading=\"lazy\" decoding=\"async\" src=\"http:\/\/www.straightforex.com\/es\/wp-content\/uploads\/13-1.jpg\" alt=\"13\" width=\"589\" height=\"238\" class=\"alignnone size-full wp-image-697\" \/><\/p>\n<p>[Tabla 8]<\/p>\n<p>En el escenario perdedor no existe mucha diferencia. Cuando no se usa ninguna t\u00e9cnica de AC el balance habr\u00e1 decrecido $8,000 mientras que cuando se usa, $7,462.<\/p>\n<p>Recuerde sin embargo que esta es solo una muestra de 8 operaciones.<\/p>\n<p>Lo que es interesante acerca de esta t\u00e9cnica es la diferencia que observamos en las ganancias. Cuando no se utiliza ninguna t\u00e9cnica de AC la cuenta presenta un balance de $74,000. Y en el caso en que la t\u00e9cnica de AC fue usada, la cuenta presenta un balance de $79,692. Esta diferencia de $5,692 es solo en 8 operaciones, imagine lo que podr\u00eda hacer por usted en 100 operaciones.<\/p>\n<p>Pero tal y como discutimos anteriormente, la operaci\u00f3n real no es como en este escenario. Para el mismo escenario de p\u00e9rdidas analizado anteriormente, los resultados son los siguientes:<\/p>\n<p><img loading=\"lazy\" decoding=\"async\" src=\"http:\/\/www.straightforex.com\/es\/wp-content\/uploads\/14.jpg\" alt=\"14\" width=\"346\" height=\"346\" class=\"alignnone size-full wp-image-698\" \/><\/p>\n<p>[Tabla 9]<\/p>\n<p><img loading=\"lazy\" decoding=\"async\" src=\"http:\/\/www.straightforex.com\/es\/wp-content\/uploads\/15.jpg\" alt=\"15\" width=\"346\" height=\"346\" class=\"alignnone size-full wp-image-699\" \/><\/p>\n<p>[Tabla 10]<\/p>\n<p>La diferencia entre estos dos enfoques es solo de $14.9. Tome nota sin embargo de que mientras m\u00e1s operaciones consideremos, los resultados usando esta t\u00e9cnica ser\u00edan mucho mejores que sin usar la AC en absoluto. Tome como ejemplo la siguiente secuencia (mismo escenario repetido tres veces):<\/p>\n<p><img loading=\"lazy\" decoding=\"async\" src=\"http:\/\/www.straightforex.com\/es\/wp-content\/uploads\/16.jpg\" alt=\"16\" width=\"589\" height=\"678\" class=\"alignnone size-full wp-image-700\" \/><\/p>\n<p>[Tabla 11]<\/p>\n<p>Cuando no se usa ninguna t\u00e9cnica de AC el balance final de la cuenta es de $35,000 mientras que cuando se aplica esta t\u00e9cnica tendr\u00edamos un balance de $36,414.<\/p>\n<p>Ahora, para el escenario de ganancias consecutivas, los resultados son m\u00e1s evidentes:<\/p>\n<p><img loading=\"lazy\" decoding=\"async\" src=\"http:\/\/www.straightforex.com\/es\/wp-content\/uploads\/17.jpg\" alt=\"17\" width=\"589\" height=\"651\" class=\"alignnone size-full wp-image-701\" \/><\/p>\n<p>[Tabla 12]<\/p>\n<p>Usando el mismo n\u00famero de operaciones que en el ejemplo anterior, los resultados son muy interesantes. Cuando no se aplica ninguna t\u00e9cnica de AC, tenemos $119,000 de ganancias mientras que usando la t\u00e9cnica de Operaciones con Fracci\u00f3n Fija las ganancias se elevan hasta $189,209 con la misma secuencia de operaciones!!! Una diferencia de casi $70,000 Esto es lo que la AC puede hacer por cada operador.<\/p>\n","protected":false},"excerpt":{"rendered":"<p>Esta t\u00e9cnica de AC establece que un operador debe arriesgar un porcentaje fijo del balance de la cuenta en cada operaci\u00f3n. La m\u00e1s grande ventaja de esta t\u00e9cnica es que usted puede cambiar los par\u00e1metros de acuerdo a su perfil de riesgo. Por ejemplo, un operador conservador podr\u00eda usar 1% o incluso 0.5% de riesgo [&hellip;]<\/p>\n","protected":false},"author":1,"featured_media":0,"parent":661,"menu_order":4,"comment_status":"open","ping_status":"closed","template":"","meta":{"footnotes":""},"class_list":["post-695","page","type-page","status-publish","hentry"],"_links":{"self":[{"href":"http:\/\/www.straightforex.com\/es\/wp-json\/wp\/v2\/pages\/695","targetHints":{"allow":["GET"]}}],"collection":[{"href":"http:\/\/www.straightforex.com\/es\/wp-json\/wp\/v2\/pages"}],"about":[{"href":"http:\/\/www.straightforex.com\/es\/wp-json\/wp\/v2\/types\/page"}],"author":[{"embeddable":true,"href":"http:\/\/www.straightforex.com\/es\/wp-json\/wp\/v2\/users\/1"}],"replies":[{"embeddable":true,"href":"http:\/\/www.straightforex.com\/es\/wp-json\/wp\/v2\/comments?post=695"}],"version-history":[{"count":1,"href":"http:\/\/www.straightforex.com\/es\/wp-json\/wp\/v2\/pages\/695\/revisions"}],"predecessor-version":[{"id":702,"href":"http:\/\/www.straightforex.com\/es\/wp-json\/wp\/v2\/pages\/695\/revisions\/702"}],"up":[{"embeddable":true,"href":"http:\/\/www.straightforex.com\/es\/wp-json\/wp\/v2\/pages\/661"}],"wp:attachment":[{"href":"http:\/\/www.straightforex.com\/es\/wp-json\/wp\/v2\/media?parent=695"}],"curies":[{"name":"wp","href":"https:\/\/api.w.org\/{rel}","templated":true}]}}