{"id":668,"date":"2016-07-28T15:52:36","date_gmt":"2016-07-28T15:52:36","guid":{"rendered":"http:\/\/www.straightforex.com\/es\/?page_id=668"},"modified":"2016-08-03T03:21:10","modified_gmt":"2016-08-03T03:21:10","slug":"martingale-y-antimartingale","status":"publish","type":"page","link":"http:\/\/www.straightforex.com\/es\/curso-avanzado-de-forex\/gestion-del-capital\/martingale-y-antimartingale\/","title":{"rendered":"Martingale y Antimartingale"},"content":{"rendered":"<p>B\u00e1sicamente, existen dos enfoques en los que la mayor\u00eda de las t\u00e9cnicas de Administraci\u00f3n del Capital se clasifican: Martingale y Antimartingale.<\/p>\n<h3>Martingale<\/h3>\n<p>Esta teor\u00eda dice que mientras el balance de la cuenta disminuye, el tama\u00f1o de la transacci\u00f3n debe aumentar. Este es un enfoque muy popular entre los apostadores. El principio b\u00e1sico es que mientras la cuenta sufre p\u00e9rdidas la capacidad de recuperarla es mayor.<\/p>\n<p>Tome como ejemplo un volado. Despu\u00e9s de tres caras consecutivas existe una buena posibilidad de que el siguiente resultado sea cruz (aunque en realidad cada uno de los resultados es estad\u00edsticamente independiente). Un apostador apostar\u00eda entonces $100 a que el pr\u00f3ximo resultado es cruz. Si el este resultado en realidad fuera cara, apostar\u00eda entonces $200 a que el siguiente resultado es cruz. Y el apostador continuar\u00eda doblando el tama\u00f1o de la apuesta hasta que el resultado fuera cruz.<\/p>\n<p>Una de las principales debilidades de esta teor\u00eda es que no considera que cada evento es totalmente independiente del otro. En otras palabras, cada intento tiene el 50% de probabilidad de resultar en cara sin importar cuantas cruces se hayan obtenido anteriormente.   <\/p>\n<p>Otra debilidad (aplica directamente a los operadores del mercado) es que el capital no es infinito. En una serie de 100 volados, existe una peque\u00f1a probabilidad de que 11 consecutivos sean caras. Si el apostador estuviera apostando a cruz del 3er volado en adelante duplicando cada vez su apuesta, la \u00faltima apuesta ser\u00eda de $25,600 (si hubiera empezado con $100).<\/p>\n<p><img loading=\"lazy\" decoding=\"async\" src=\"http:\/\/www.straightforex.com\/es\/wp-content\/uploads\/03.jpg\" alt=\"03\" width=\"326\" height=\"245\" class=\"alignnone size-full wp-image-669\" \/><\/p>\n<p>[Tabla 1]<\/p>\n<p>Lo mismo aplica para la operaci\u00f3n del mercado. Imagine un operador con una cuenta de $100,000. Empezar\u00eda arriesgando $1,000 en la primera operaci\u00f3n y doblar\u00eda el tama\u00f1o en cada operaci\u00f3n subsiguiente.<\/p>\n<p><img loading=\"lazy\" decoding=\"async\" src=\"http:\/\/www.straightforex.com\/es\/wp-content\/uploads\/04.jpg\" alt=\"04\" width=\"434\" height=\"224\" class=\"alignnone size-full wp-image-670\" \/><\/p>\n<p>[Tabla 2]<\/p>\n<p>Despu\u00e9s de seis p\u00e9rdidas consecutivas, su balance en la cuenta ser\u00eda de $37,000, y necesitar\u00eda arriesgar $64,000 en su siguiente operaci\u00f3n. Para hacer esto, necesitar\u00eda fondos adicionales.<\/p>\n<h3>Anti-Martingale<\/h3>\n<p>Este enfoque es exactamente lo opuesto al enfoque Martingale. Su teor\u00eda indica que conforme la cuenta incrementa su valor, el tama\u00f1o de la operaci\u00f3n debe tambi\u00e9n aumentar; y cuando la cuenta disminuye en balance, el tama\u00f1o de la operaci\u00f3n debe tambi\u00e9n disminuir. El principio b\u00e1sico de este enfoque es permitir el crecimiento geom\u00e9trico del balance de la cuenta cuando se presentan operaciones exitosas consecutivas, y al mismo tiempo, limita las p\u00e9rdidas en los periodos dif\u00edciles.<\/p>\n<p>Este enfoque tiene mucho m\u00e1s sentido. Cuando usted se siente m\u00e1s confiado en una racha positiva, usted hace operaciones m\u00e1s agresivas, y durante los periodos de p\u00e9rdidas consecutivas cuando usted se siente menos seguro, el riego que toma en la operaci\u00f3n tambi\u00e9n decrece.<\/p>\n<p>De este punto en adelante, solo consideraremos el enfoque anti- martingale.<\/p>\n<p>El \u00fanico problema de este enfoque es que sufre de lo que es llamado apalancamiento asim\u00e9trico. Esto implica que durante los periodos de p\u00e9rdidas, la capacidad de recuperar lo perdido decrece.<\/p>\n<p>Imagine una cuenta de $100,000. Si arriesgamos digamos el 2% en cada operaci\u00f3n, despu\u00e9s de 5 operaciones con p\u00e9rdida consecutiva nuestra cuenta tendr\u00eda un balance de $99,039.21 (una p\u00e9rdida del 9.60% de la cuenta). Sin embargo, para poder regresar al punto de partida necesitaremos un incremento del 10.62% del nuevo balance de la cuenta.<\/p>\n<p><img loading=\"lazy\" decoding=\"async\" src=\"http:\/\/www.straightforex.com\/es\/wp-content\/uploads\/05.jpg\" alt=\"05\" width=\"542\" height=\"221\" class=\"alignnone size-full wp-image-672\" \/><\/p>\n<p>[Tabla 3]<\/p>\n<p>Espero haberlo convencido de que usar una t\u00e9cnica de Administraci\u00f3n del Capital incrementar\u00e1 sus posibilidades de tener \u00e9xito. Al usar AC usted se acercar\u00e1 m\u00e1s a su propio \u00e9xito.<\/p>\n<p>Las siguientes t\u00e9cnicas de AC son Anti-Martingale y son las que estudiaremos en esta lecci\u00f3n: <\/p>\n<p><i class=\"uk-theme-icon-check uk-margin-small-top\"><\/i>   Un contrato por cada $XXXXX<br \/>\n<i class=\"uk-theme-icon-check uk-margin-small-top\"><\/i>   Fracci\u00f3n Fija<br \/>\n<i class=\"uk-theme-icon-check uk-margin-small-top\"><\/i>   F \u00d3ptima y F segura<br \/>\n<i class=\"uk-theme-icon-check uk-margin-small-top\"><\/i>   Raz\u00f3n fija<\/p>\n","protected":false},"excerpt":{"rendered":"<p>B\u00e1sicamente, existen dos enfoques en los que la mayor\u00eda de las t\u00e9cnicas de Administraci\u00f3n del Capital se clasifican: Martingale y Antimartingale. Martingale Esta teor\u00eda dice que mientras el balance de la cuenta disminuye, el tama\u00f1o de la transacci\u00f3n debe aumentar. Este es un enfoque muy popular entre los apostadores. El principio b\u00e1sico es que mientras [&hellip;]<\/p>\n","protected":false},"author":1,"featured_media":0,"parent":661,"menu_order":2,"comment_status":"open","ping_status":"closed","template":"","meta":{"footnotes":""},"class_list":["post-668","page","type-page","status-publish","hentry"],"_links":{"self":[{"href":"http:\/\/www.straightforex.com\/es\/wp-json\/wp\/v2\/pages\/668","targetHints":{"allow":["GET"]}}],"collection":[{"href":"http:\/\/www.straightforex.com\/es\/wp-json\/wp\/v2\/pages"}],"about":[{"href":"http:\/\/www.straightforex.com\/es\/wp-json\/wp\/v2\/types\/page"}],"author":[{"embeddable":true,"href":"http:\/\/www.straightforex.com\/es\/wp-json\/wp\/v2\/users\/1"}],"replies":[{"embeddable":true,"href":"http:\/\/www.straightforex.com\/es\/wp-json\/wp\/v2\/comments?post=668"}],"version-history":[{"count":5,"href":"http:\/\/www.straightforex.com\/es\/wp-json\/wp\/v2\/pages\/668\/revisions"}],"predecessor-version":[{"id":962,"href":"http:\/\/www.straightforex.com\/es\/wp-json\/wp\/v2\/pages\/668\/revisions\/962"}],"up":[{"embeddable":true,"href":"http:\/\/www.straightforex.com\/es\/wp-json\/wp\/v2\/pages\/661"}],"wp:attachment":[{"href":"http:\/\/www.straightforex.com\/es\/wp-json\/wp\/v2\/media?parent=668"}],"curies":[{"name":"wp","href":"https:\/\/api.w.org\/{rel}","templated":true}]}}