{"id":664,"date":"2016-07-28T15:46:50","date_gmt":"2016-07-28T15:46:50","guid":{"rendered":"http:\/\/www.straightforex.com\/es\/?page_id=664"},"modified":"2016-08-03T03:20:35","modified_gmt":"2016-08-03T03:20:35","slug":"todo-acerca-de-la-administracion-del-capital","status":"publish","type":"page","link":"http:\/\/www.straightforex.com\/es\/curso-avanzado-de-forex\/gestion-del-capital\/todo-acerca-de-la-administracion-del-capital\/","title":{"rendered":"Todo Acerca de la Administraci\u00f3n del Capital"},"content":{"rendered":"<p>Antes de revisar los diferentes tipos de Administraci\u00f3n del Capital, debemos tratar de entender \u00bfporqu\u00e9 es recomendable usar un plan de AC?, \u00bfCu\u00e1ndo deben se la AC puesta en pr\u00e1ctica? Y otras cuestiones importantes.<\/p>\n<h3>\u00bfQu\u00e9 es AC?<\/h3>\n<p>Como anteriormente mencionamos, la AC no se trata de a\u00f1adir a una posici\u00f3n, tomar p\u00e9rdidas o ganancias parciales, trailing stops, etc. todo esto es solo parte de un tema distinto llamado Administraci\u00f3n del Riesgo y de la Posici\u00f3n (Lecci\u00f3n 9). La Administraci\u00f3n del Capital se refiere \u00fanicamente a determinar que tanto de la cuenta estar\u00e1 en riesgo en la siguiente transacci\u00f3n.<\/p>\n<h3>\u00bfPor qu\u00e9 usar la Administraci\u00f3n del Capital?<\/h3>\n<p>Al final del d\u00eda, la AC es el aspecto m\u00e1s importante de la operaci\u00f3n de mercados en cuanto se refiere a las p\u00e9rdidas y ganancias. Puede incrementar sus ganancias considerablemente.<\/p>\n<p>Tomemos el siguiente ejemplo:<\/p>\n<p>El siguiente es un escenario hipot\u00e9tico en el que usted logra una serie de ganancias consecutivas:<\/p>\n<p><img loading=\"lazy\" decoding=\"async\" src=\"http:\/\/www.straightforex.com\/es\/wp-content\/uploads\/01.jpg\" alt=\"01\" width=\"542\" height=\"281\" class=\"alignnone size-full wp-image-665\" \/><\/p>\n<p>[Tabla 1]<\/p>\n<p>Si usted tuviera una racha de 38 operaciones que resultaran en ganancia, \u00bfpreferir\u00eda usar la Administraci\u00f3n del Capital? Yo lo har\u00eda, se trata de casi $100,000 de diferencia entre los dos enfoques.<\/p>\n<p>La Administraci\u00f3n del Capital permite que su capital crezca geom\u00e9tricamente, pero al mismo tiempo limita sus p\u00e9rdidas. Tome por ejemplo el mismo escenario hipot\u00e9tico aplicado a una racha de operaciones que resultan en p\u00e9rdida.<\/p>\n<h5>Arriesgando 3% en cada transacci\u00f3n.<\/h5>\n<p><img loading=\"lazy\" decoding=\"async\" src=\"http:\/\/www.straightforex.com\/es\/wp-content\/uploads\/02.jpg\" alt=\"02\" width=\"542\" height=\"285\" class=\"alignnone size-full wp-image-666\" \/><\/p>\n<p>[Tabla 2]<\/p>\n<p>Despu\u00e9s de 33 transacciones sin usar un plan de Administraci\u00f3n del Capital, solo habr\u00edan quedado $1,000 en su cuenta. Esto es una p\u00e9rdida del 99%. De otra forma, usando el esquema que incluye AC, despu\u00e9s de 33 p\u00e9rdidas consecutivas el balance de su cuenta ser\u00eda $35,599, una p\u00e9rdida del 63%.<\/p>\n<p>Las diferencias son evidentes; la Administraci\u00f3n del Capital permite que su capital crezca geom\u00e9tricamente y al mismo tiempo reduce el riesgo de ir a la ruina.<\/p>\n<p>Otra raz\u00f3n importante para considerar usar un plan de Administraci\u00f3n del Capital es el hecho de que no todos las transacciones son ganadoras. A\u00fan los mejores sistemas son correctos solo alrededor del 60% o 70% del tiempo. Por cada 10 transacciones, habr\u00e1 3 \u00f3 4 que culminen con n\u00fameros rojos. Si no aprendemos a tomar riesgos controlados podr\u00edamos terminar en la ruina perdiendo solo 3 o 4 posiciones de cada 10.<\/p>\n<h3>\u00bfCon que tipo de estrategias deber\u00eda usted aplicar la AC? <\/h3>\n<p>En pocas palabras, en todo tipo de estrategias. Debe ser aplicada cuando se realizan operaciones intra-d\u00eda, scalping, operaciones a largo plazo, y cualquier tipo de enfoque de operaci\u00f3n del mercado. Si usted realiza transacciones en el mercado, entonces debe tener un plan de Administraci\u00f3n del Capital.<br \/>\nAC le proporciona ayuda sin importar que tipo de estrategia est\u00e9 usted usando, si hace operaciones basado en rompimientos, siguiendo la tendencia del mercado o en contra de la tendencia, AC le ayudar\u00e1.<\/p>\n<h3>\u00bfCu\u00e1ndo debo empezar a usar un plan de AC?<\/h3>\n<p>Ahora mismo. Deber\u00eda haber empezado con su \u00faltima transacci\u00f3n. Recuerde que la AC es una t\u00e9cnica sumamente \u00fatil que le ayudar\u00e1 a aumentar sus ganancias (increment\u00e1ndolas geom\u00e9tricamente) pero tambi\u00e9n le ayudar\u00e1 a controlar sus p\u00e9rdidas minimizando el riesgo de quebrar su cuenta. No importa el tama\u00f1o de su cuenta, cu\u00e1nto tiempo lleva haciendo transacciones o si usted est\u00e1 operando una cuenta demo, usted deber\u00eda comenzar a usar un plan de Administraci\u00f3n del Capital ahora mismo.<\/p>\n<p>Muchos operadores exitosos se\u00f1alan la AC como el aspecto m\u00e1s importante de la operaci\u00f3n en los mercados. Practicar la AC ahora le ayudar\u00e1 a alcanzar el \u00e9xito m\u00e1s r\u00e1pido o a evitar fracasos devastadores.<\/p>\n","protected":false},"excerpt":{"rendered":"<p>Antes de revisar los diferentes tipos de Administraci\u00f3n del Capital, debemos tratar de entender \u00bfporqu\u00e9 es recomendable usar un plan de AC?, \u00bfCu\u00e1ndo deben se la AC puesta en pr\u00e1ctica? Y otras cuestiones importantes. \u00bfQu\u00e9 es AC? Como anteriormente mencionamos, la AC no se trata de a\u00f1adir a una posici\u00f3n, tomar p\u00e9rdidas o ganancias parciales, [&hellip;]<\/p>\n","protected":false},"author":1,"featured_media":0,"parent":661,"menu_order":1,"comment_status":"open","ping_status":"closed","template":"","meta":{"footnotes":""},"class_list":["post-664","page","type-page","status-publish","hentry"],"_links":{"self":[{"href":"http:\/\/www.straightforex.com\/es\/wp-json\/wp\/v2\/pages\/664","targetHints":{"allow":["GET"]}}],"collection":[{"href":"http:\/\/www.straightforex.com\/es\/wp-json\/wp\/v2\/pages"}],"about":[{"href":"http:\/\/www.straightforex.com\/es\/wp-json\/wp\/v2\/types\/page"}],"author":[{"embeddable":true,"href":"http:\/\/www.straightforex.com\/es\/wp-json\/wp\/v2\/users\/1"}],"replies":[{"embeddable":true,"href":"http:\/\/www.straightforex.com\/es\/wp-json\/wp\/v2\/comments?post=664"}],"version-history":[{"count":2,"href":"http:\/\/www.straightforex.com\/es\/wp-json\/wp\/v2\/pages\/664\/revisions"}],"predecessor-version":[{"id":961,"href":"http:\/\/www.straightforex.com\/es\/wp-json\/wp\/v2\/pages\/664\/revisions\/961"}],"up":[{"embeddable":true,"href":"http:\/\/www.straightforex.com\/es\/wp-json\/wp\/v2\/pages\/661"}],"wp:attachment":[{"href":"http:\/\/www.straightforex.com\/es\/wp-json\/wp\/v2\/media?parent=664"}],"curies":[{"name":"wp","href":"https:\/\/api.w.org\/{rel}","templated":true}]}}