{"id":661,"date":"2016-07-28T15:39:33","date_gmt":"2016-07-28T15:39:33","guid":{"rendered":"http:\/\/www.straightforex.com\/es\/?page_id=661"},"modified":"2016-08-03T03:19:48","modified_gmt":"2016-08-03T03:19:48","slug":"gestion-del-capital","status":"publish","type":"page","link":"http:\/\/www.straightforex.com\/es\/curso-avanzado-de-forex\/gestion-del-capital\/","title":{"rendered":"Gesti\u00f3n del Capital"},"content":{"rendered":"<p>Hemos sido cuestionados muchas veces por gente que busca los secretos para operar exitosamente el mercado Forex, y nuestra respuesta ha sido siempre la misma: <\/p>\n<p>si hay un secreto para operar exitosamente, debe ser guardar el equilibrio entre <strong>tener un buen sistema, un plan de administraci\u00f3n del capital y estar psicol\u00f3gicamente preparado. <\/strong><\/p>\n<p>Cada uno de estos aspectos es igualmente importante y cada operador debe pasar alg\u00fan tiempo estudiando cada uno de ellos.<\/p>\n<p>Usted no puede conducir un auto con un neum\u00e1tico pinchado, o quiz\u00e1s pueda, pero seguro no ir\u00e1 muy lejos. Lo mismo pasa con la operaci\u00f3n del mercado, usted no ir\u00e1 muy lejos si no se esfuerza lo suficiente en cada uno de estos aspectos.<\/p>\n<p>Revisaremos cada uno de los aspectos importantes de la operaci\u00f3n del mercado a trav\u00e9s del programa de entrenamiento, pero por el momento dedicaremos esta lecci\u00f3n a la Administraci\u00f3n del Capital.<\/p>\n<p>Probablemente ha escuchado de algunos operadores del mercado logrando enormes ganancias en esos concursos de operaci\u00f3n organizados por algunos brokers. \u00bfQu\u00e9 tipo de Administraci\u00f3n del Capital es esa? <strong>NINGUNA<\/strong>. <\/p>\n<p>Para lograr una ganancia de, digamos, 100% al mes un operador debe considerar poner en riego un porcentaje similar para obtener estos resultados. Y tomar este tipo de riesgos solo puede llevarnos a vaciar nuestra cuenta tarde o temprano. Usted no puede depender de ese tipo de metodolog\u00eda cuando se quiere hacer de la operaci\u00f3n de los mercados algo m\u00e1s que un hobby, porque el riego de ir a la ruina es demasiado alto.   <\/p>\n<p>Lo que los organizadores de estos concursos no le dicen es el n\u00famero de operadores que acabaron con sus cuentas en dichos eventos y este n\u00famero puede ser tan alto como para llegar a los millares (de los cuales estos brokers logran grandes ganancias). Solo hacen p\u00fablicos los incre\u00edbles resultados que algunos afortunados operadores obtuvieron (y uso la palabra afortunados porque nunca ver\u00e1 al mismo operados dos veces en el podium).<\/p>\n<p>Cuando operan de esta manera es solo cuesti\u00f3n de tiempo hasta que sufran grandes p\u00e9rdidas, superen a las ganancias y finalmente su cuenta estar\u00e1 vac\u00eda. En este punto, el operador se encontrar\u00e1 devastado tanto financiera como emocionalmente y creanme cuando digo que ponerse de vuelta en pie y recuperarse de este golpe es algo dif\u00edcil de hacer.<\/p>\n<p>Afortunadamente, este es precisamente el prop\u00f3sito de la Administraci\u00f3n del Capital (AC): eliminar el riesgo de ir a la ruina. Teniendo un plan de Administraci\u00f3n del Capital usted est\u00e1 asegur\u00e1ndose de poder tener operaciones el d\u00eda de ma\u00f1ana, la pr\u00f3xima semana, mes y a\u00f1os por venir.<\/p>\n<p>La AC no debe confundirse con la Administraci\u00f3n del riesgo y de la posici\u00f3n (trailing stops, posicionamiento del stop loss y nivel de toma de ganancias, a\u00f1adirle a una posici\u00f3n, etc.)  AC responde solo una pregunta: \u00bfQu\u00e9 tan grande debe ser mi posici\u00f3n  (trade size o tama\u00f1o de la posici\u00f3n) en mi pr\u00f3xima transacci\u00f3n? Y esa es justo la pregunta que vamos a resolver en esta lecci\u00f3n.<\/p>\n<p>En esta lecci\u00f3n veremos: <\/p>\n<h3><a href=\"http:\/\/www.straightforex.com\/es\/curso-avanzado-de-forex\/gestion-del-capital\/todo-acerca-de-la-administracion-del-capital\/\">Secci\u00f3n 2: Todo acerca de la Gesti\u00f3n del Capital<\/a><\/h3>\n<p> Explicaci\u00f3n de todo lo que tienes que saber acerca de la AC<\/p>\n<h3><a href=\"http:\/\/www.straightforex.com\/es\/curso-avanzado-de-forex\/gestion-del-capital\/martingale-y-antimartingale\/\">Secci\u00f3n 3: Martingale y Anti-martingale<\/a><\/h3>\n<p> Las dos corrientes m\u00e1s importantes para la AC<\/p>\n<h3><a href=\"http:\/\/www.straightforex.com\/es\/curso-avanzado-de-forex\/gestion-del-capital\/un-contrato-por-cada-xxxx\/\">Secci\u00f3n 4: Un contrato por cada $XXXXX<\/a><\/h3>\n<p> Arriesgar cierta cantidad de lotes por cada &#8220;cantidad&#8221; de capital en cuenta<\/p>\n<h3><a href=\"http:\/\/www.straightforex.com\/es\/curso-avanzado-de-forex\/gestion-del-capital\/fraccion-fija\/\">Secci\u00f3n 5: Fracci\u00f3n Fija<\/a><\/h3>\n<p> Arriesgar un porcentaje del total de la cuenta. <\/p>\n<h3><a href=\"http:\/\/www.straightforex.com\/es\/curso-avanzado-de-forex\/gestion-del-capital\/f-optima-y-f-segura\/\">Secci\u00f3n 6: F \u00d3ptima (y F segura)<\/a><\/h3>\n<p> Otro porcentaje<\/p>\n<h3><a href=\"http:\/\/www.straightforex.com\/es\/curso-avanzado-de-forex\/gestion-del-capital\/razon-fija\/\">Secci\u00f3n 7: Raz\u00f3n Fija<\/a><\/h3>\n<p> T\u00e9cnica desarrollada por Ryan Jones<\/p>\n<h3><a href=\"http:\/\/www.straightforex.com\/es\/curso-avanzado-de-forex\/gestion-del-capital\/dos-aspectos-importantes-que-deben-considerarse\/\">Secci\u00f3n 8: Dos cosas importantes a considerar<\/a><\/h3>\n<p> Aspectos que no debes de olvidar para sobre la administraci\u00f3n del capital<\/p>\n<h3><a href=\"http:\/\/www.straightforex.com\/es\/curso-avanzado-de-forex\/gestion-del-capital\/resumen-gestion-del-capital\/\">Secci\u00f3n 9: Resumen<\/a><\/h3>\n<p>Breve resumen de la lecci\u00f3n.<\/p>\n","protected":false},"excerpt":{"rendered":"<p>Hemos sido cuestionados muchas veces por gente que busca los secretos para operar exitosamente el mercado Forex, y nuestra respuesta ha sido siempre la misma: si hay un secreto para operar exitosamente, debe ser guardar el equilibrio entre tener un buen sistema, un plan de administraci\u00f3n del capital y estar psicol\u00f3gicamente preparado. Cada uno de [&hellip;]<\/p>\n","protected":false},"author":1,"featured_media":0,"parent":577,"menu_order":3,"comment_status":"open","ping_status":"closed","template":"","meta":{"footnotes":""},"class_list":["post-661","page","type-page","status-publish","hentry"],"_links":{"self":[{"href":"http:\/\/www.straightforex.com\/es\/wp-json\/wp\/v2\/pages\/661","targetHints":{"allow":["GET"]}}],"collection":[{"href":"http:\/\/www.straightforex.com\/es\/wp-json\/wp\/v2\/pages"}],"about":[{"href":"http:\/\/www.straightforex.com\/es\/wp-json\/wp\/v2\/types\/page"}],"author":[{"embeddable":true,"href":"http:\/\/www.straightforex.com\/es\/wp-json\/wp\/v2\/users\/1"}],"replies":[{"embeddable":true,"href":"http:\/\/www.straightforex.com\/es\/wp-json\/wp\/v2\/comments?post=661"}],"version-history":[{"count":4,"href":"http:\/\/www.straightforex.com\/es\/wp-json\/wp\/v2\/pages\/661\/revisions"}],"predecessor-version":[{"id":960,"href":"http:\/\/www.straightforex.com\/es\/wp-json\/wp\/v2\/pages\/661\/revisions\/960"}],"up":[{"embeddable":true,"href":"http:\/\/www.straightforex.com\/es\/wp-json\/wp\/v2\/pages\/577"}],"wp:attachment":[{"href":"http:\/\/www.straightforex.com\/es\/wp-json\/wp\/v2\/media?parent=661"}],"curies":[{"name":"wp","href":"https:\/\/api.w.org\/{rel}","templated":true}]}}