{"id":651,"date":"2016-07-28T15:27:36","date_gmt":"2016-07-28T15:27:36","guid":{"rendered":"http:\/\/www.straightforex.com\/es\/?page_id=651"},"modified":"2016-08-03T03:15:33","modified_gmt":"2016-08-03T03:15:33","slug":"resumen-mapeando-los-graficos","status":"publish","type":"page","link":"http:\/\/www.straightforex.com\/es\/curso-avanzado-de-forex\/mapeando-los-graficos\/resumen-mapeando-los-graficos\/","title":{"rendered":"Resumen: Mapeando los Gr\u00e1ficos"},"content":{"rendered":"<p>En esta lecci\u00f3n, vimos la mec\u00e1nica de c\u00f3mo se puede determinar la tendencia en el corto plazo en cualquier momento. Es una manera muy sencilla, objetiva y a la vez eficaz de hacerlo. <\/p>\n<p>En ocasiones cuando utilizamos indicadores para determinar la tendencia podemos tener escenarios en donde la tendencia no est\u00e1 definida, por el otro lado, con esta metodolog\u00eda, puedes determinar la tendencia en cualquier momento. <\/p>\n<p>Aseg\u00farate de entender lo siguiente:<\/p>\n<p><i class=\"uk-theme-icon-check uk-margin-small-top\"><\/i>   Qu\u00e9 son los PP y porqu\u00e9 funcionan<br \/>\n<i class=\"uk-theme-icon-check uk-margin-small-top\"><\/i>   C\u00f3mo es la mec\u00e1nica de la metodolog\u00eda y porqu\u00e9 funciona<br \/>\n<i class=\"uk-theme-icon-check uk-margin-small-top\"><\/i>   Otros usos para la metodolog\u00eda<\/p>\n<p>Buena suerte! <\/p>\n","protected":false},"excerpt":{"rendered":"<p>En esta lecci\u00f3n, vimos la mec\u00e1nica de c\u00f3mo se puede determinar la tendencia en el corto plazo en cualquier momento. Es una manera muy sencilla, objetiva y a la vez eficaz de hacerlo. En ocasiones cuando utilizamos indicadores para determinar la tendencia podemos tener escenarios en donde la tendencia no est\u00e1 definida, por el otro [&hellip;]<\/p>\n","protected":false},"author":1,"featured_media":0,"parent":622,"menu_order":7,"comment_status":"open","ping_status":"closed","template":"","meta":{"footnotes":""},"class_list":["post-651","page","type-page","status-publish","hentry"],"_links":{"self":[{"href":"http:\/\/www.straightforex.com\/es\/wp-json\/wp\/v2\/pages\/651","targetHints":{"allow":["GET"]}}],"collection":[{"href":"http:\/\/www.straightforex.com\/es\/wp-json\/wp\/v2\/pages"}],"about":[{"href":"http:\/\/www.straightforex.com\/es\/wp-json\/wp\/v2\/types\/page"}],"author":[{"embeddable":true,"href":"http:\/\/www.straightforex.com\/es\/wp-json\/wp\/v2\/users\/1"}],"replies":[{"embeddable":true,"href":"http:\/\/www.straightforex.com\/es\/wp-json\/wp\/v2\/comments?post=651"}],"version-history":[{"count":2,"href":"http:\/\/www.straightforex.com\/es\/wp-json\/wp\/v2\/pages\/651\/revisions"}],"predecessor-version":[{"id":958,"href":"http:\/\/www.straightforex.com\/es\/wp-json\/wp\/v2\/pages\/651\/revisions\/958"}],"up":[{"embeddable":true,"href":"http:\/\/www.straightforex.com\/es\/wp-json\/wp\/v2\/pages\/622"}],"wp:attachment":[{"href":"http:\/\/www.straightforex.com\/es\/wp-json\/wp\/v2\/media?parent=651"}],"curies":[{"name":"wp","href":"https:\/\/api.w.org\/{rel}","templated":true}]}}