{"id":647,"date":"2016-07-28T15:22:59","date_gmt":"2016-07-28T15:22:59","guid":{"rendered":"http:\/\/www.straightforex.com\/es\/?page_id=647"},"modified":"2016-08-03T00:06:05","modified_gmt":"2016-08-03T00:06:05","slug":"nuestro-enfoque-aplicado-al-largo-plazo","status":"publish","type":"page","link":"http:\/\/www.straightforex.com\/es\/curso-avanzado-de-forex\/mapeando-los-graficos\/nuestro-enfoque-aplicado-al-largo-plazo\/","title":{"rendered":"Nuestro enfoque aplicado al largo plazo"},"content":{"rendered":"<p>En lugar de calcular el PP usando los datos de la sesi\u00f3n anterior, los calculamos usando los datos de la semana o mes anterior. Estos dos niveles (el PP semanal y mensual) nos dice como esta el sentimiento de los operadores e inversionistas en el largo plazo. <\/p>\n<p>Tambi\u00e9n calculamos los niveles HOPS\u00b4s y LOPS\u00b4s basados en los datos semanales o mensuales. HOPS1 y HOPS2 incluir\u00e1 el m\u00e1ximo y m\u00ednimo del mes o semana anterior mientras que el HOPS2 y LOPS2 se refiere a los datos dos meses o semanas anteriores dependiendo del caso.<\/p>\n<h3>Identificaci\u00f3n de la tendencia de largo plazo<\/h3>\n<p><img loading=\"lazy\" decoding=\"async\" src=\"http:\/\/www.straightforex.com\/es\/wp-content\/uploads\/7-01.gif\" alt=\"7-01\" width=\"1024\" height=\"725\" class=\"alignnone size-full wp-image-649\" \/><\/p>\n<p>[Gr\u00e1fica 1]<\/p>\n<p>Como puedes ver en esta gr\u00e1fica, en la presente semana, el mercado esta operando por debajo del PP, lo que nos indica que el sentimiento del mercado es bajista. Cualquier patr\u00f3n de cambio de tendencia en esa direcci\u00f3n activar\u00eda nuestra se\u00f1al de venta.<\/p>\n<h3>Operar basados en niveles importantes<\/h3>\n<p>Por razones obvias, cuando operamos a m\u00e1s largo plazo tenemos que usar niveles de stop y toma de ganancias m\u00e1s amplios.<\/p>\n<p><img loading=\"lazy\" decoding=\"async\" src=\"http:\/\/www.straightforex.com\/es\/wp-content\/uploads\/7-02.gif\" alt=\"7-02\" width=\"1024\" height=\"673\" class=\"alignnone size-full wp-image-648\" \/><\/p>\n<p>[Gr\u00e1fica 2]<\/p>\n<p>Aqu\u00ed primero tenemos una operaci\u00f3n en el nivel del PP en direcci\u00f3n de una posible tendencia (primera flecha), una shooting star activa nuestra operaci\u00f3n (en este caso usamos una RPR 2:1). La siguiente flecha es una operaci\u00f3n en contra de una posible tendencia. Un hammer en LOPS1 activa nuestra se\u00f1al de compra (en este caso usamos una RPR de 3:1 o 4:1).<\/p>\n<p>En la primera operaci\u00f3n nuestro nivel de entrada es 1.7671, el stop es fijado en 1.7721 y el nivel de toma de ganancias en 1.7565.<\/p>\n<p>En nuestra segunda operaci\u00f3n nuestro nivel de entrada es 1.7550, SL en 1.7510 y el nivel de toma de ganancias (TP) en 1.7700<\/p>\n<p>Como podemos ver nuestra metodolog\u00eda y enfoque puede ser aplicado tambi\u00e9n para hacer operaciones en el largo plazo. <\/p>\n","protected":false},"excerpt":{"rendered":"<p>En lugar de calcular el PP usando los datos de la sesi\u00f3n anterior, los calculamos usando los datos de la semana o mes anterior. Estos dos niveles (el PP semanal y mensual) nos dice como esta el sentimiento de los operadores e inversionistas en el largo plazo. Tambi\u00e9n calculamos los niveles HOPS\u00b4s y LOPS\u00b4s basados [&hellip;]<\/p>\n","protected":false},"author":1,"featured_media":0,"parent":622,"menu_order":6,"comment_status":"open","ping_status":"closed","template":"","meta":{"footnotes":""},"class_list":["post-647","page","type-page","status-publish","hentry"],"_links":{"self":[{"href":"http:\/\/www.straightforex.com\/es\/wp-json\/wp\/v2\/pages\/647","targetHints":{"allow":["GET"]}}],"collection":[{"href":"http:\/\/www.straightforex.com\/es\/wp-json\/wp\/v2\/pages"}],"about":[{"href":"http:\/\/www.straightforex.com\/es\/wp-json\/wp\/v2\/types\/page"}],"author":[{"embeddable":true,"href":"http:\/\/www.straightforex.com\/es\/wp-json\/wp\/v2\/users\/1"}],"replies":[{"embeddable":true,"href":"http:\/\/www.straightforex.com\/es\/wp-json\/wp\/v2\/comments?post=647"}],"version-history":[{"count":1,"href":"http:\/\/www.straightforex.com\/es\/wp-json\/wp\/v2\/pages\/647\/revisions"}],"predecessor-version":[{"id":650,"href":"http:\/\/www.straightforex.com\/es\/wp-json\/wp\/v2\/pages\/647\/revisions\/650"}],"up":[{"embeddable":true,"href":"http:\/\/www.straightforex.com\/es\/wp-json\/wp\/v2\/pages\/622"}],"wp:attachment":[{"href":"http:\/\/www.straightforex.com\/es\/wp-json\/wp\/v2\/media?parent=647"}],"curies":[{"name":"wp","href":"https:\/\/api.w.org\/{rel}","templated":true}]}}