{"id":641,"date":"2016-07-28T15:21:08","date_gmt":"2016-07-28T15:21:08","guid":{"rendered":"http:\/\/www.straightforex.com\/es\/?page_id=641"},"modified":"2016-08-03T00:06:05","modified_gmt":"2016-08-03T00:06:05","slug":"usando-el-pp-hopss-lopss-como-una-senal","status":"publish","type":"page","link":"http:\/\/www.straightforex.com\/es\/curso-avanzado-de-forex\/mapeando-los-graficos\/usando-el-pp-hopss-lopss-como-una-senal\/","title":{"rendered":"Usando el PP, HOPS\u00b4s, LOPS\u00b4s como una se\u00f1al"},"content":{"rendered":"<p>Como mencionamos anteriormente, estos niveles tienen una alta probabilidad de actuar como puntos de reacci\u00f3n, el mercado puede cambiar de tendencia en estos niveles, retroceder un poco, el mercado puede pararse en estos niveles o puede romperlos con fuerza. Vamos a ver diferentes escenarios.<\/p>\n<p>Usando estos niveles por si solos para tomar decisiones de compra o venta es de alguna manera impropio. Necesitamos combinar estos niveles con el comportamiento del precio para hacer que nuestras se\u00f1ales sean m\u00e1s fuertes y efectivas.<\/p>\n<p>El uso mas com\u00fan para estos niveles es ciando el mercado retrocede de estos niveles y el comportamiento del precio sugiere que va a haber un cambio de direcci\u00f3n o tendencia.<\/p>\n<h3>1. Una operaci\u00f3n cuando LOPS rechaza al mercado en direcci\u00f3n de la tendencia.<\/h3>\n<p><img loading=\"lazy\" decoding=\"async\" src=\"http:\/\/www.straightforex.com\/es\/wp-content\/uploads\/6-01.gif\" alt=\"6-01\" width=\"1024\" height=\"673\" class=\"alignnone size-full wp-image-642\" \/><\/p>\n<p>[Gr\u00e1fica 1]<\/p>\n<p>Cuando acaba la sesi\u00f3n anterior, el mercado va hacia abajo y rompe r\u00e1pidamente el nivel LOPS1. Luego regresa al nivel LOPS1; esto nos muestra que el sentimiento del mercado es bajista activando nuestra se\u00f1al (con el patr\u00f3n de vela de cambio de tendencia). Cuando el mercado opera por debajo de LOPS1 se considera que esta en una tendencia fuerte bajista, esto nos indica que existe la posibilidad de que el mercado alcance valores inferiores. En este caso, utilizamos una RPR de 2:1. Si nuestra entrada hubiera sido en 1.2508 y nuestro nivel de paro (stop loss) 15 pips por arriba (1.2523), entonces nuestro nivel de toma de ganancias fuera 1.2478, 30 pips por debajo de nuestro nivel de entrada.<\/p>\n<p>Nota: los patrones de vela de cambio de tendencia cuando el mercado se acerca a LOPS2. Estas formaciones sugieren un cambio de tendencia pero no es sabio hacer operaciones en contra de la tendencia, nosotros nunca comprar\u00edamos en esos niveles.<\/p>\n<h3>2. Una operaci\u00f3n desde el PP en direcci\u00f3n de la tendencia.<\/h3>\n<p><img loading=\"lazy\" decoding=\"async\" src=\"http:\/\/www.straightforex.com\/es\/wp-content\/uploads\/6-02.gif\" alt=\"6-02\" width=\"1024\" height=\"673\" class=\"alignnone size-full wp-image-643\" \/><\/p>\n<p>[Gr\u00e1fica 2]<\/p>\n<p>Cuando la sesi\u00f3n anterior esta por terminar, el mercado se dirige a LOPS1. Durante toda la sesi\u00f3n el mercado se mantuvo por debajo del PP indic\u00e1ndonos que el sentimiento es bajista y que una posible tendencia bajista se estaba desarrollando. <\/p>\n<p>Tambi\u00e9n nota que el mercado esta tambi\u00e9n operando por debajo de LOPS2, pero no tuvo \u00e9xito en penetrar LOPS1, por ende no sabemos si una tendencia se esta desarrollando. Por esta raz\u00f3n usamos una RPR de 2:1. La shooting star en el PP activa nuestra se\u00f1al de venta.<\/p>\n<p><img loading=\"lazy\" decoding=\"async\" src=\"http:\/\/www.straightforex.com\/es\/wp-content\/uploads\/6-03.gif\" alt=\"6-03\" width=\"1024\" height=\"673\" class=\"alignnone size-full wp-image-644\" \/><\/p>\n<p>[Gr\u00e1fica 3]<\/p>\n<p>Aqu\u00ed tenemos otro ejemplo de una operaci\u00f3n en el PP en direcci\u00f3n de la tendencia. Esta vez un hammer activa nuestra se\u00f1al. Usamos el mismo RPR porque aunque el sentimiento es alcista, el mercado encontr\u00f3 en HOPS1 una fuerte resistencia. <\/p>\n<h3>3. Una operaci\u00f3n en LOPS en contra de la tendencia<\/h3>\n<p><img loading=\"lazy\" decoding=\"async\" src=\"http:\/\/www.straightforex.com\/es\/wp-content\/uploads\/6-04.gif\" alt=\"6-04\" width=\"1024\" height=\"673\" class=\"alignnone size-full wp-image-645\" \/><\/p>\n<p>[Gr\u00e1fica 4]<\/p>\n<p>En esta gr\u00e1fica el mercado opera por debajo del PP cuando la sesi\u00f3n comienza, pero es rechazada por LOPS1 y LOPS2. Despu\u00e9s, penetra el PP y se regresa r\u00e1pidamente. Esto nos da una idea de que probablemente el mercado se comporte en rangos. Luego el mercado regresa a probar los dos LOPS\u00b4s y deja en el camino un buen hammer activando nuestra se\u00f1al.<\/p>\n<p>En este caso usamos un RPR de 3:1 porque aunque el mercado puede estar en rangos, el sentimiento del mercado aun es bajista (el mercado esta operando por debajo del PP). Generalmente hablando las operaciones en direcci\u00f3n de la tendencia tienen una probabilidad mayor de \u00e9xito que aquellos hechos en contra de la tendencia. Mientras m\u00e1s riesgoso es una operaci\u00f3n, debemos intentar tomar m\u00e1s ganancias en la operaci\u00f3n. <\/p>\n<p>Si hubi\u00e9ramos tomado esta operaci\u00f3n; compra en 1.8377 y nuestro nivel de stop ser\u00eda 1.8357, entonces nuestro nivel de toma de ganancias estar\u00eda ubicado alrededor de 1.8437, como puedes ver, nuestro nivel de toma de ganancia no se hubiera activado ya que el valor m\u00e1ximo que alcanz\u00f3 el mercado fue 1.8433 y luego se regreso al nivel del PP. En esencia, esta operaci\u00f3n fallo porque existen mas probabilidades de que falle una operaci\u00f3n cuando la hacemos en contra de la tendencia, es por eso que tenemos que compensarlo usando una RPR mas alta.<\/p>\n","protected":false},"excerpt":{"rendered":"<p>Como mencionamos anteriormente, estos niveles tienen una alta probabilidad de actuar como puntos de reacci\u00f3n, el mercado puede cambiar de tendencia en estos niveles, retroceder un poco, el mercado puede pararse en estos niveles o puede romperlos con fuerza. Vamos a ver diferentes escenarios. Usando estos niveles por si solos para tomar decisiones de compra [&hellip;]<\/p>\n","protected":false},"author":1,"featured_media":0,"parent":622,"menu_order":5,"comment_status":"open","ping_status":"closed","template":"","meta":{"footnotes":""},"class_list":["post-641","page","type-page","status-publish","hentry"],"_links":{"self":[{"href":"http:\/\/www.straightforex.com\/es\/wp-json\/wp\/v2\/pages\/641","targetHints":{"allow":["GET"]}}],"collection":[{"href":"http:\/\/www.straightforex.com\/es\/wp-json\/wp\/v2\/pages"}],"about":[{"href":"http:\/\/www.straightforex.com\/es\/wp-json\/wp\/v2\/types\/page"}],"author":[{"embeddable":true,"href":"http:\/\/www.straightforex.com\/es\/wp-json\/wp\/v2\/users\/1"}],"replies":[{"embeddable":true,"href":"http:\/\/www.straightforex.com\/es\/wp-json\/wp\/v2\/comments?post=641"}],"version-history":[{"count":1,"href":"http:\/\/www.straightforex.com\/es\/wp-json\/wp\/v2\/pages\/641\/revisions"}],"predecessor-version":[{"id":646,"href":"http:\/\/www.straightforex.com\/es\/wp-json\/wp\/v2\/pages\/641\/revisions\/646"}],"up":[{"embeddable":true,"href":"http:\/\/www.straightforex.com\/es\/wp-json\/wp\/v2\/pages\/622"}],"wp:attachment":[{"href":"http:\/\/www.straightforex.com\/es\/wp-json\/wp\/v2\/media?parent=641"}],"curies":[{"name":"wp","href":"https:\/\/api.w.org\/{rel}","templated":true}]}}