{"id":639,"date":"2016-07-28T15:18:32","date_gmt":"2016-07-28T15:18:32","guid":{"rendered":"http:\/\/www.straightforex.com\/es\/?page_id=639"},"modified":"2016-08-03T03:13:58","modified_gmt":"2016-08-03T03:13:58","slug":"rpr-basado-en-nuestro-enfoque","status":"publish","type":"page","link":"http:\/\/www.straightforex.com\/es\/curso-avanzado-de-forex\/mapeando-los-graficos\/rpr-basado-en-nuestro-enfoque\/","title":{"rendered":"RPR basado en nuestro enfoque"},"content":{"rendered":"<p>Vamos a hablar m\u00e1s y tocar fondo en este tema en la siguiente sesi\u00f3n. Por ahora, te vamos a mostrar como decidimos la RPR basados en nuestro sistema.<\/p>\n<p>La mec\u00e1nica es simple, cuando operamos en contra de una posible tendencia, la RPR siempre tiene que se mayor que cuando operamos en direcci\u00f3n de la tendencia. Esto es porque las operaciones en direcci\u00f3n de la tendencia tienen una probabilidad de \u00e9xito mucho mayor, por lo tanto es m\u00e1s riesgoso operar en contra de una tendencia y debemos estar dispuestos a ganar m\u00e1s en este tipo de operaciones. <\/p>\n<p>Nota que usamos \u201cposible tendencia\u201d porque todav\u00eda no estamos seguros de ella; lo estaremos hasta que haya un rompimiento de LOPS1 o HOPS1.<\/p>\n<p>Usa los siguientes lineamientos:<\/p>\n<p><strong>Cuando el mercado se encuentra operando entre HOPS1 y HOPS2<\/strong><\/p>\n<p><i class=\"uk-theme-icon-check uk-margin-small-top\"><\/i>   Una operaci\u00f3n hecha cuando el mercado es rechazado del PP (en direcci\u00f3n de una posible tendencia), usamos una RPR de 2:1<br \/>\n<i class=\"uk-theme-icon-check uk-margin-small-top\"><\/i>   Una operaci\u00f3n en ambos lados (compra y venta) cuando el mercado es rechazado del PP (cuando el mercado esta en rangos), usamos una PRP de 2:1<br \/>\n<i class=\"uk-theme-icon-check uk-margin-small-top\"><\/i>   Una operaci\u00f3n en contra de una posible tendencia usamos no menos de 3:1<\/p>\n<p><strong>Cuando el mercado esta por encima de HOPS1 o por debajo de LOPS1<\/strong><\/p>\n<p><i class=\"uk-theme-icon-check uk-margin-small-top\"><\/i>   Una operaci\u00f3n en direcci\u00f3n de la tendencia, usamos una RPR de 2:1<br \/>\n<i class=\"uk-theme-icon-check uk-margin-small-top\"><\/i>   Nunca tomamos operaciones en contra de una tendencia identificada.<\/p>\n<p><strong>Cuando el mercado esta por encima de los dos HOPS\u00b4s o por debajo de los dos LOPS\u00b4s<\/strong><\/p>\n<p><i class=\"uk-theme-icon-check uk-margin-small-top\"><\/i>   Una operaci\u00f3n en direcci\u00f3n de la tendencia, RPR de 3:1<br \/>\n<i class=\"uk-theme-icon-check uk-margin-small-top\"><\/i>   Nunca tomamos operaciones en contra de una tendencia identificada.<\/p>\n<p>Cuando usemos estos lineamientos siempre vamos a estar seguros de que en el largo plazo vamos a tener resultados positivos.<\/p>\n","protected":false},"excerpt":{"rendered":"<p>Vamos a hablar m\u00e1s y tocar fondo en este tema en la siguiente sesi\u00f3n. Por ahora, te vamos a mostrar como decidimos la RPR basados en nuestro sistema. La mec\u00e1nica es simple, cuando operamos en contra de una posible tendencia, la RPR siempre tiene que se mayor que cuando operamos en direcci\u00f3n de la tendencia. [&hellip;]<\/p>\n","protected":false},"author":1,"featured_media":0,"parent":622,"menu_order":4,"comment_status":"open","ping_status":"closed","template":"","meta":{"footnotes":""},"class_list":["post-639","page","type-page","status-publish","hentry"],"_links":{"self":[{"href":"http:\/\/www.straightforex.com\/es\/wp-json\/wp\/v2\/pages\/639","targetHints":{"allow":["GET"]}}],"collection":[{"href":"http:\/\/www.straightforex.com\/es\/wp-json\/wp\/v2\/pages"}],"about":[{"href":"http:\/\/www.straightforex.com\/es\/wp-json\/wp\/v2\/types\/page"}],"author":[{"embeddable":true,"href":"http:\/\/www.straightforex.com\/es\/wp-json\/wp\/v2\/users\/1"}],"replies":[{"embeddable":true,"href":"http:\/\/www.straightforex.com\/es\/wp-json\/wp\/v2\/comments?post=639"}],"version-history":[{"count":2,"href":"http:\/\/www.straightforex.com\/es\/wp-json\/wp\/v2\/pages\/639\/revisions"}],"predecessor-version":[{"id":956,"href":"http:\/\/www.straightforex.com\/es\/wp-json\/wp\/v2\/pages\/639\/revisions\/956"}],"up":[{"embeddable":true,"href":"http:\/\/www.straightforex.com\/es\/wp-json\/wp\/v2\/pages\/622"}],"wp:attachment":[{"href":"http:\/\/www.straightforex.com\/es\/wp-json\/wp\/v2\/media?parent=639"}],"curies":[{"name":"wp","href":"https:\/\/api.w.org\/{rel}","templated":true}]}}