{"id":635,"date":"2016-07-28T15:16:11","date_gmt":"2016-07-28T15:16:11","guid":{"rendered":"http:\/\/www.straightforex.com\/es\/?page_id=635"},"modified":"2016-08-03T03:14:36","modified_gmt":"2016-08-03T03:14:36","slug":"usando-nuestro-enfoque-para-identificar-la-tendencia","status":"publish","type":"page","link":"http:\/\/www.straightforex.com\/es\/curso-avanzado-de-forex\/mapeando-los-graficos\/usando-nuestro-enfoque-para-identificar-la-tendencia\/","title":{"rendered":"Usando nuestro enfoque para identificar la tendencia"},"content":{"rendered":"<p>B\u00e1sicamente nosotros usamos nuestro m\u00e9todo para hacer un mapa de nuestra gr\u00e1fica de tres maneras: Identificaci\u00f3n de la tendencia (y medir la fuerza de la tendencia), para operar basados en niveles importantes y para decidir la raz\u00f3n premio riesgo (RPR*) de una operaci\u00f3n. <\/p>\n<p><em>*RPR es la proporci\u00f3n de lo que esperamos ganar en una operaci\u00f3n y lo que estamos arriesgando en dicha posici\u00f3n. Por ejemplo, si esperamos ganar 60 pips y estamos arriesgando 20 pips en una operaci\u00f3n, la RPR es 3:1 (60\/30=3).<\/em><\/p>\n<p>Identificar la tendencia es el uso m\u00e1s importante de nuestro enfoque. Es una manera muy simple pero efectiva de medir la tendencia y su fuerza en cualquier momento; nos ayuda a decidir de que lado hacer operaciones.<\/p>\n<h5>Para Determinar la tendencia:<\/h5>\n<p><i class=\"uk-theme-icon-check uk-margin-small-top\"><\/i>   Cuando el mercado se encuentra operando por encima del PP entonces se considera que el mercado es en una <strong>posible tendencia alcista<\/strong>.<br \/>\n<i class=\"uk-theme-icon-check uk-margin-small-top\"><\/i>   Cuando el mercado se encuentra operando por encima de HOPS1 entonces se considera que el mercado esta en una <strong>tendencia alcista fuerte<\/strong>.<br \/>\n<i class=\"uk-theme-icon-check uk-margin-small-top\"><\/i>   Cuando el mercado se encuentra operando por encima de HOPS1 y HOPS2 entonces se considera una <strong>tendencia muy fuerte<\/strong>.<br \/>\n<i class=\"uk-theme-icon-check uk-margin-small-top\"><\/i>   Cuando el mercado se encuentra operando por debajo del PP, se considera que el mercado esta en una <strong>posible tendencia bajista<\/strong><br \/>\n<i class=\"uk-theme-icon-check uk-margin-small-top\"><\/i>   Cuando el mercado se encuentra operando por debajo de LOPS1, se considera que el mercado esta en una <strong>tendencia bajista fuerte<\/strong><br \/>\n<i class=\"uk-theme-icon-check uk-margin-small-top\"><\/i>   Cuando el mercado opera por debajo de LOPS1 y LOPS2 entonces se considera una <strong>tendencia bajista muy fuerte<\/strong>.<br \/>\n<i class=\"uk-theme-icon-check uk-margin-small-top\"><\/i>   Cuando el mercado penetra para arriba y abajo el PP constantemente y es rechazado de los LOPS\u00b4s y HOPS\u00b4s, entonces se considera que es un <strong>mercado en rangos<\/strong>.<\/p>\n<p><img loading=\"lazy\" decoding=\"async\" src=\"http:\/\/www.straightforex.com\/es\/wp-content\/uploads\/4-01.gif\" alt=\"4-01\" width=\"1024\" height=\"673\" class=\"alignnone size-full wp-image-637\" \/><\/p>\n<p>[Gr\u00e1fica 1]<\/p>\n<p>La gr\u00e1fica de arriba muestra una tendencia alcista muy fuerte. El 31 de agosto el mercado falla en penetrar LOPS1. El primero de septiembre el mercado empieza a operar por encima del PP y HOPS2 y luego rompe HOPS1 indicando una tendencia alcista muy fuerte. En ese momento, solo posiciones de compra est\u00e1n en juego.<\/p>\n<p><img loading=\"lazy\" decoding=\"async\" src=\"http:\/\/www.straightforex.com\/es\/wp-content\/uploads\/4-02.gif\" alt=\"4-02\" width=\"1024\" height=\"673\" class=\"alignnone size-full wp-image-636\" \/><\/p>\n<p>[Gr\u00e1fica 2]<\/p>\n<p>Cuando el mercado se encuentra operando en rangos, el precio penetra para abajo y arriba constantemente el PP. Mientras el mercado se encuentre operando por debajo de HOPS1 y por encima de LOPS1 posiciones de compra y venta est\u00e1n en juego.<\/p>\n","protected":false},"excerpt":{"rendered":"<p>B\u00e1sicamente nosotros usamos nuestro m\u00e9todo para hacer un mapa de nuestra gr\u00e1fica de tres maneras: Identificaci\u00f3n de la tendencia (y medir la fuerza de la tendencia), para operar basados en niveles importantes y para decidir la raz\u00f3n premio riesgo (RPR*) de una operaci\u00f3n. *RPR es la proporci\u00f3n de lo que esperamos ganar en una operaci\u00f3n [&hellip;]<\/p>\n","protected":false},"author":1,"featured_media":0,"parent":622,"menu_order":3,"comment_status":"open","ping_status":"closed","template":"","meta":{"footnotes":""},"class_list":["post-635","page","type-page","status-publish","hentry"],"_links":{"self":[{"href":"http:\/\/www.straightforex.com\/es\/wp-json\/wp\/v2\/pages\/635","targetHints":{"allow":["GET"]}}],"collection":[{"href":"http:\/\/www.straightforex.com\/es\/wp-json\/wp\/v2\/pages"}],"about":[{"href":"http:\/\/www.straightforex.com\/es\/wp-json\/wp\/v2\/types\/page"}],"author":[{"embeddable":true,"href":"http:\/\/www.straightforex.com\/es\/wp-json\/wp\/v2\/users\/1"}],"replies":[{"embeddable":true,"href":"http:\/\/www.straightforex.com\/es\/wp-json\/wp\/v2\/comments?post=635"}],"version-history":[{"count":2,"href":"http:\/\/www.straightforex.com\/es\/wp-json\/wp\/v2\/pages\/635\/revisions"}],"predecessor-version":[{"id":957,"href":"http:\/\/www.straightforex.com\/es\/wp-json\/wp\/v2\/pages\/635\/revisions\/957"}],"up":[{"embeddable":true,"href":"http:\/\/www.straightforex.com\/es\/wp-json\/wp\/v2\/pages\/622"}],"wp:attachment":[{"href":"http:\/\/www.straightforex.com\/es\/wp-json\/wp\/v2\/media?parent=635"}],"curies":[{"name":"wp","href":"https:\/\/api.w.org\/{rel}","templated":true}]}}