{"id":625,"date":"2016-07-28T14:54:47","date_gmt":"2016-07-28T14:54:47","guid":{"rendered":"http:\/\/www.straightforex.com\/es\/?page_id=625"},"modified":"2016-08-03T00:06:05","modified_gmt":"2016-08-03T00:06:05","slug":"puntos-pivote","status":"publish","type":"page","link":"http:\/\/www.straightforex.com\/es\/curso-avanzado-de-forex\/mapeando-los-graficos\/puntos-pivote\/","title":{"rendered":"Puntos Pivote"},"content":{"rendered":"<p>En resumen, los puntos pivote (PP) es un nivel en el que el sentimiento de los operadores e inversionistas cambia de alcista a bajista o viceversa. <\/p>\n<h3>\u00bfPor qu\u00e9 funcionan los puntos pivote?<\/h3>\n<p>Los PP funcionan porque muchos inversionistas y operadores (incluyendo operadores de bancos) los usan y conf\u00edan en ellos. Es bien sabido por la mayor\u00eda de los operadores que el PP en una importante medida de la fuerza o debilidad del mercado.<\/p>\n<p>Hay muchas maneras de llegar al c\u00e1lculo del PP. El m\u00e9todo que nosotros hemos encontrado mas efectivo es tomando el promedio del precio de cierre, precio m\u00e1ximo y m\u00ednimo de la sesi\u00f3n anterior.<\/p>\n<p><strong>Punto Pivote (PP) = (Precio de cierre + m\u00e1ximo de la sesi\u00f3n + m\u00ednimo de la sesi\u00f3n)\/3<\/strong><\/p>\n<p>Veamos un ejemplo,<\/p>\n<p>La informaci\u00f3n de la sesi\u00f3n anterior para el EUR\/USD es la siguiente:<\/p>\n<p>Precio de apertura: 1.2386<br \/>\nM\u00e1ximo: 1.2474<br \/>\nM\u00ednimo: 1.2376<br \/>\nPrecio de cierre: 1.2458<\/p>\n<p>Entonces el PP ser\u00eda: <\/p>\n<h5>PP = (1.2474 + 1.2376 + 1.2458) \/ 3 = 1.2436<\/h5>\n<p><strong>\u00bfQu\u00e9 nos dice este n\u00famero? <\/strong><\/p>\n<p>Simplemente nos dice que si el mercado esta operando por encima de el PP, los compradores est\u00e1n ganando la batalla empujando los precios hacia arriba. Y si el mercado esta operando por debajo del PP entonces los vendedores est\u00e1n ganando la batalla empujando a los precios hacia abajo. En los dos casos se espera que esta condici\u00f3n contin\u00fae hasta la pr\u00f3xima sesi\u00f3n.<\/p>\n<p>Ya que el mercado es un mercado de 24hrs (no hay precio de apertura d\u00eda a d\u00eda), esto ha provocado una batalla en decidir en que momentos debemos de tomar el precio de cierre el m\u00e1ximo y m\u00ednimo de cada sesi\u00f3n. Desde nuestro punto de vista, los tiempos que producen niveles mas efectivos es tomar el precio de apertura a la 00:00 GMT y el precio de cierre a las 23:59 GMT ( y los niveles m\u00e1ximos y m\u00ednimos dentro del mismo rango). <\/p>\n<p>Adem\u00e1s del c\u00e1lculo de los PP, hay otros niveles de soporte y resistencia que se calculan utilizando el PP como referencia:<\/p>\n<p>Soporte 1 (S1) = (PP * 2) \u2013 H<br \/>\nResistencia 1 (R1) = (PP * 2) &#8211; L<br \/>\nSoporte 2 (S2) = PP \u2013 (R1 \u2013 S1)<br \/>\nResistencia 2 (R2) = R1 + (PP \u2013 S1)<\/p>\n<p>Donde, <strong>H<\/strong> se refiere al m\u00e1ximo de la sesi\u00f3n anterior y <strong>L<\/strong> al m\u00ednimo de la sesi\u00f3n anterior<\/p>\n<p>Continuando con el ejemplo anterior donde el PP es igual a 1.2436<\/p>\n<p><strong>S1<\/strong> = (1.2436 * 2) &#8211; 1.2474 = 1.2398<br \/>\n<strong>R1<\/strong> = (1.2436 * 2) \u2013 1.2376 = 1.2496<br \/>\n<strong>R2<\/strong> = 1.2496 + (1.2436 \u2013 1.2398) = 1.2338<br \/>\n<strong>S2<\/strong> = 1.2436 \u2013 (1.2496 \u2013 1.2398) = 1.2534<\/p>\n<p>Se supone que estos niveles deben marcar niveles importantes de soporte y resistencia para la sesi\u00f3n en curso.<\/p>\n<p>En la siguiente gr\u00e1fica hemos calculado el PP y los niveles importantes de soporte y resistencia para Septiembre 15<\/p>\n<p><strong>S2<\/strong> = 1.2616<br \/>\n<strong>S1<\/strong> = 1.2579<br \/>\n<strong>PP<\/strong> = 1.2545<br \/>\n<strong>R1<\/strong> = 1.2508<br \/>\n<strong>R2<\/strong> = 1.2474<\/p>\n<p><img loading=\"lazy\" decoding=\"async\" src=\"http:\/\/www.straightforex.com\/es\/wp-content\/uploads\/2-01.gif\" alt=\"2-01\" width=\"1024\" height=\"673\" class=\"alignnone size-full wp-image-626\" \/><\/p>\n<p>[Gr\u00e1fica 1]<\/p>\n<p>Las l\u00edneas verticales separan las sesiones (Septiembre 4 y 5). Como podemos ver el mercado inici\u00f3 yendo por debajo del PP. De ese punto en adelante, debemos de tener cuidado con las operaciones de compra y debemos de pensar en oportunidades de venta, porque el sentimiento de los operadores e inversionistas se esta tornando a bajista. Nota tambi\u00e9n como el PP representa una importante resistencia empezando la sesi\u00f3n del 5 de Septiembre. Tambi\u00e9n el S1 rechaza dos veces el precio cuando el mercado intentaba acercarse a S1. Finalmente, S2 marca un buen nivel de soporte indicando debilidad de los vendedores, lo que nos dice que el sentimiento no es tan bajista como al principio de la sesi\u00f3n. <\/p>\n<p>En el gr\u00e1fico que acabamos de ver, el PP fue calculado usando la informaci\u00f3n de la sesi\u00f3n anterior (ayer). Con esto pudimos ver niveles de soporte y resistencia intrad\u00eda. <\/p>\n<p>Pero tambi\u00e9n podemos usar los datos de la semana pasada o del mes pasado para determinar importantes niveles de mas largo plazo. Al hacer esto podemos percatarnos del sentimiento de los operadores e inversionistas para periodos m\u00e1s largos de tiempo. Tambi\u00e9n podemos ver niveles importantes de soporte y resistencia que podemos ver en la semana o mes. <\/p>\n<p>Calcular los PP semanales y mensuales es usado regularmente por operadores de m\u00e1s largo plazo, pero tambi\u00e9n nos da una buena idea de la tendencia de m\u00e1s largo plazo.<\/p>\n","protected":false},"excerpt":{"rendered":"<p>En resumen, los puntos pivote (PP) es un nivel en el que el sentimiento de los operadores e inversionistas cambia de alcista a bajista o viceversa. \u00bfPor qu\u00e9 funcionan los puntos pivote? Los PP funcionan porque muchos inversionistas y operadores (incluyendo operadores de bancos) los usan y conf\u00edan en ellos. Es bien sabido por la [&hellip;]<\/p>\n","protected":false},"author":1,"featured_media":0,"parent":622,"menu_order":1,"comment_status":"open","ping_status":"closed","template":"","meta":{"footnotes":""},"class_list":["post-625","page","type-page","status-publish","hentry"],"_links":{"self":[{"href":"http:\/\/www.straightforex.com\/es\/wp-json\/wp\/v2\/pages\/625","targetHints":{"allow":["GET"]}}],"collection":[{"href":"http:\/\/www.straightforex.com\/es\/wp-json\/wp\/v2\/pages"}],"about":[{"href":"http:\/\/www.straightforex.com\/es\/wp-json\/wp\/v2\/types\/page"}],"author":[{"embeddable":true,"href":"http:\/\/www.straightforex.com\/es\/wp-json\/wp\/v2\/users\/1"}],"replies":[{"embeddable":true,"href":"http:\/\/www.straightforex.com\/es\/wp-json\/wp\/v2\/comments?post=625"}],"version-history":[{"count":1,"href":"http:\/\/www.straightforex.com\/es\/wp-json\/wp\/v2\/pages\/625\/revisions"}],"predecessor-version":[{"id":627,"href":"http:\/\/www.straightforex.com\/es\/wp-json\/wp\/v2\/pages\/625\/revisions\/627"}],"up":[{"embeddable":true,"href":"http:\/\/www.straightforex.com\/es\/wp-json\/wp\/v2\/pages\/622"}],"wp:attachment":[{"href":"http:\/\/www.straightforex.com\/es\/wp-json\/wp\/v2\/media?parent=625"}],"curies":[{"name":"wp","href":"https:\/\/api.w.org\/{rel}","templated":true}]}}