{"id":622,"date":"2016-07-28T14:45:59","date_gmt":"2016-07-28T14:45:59","guid":{"rendered":"http:\/\/www.straightforex.com\/es\/?page_id=622"},"modified":"2016-08-03T03:12:37","modified_gmt":"2016-08-03T03:12:37","slug":"mapeando-los-graficos","status":"publish","type":"page","link":"http:\/\/www.straightforex.com\/es\/curso-avanzado-de-forex\/mapeando-los-graficos\/","title":{"rendered":"Mapeando los Gr\u00e1ficos"},"content":{"rendered":"<p>Es bien \u00fatil tener un mapa en nuestras gr\u00e1ficas y poder ver en donde se encuentra el precio en relaci\u00f3n a sesiones anteriores. De esta manera podemos ver como se encuentra el sentimiento de los operadores e inversionistas en cualquier momento. <\/p>\n<p>Tambi\u00e9n nos da una idea de que direcci\u00f3n puede tomar el mercado durante una sesi\u00f3n. Esta informaci\u00f3n nos ayuda a decidir de que lado hacer nuestras transacciones de compra o de venta. <\/p>\n<p>Los puntos pivote son una t\u00e9cnica muy popular desarrollada por los operadores de piso que nos ayudan a ver en donde se encuentra el mercado en relaci\u00f3n a sesiones anteriores.<\/p>\n<p>Como definici\u00f3n, <strong>un punto pivote se refiere a un cambio<\/strong>. Lo mismo aplica para el mercado Forex, el punto pivote es un punto en el que el sentimiento de los operadores e inversionistas cambia de alcista a bajista o viceversa. <\/p>\n<p>Si el mercado penetra este nivel para arriba, se dice entonces que el sentimiento es alcista y se espera que el mercado siga en esa tendencia. Por el otro lado, si este nivel es penetrado hacia abajo, se dice que el sentimiento es bajista y se espera que el mercado siga en esa tendencia. <\/p>\n<p>Tambi\u00e9n se espera que el punto pivote ofrezca cierta resistencia o soporte, y si el precio no puede romper este nivel, entonces se espera un cambio de tendencia o direcci\u00f3n del corto plazo. <\/p>\n<p>Los puntos pivote funcionan mejor en mercados con altos niveles de liquidez, como el mercado de divisas.<\/p>\n<p><strong>En esta lecci\u00f3n vamos a cubrir los siguientes temas:<\/strong><\/p>\n<h3><a href=\"http:\/\/www.straightforex.com\/es\/curso-avanzado-de-forex\/mapeando-los-graficos\/puntos-pivote\/\">Secci\u00f3n 2: Puntos Pivote<\/a><\/h3>\n<p> Todo acerca de los puntos pivote-<\/p>\n<h3><a href=\"http:\/\/www.straightforex.com\/es\/curso-avanzado-de-forex\/mapeando-los-graficos\/una-alternativa-mas-objetiva\/\">Secci\u00f3n 3: \u00bfS1, S2, R1 y R2? Una alternativa m\u00e1s objetiva<\/a><\/h3>\n<p> Te vamos a proponer una metodolog\u00eda m\u00e1s objetiva y efectiva.<\/p>\n<h3><a href=\"http:\/\/www.straightforex.com\/es\/curso-avanzado-de-forex\/mapeando-los-graficos\/usando-nuestro-enfoque-para-identificar-la-tendencia\/\">Secci\u00f3n 4: Usando nuestro enfoque para identificar la tendencia<\/a><\/h3>\n<p> Una herramienta importante para evaluar efectivamente la tendencia en cualquier momento. <\/p>\n<h3><a href=\"http:\/\/www.straightforex.com\/es\/curso-avanzado-de-forex\/mapeando-los-graficos\/rpr-basado-en-nuestro-enfoque\/\">Secci\u00f3n 5: RPR basado en nuestro enfoque<\/a><\/h3>\n<p> Como usamos nuestro m\u00e9todo para fijar la Raz\u00f3n Premio Riesgo en cada operaci\u00f3n.<\/p>\n<h3><a href=\"http:\/\/www.straightforex.com\/es\/curso-avanzado-de-forex\/mapeando-los-graficos\/usando-el-pp-hopss-lopss-como-una-senal\/\">Secci\u00f3n 6: Usando el PP, HOPS\u00b4s, LOPS\u00b4s como una se\u00f1al de operaci\u00f3n<\/a><\/h3>\n<p> Nuestro m\u00e9todo tambi\u00e9n nos ayuda a operar el mercado basados en el comportamiento del precio.<\/p>\n<h3><a href=\"http:\/\/www.straightforex.com\/es\/curso-avanzado-de-forex\/mapeando-los-graficos\/nuestro-enfoque-aplicado-al-largo-plazo\/\">Secci\u00f3n 7: Nuestro enfoque aplicado a una estrategia de largo plazo<\/a><\/h3>\n<p> El enfoque tambi\u00e9n puede ser aplicado para operaciones de m\u00e1s largo plazo.<\/p>\n<h3><a href=\"http:\/\/www.straightforex.com\/es\/curso-avanzado-de-forex\/mapeando-los-graficos\/resumen-mapeando-los-graficos\/\">Secci\u00f3n 8: Resumen<\/a><\/h3>\n<p> Breve resumen de toda la lecci\u00f3n<\/p>\n","protected":false},"excerpt":{"rendered":"<p>Es bien \u00fatil tener un mapa en nuestras gr\u00e1ficas y poder ver en donde se encuentra el precio en relaci\u00f3n a sesiones anteriores. De esta manera podemos ver como se encuentra el sentimiento de los operadores e inversionistas en cualquier momento. Tambi\u00e9n nos da una idea de que direcci\u00f3n puede tomar el mercado durante una [&hellip;]<\/p>\n","protected":false},"author":1,"featured_media":0,"parent":577,"menu_order":2,"comment_status":"open","ping_status":"closed","template":"","meta":{"footnotes":""},"class_list":["post-622","page","type-page","status-publish","hentry"],"_links":{"self":[{"href":"http:\/\/www.straightforex.com\/es\/wp-json\/wp\/v2\/pages\/622","targetHints":{"allow":["GET"]}}],"collection":[{"href":"http:\/\/www.straightforex.com\/es\/wp-json\/wp\/v2\/pages"}],"about":[{"href":"http:\/\/www.straightforex.com\/es\/wp-json\/wp\/v2\/types\/page"}],"author":[{"embeddable":true,"href":"http:\/\/www.straightforex.com\/es\/wp-json\/wp\/v2\/users\/1"}],"replies":[{"embeddable":true,"href":"http:\/\/www.straightforex.com\/es\/wp-json\/wp\/v2\/comments?post=622"}],"version-history":[{"count":4,"href":"http:\/\/www.straightforex.com\/es\/wp-json\/wp\/v2\/pages\/622\/revisions"}],"predecessor-version":[{"id":955,"href":"http:\/\/www.straightforex.com\/es\/wp-json\/wp\/v2\/pages\/622\/revisions\/955"}],"up":[{"embeddable":true,"href":"http:\/\/www.straightforex.com\/es\/wp-json\/wp\/v2\/pages\/577"}],"wp:attachment":[{"href":"http:\/\/www.straightforex.com\/es\/wp-json\/wp\/v2\/media?parent=622"}],"curies":[{"name":"wp","href":"https:\/\/api.w.org\/{rel}","templated":true}]}}