{"id":614,"date":"2016-07-28T03:39:58","date_gmt":"2016-07-28T03:39:58","guid":{"rendered":"http:\/\/www.straightforex.com\/es\/?page_id=614"},"modified":"2016-08-03T03:09:54","modified_gmt":"2016-08-03T03:09:54","slug":"resumen-precio-nuestro-mejor-indicador","status":"publish","type":"page","link":"http:\/\/www.straightforex.com\/es\/curso-avanzado-de-forex\/precio-nuestro-mejor-indicador\/resumen-precio-nuestro-mejor-indicador\/","title":{"rendered":"Resumen: Precio, nuestro mejor indicador"},"content":{"rendered":"<p>Bien, ahora que has le\u00eddo el material de la lecci\u00f3n, aseg\u00farate de que entiendes lo siguiente: <\/p>\n<p>En esta lecci\u00f3n vemos el impacto que tiene el usar price action con indicadores t\u00e9cnicos&#8230; Dale un repaso a las lecciones 2, 3 y 4 para entender: <\/p>\n<p><i class=\"uk-theme-icon-check uk-margin-small-top\"><\/i>   Los resultados que podemos tener si no tomamos en cuenta el price action<br \/>\n<i class=\"uk-theme-icon-check uk-margin-small-top\"><\/i>   C\u00f3mo combinar cada indicador con price action<br \/>\n<i class=\"uk-theme-icon-check uk-margin-small-top\"><\/i>   Las 3 reglas que generan trades con m\u00e1s probabilidad de \u00e9xito, escr\u00edbelas y tenlas presentes en todo momento. <\/p>\n<p>La secci\u00f3n 4 es la m\u00e1s importante de todas. Si usamos las reglas de esa lecci\u00f3n con otros indicadores t\u00e9cnicos, estoy seguro que vas a poder incrementar la efectividad de tu sisntema, ya que vas a ser un poco m\u00e1s selectivo en tus se\u00f1ales. <\/p>\n<p>Buena suerte! <\/p>\n","protected":false},"excerpt":{"rendered":"<p>Bien, ahora que has le\u00eddo el material de la lecci\u00f3n, aseg\u00farate de que entiendes lo siguiente: En esta lecci\u00f3n vemos el impacto que tiene el usar price action con indicadores t\u00e9cnicos&#8230; Dale un repaso a las lecciones 2, 3 y 4 para entender: Los resultados que podemos tener si no tomamos en cuenta el price [&hellip;]<\/p>\n","protected":false},"author":1,"featured_media":0,"parent":579,"menu_order":5,"comment_status":"open","ping_status":"closed","template":"","meta":{"footnotes":""},"class_list":["post-614","page","type-page","status-publish","hentry"],"_links":{"self":[{"href":"http:\/\/www.straightforex.com\/es\/wp-json\/wp\/v2\/pages\/614","targetHints":{"allow":["GET"]}}],"collection":[{"href":"http:\/\/www.straightforex.com\/es\/wp-json\/wp\/v2\/pages"}],"about":[{"href":"http:\/\/www.straightforex.com\/es\/wp-json\/wp\/v2\/types\/page"}],"author":[{"embeddable":true,"href":"http:\/\/www.straightforex.com\/es\/wp-json\/wp\/v2\/users\/1"}],"replies":[{"embeddable":true,"href":"http:\/\/www.straightforex.com\/es\/wp-json\/wp\/v2\/comments?post=614"}],"version-history":[{"count":2,"href":"http:\/\/www.straightforex.com\/es\/wp-json\/wp\/v2\/pages\/614\/revisions"}],"predecessor-version":[{"id":953,"href":"http:\/\/www.straightforex.com\/es\/wp-json\/wp\/v2\/pages\/614\/revisions\/953"}],"up":[{"embeddable":true,"href":"http:\/\/www.straightforex.com\/es\/wp-json\/wp\/v2\/pages\/579"}],"wp:attachment":[{"href":"http:\/\/www.straightforex.com\/es\/wp-json\/wp\/v2\/media?parent=614"}],"curies":[{"name":"wp","href":"https:\/\/api.w.org\/{rel}","templated":true}]}}