{"id":611,"date":"2016-07-28T03:34:28","date_gmt":"2016-07-28T03:34:28","guid":{"rendered":"http:\/\/www.straightforex.com\/es\/?page_id=611"},"modified":"2016-08-03T03:09:32","modified_gmt":"2016-08-03T03:09:32","slug":"operaciones-con-mas-alta-probabilidad","status":"publish","type":"page","link":"http:\/\/www.straightforex.com\/es\/curso-avanzado-de-forex\/precio-nuestro-mejor-indicador\/operaciones-con-mas-alta-probabilidad\/","title":{"rendered":"Operaciones con M\u00c1S alta Probabilidad"},"content":{"rendered":"<p>Hay tres implicaciones importantes acerca del comportamiento del precio.<\/p>\n<h3>1 &#8211; El Patr\u00f3n Reversal<\/h3>\n<p>Primero, <strong>todo es acerca del patr\u00f3n mismo<\/strong>. Necesitamos tener un patr\u00f3n v\u00e1lido para que podamos tener una se\u00f1al v\u00e1lida. No debe haber duda alguna de si existe o no la se\u00f1al.<\/p>\n<h3>2 &#8211; Cerca de un Nivel Importante<\/h3>\n<p>Segundo, tiene mucha importancia el lugar en <strong>donde se forma el patr\u00f3n<\/strong> de cambio de tendencia. Los patrones que se forman cerca de niveles importantes de soporte y resistencia tienden a tener un gran impacto en el mercado.<\/p>\n<p>Los niveles de soporte y resistencia son puntos en donde el balance de la oferta y demanda tienden a cambiar. Los operadores e inversionistas tienden a ser m\u00e1s emocionales en estos niveles importantes haciendo que los patrones sean m\u00e1s significantes.<\/p>\n<h3>3 &#8211; Significancia<\/h3>\n<p>El \u00faltimo y m\u00e1s importante aspecto acerca del comportamiento del precio se refiere a la <strong>significancia del patr\u00f3n<\/strong>, mientras mas significativo sea el patr\u00f3n mas impacto va a tener en el mercado.<\/p>\n<p>\u00bfC\u00f3mo medimos la significancia de cada patr\u00f3n? <\/p>\n<p>Mientras m\u00e1s grande sea el patr\u00f3n, mas significante es, tomando como referencia la acci\u00f3n previa del mercado. Cuando un patr\u00f3n de cambio de tendencia es m\u00e1s grande que el promedio de las velas anteriores, tiende a producir mas impacto en el movimiento futuro del precio. <\/p>\n<p>Para incrementar la efectividad del sistema, necesitamos ver m\u00e1s volumen de lo normal, pero es dif\u00edcil obtener una lectura exacta del volumen porque es un mercado OTC. <\/p>\n<p>Las velas pueden ser grandes por: <\/p>\n<p><i class=\"uk-theme-icon-check uk-margin-small-top\"><\/i>   Muchas traders (o bancos, etc) est\u00e1n operando en la misma direcci\u00f3n<br \/>\n<i class=\"uk-theme-icon-check uk-margin-small-top\"><\/i>   Unos pocos traders (o bancos, etc) est\u00e1n operando en grande en la misma direcci\u00f3n<\/p>\n<p>Ya veremos esto con mayor detalle. <\/p>\n<p>Entonces, cuando un patr\u00f3n v\u00e1lido de cambio de tendencia se forma cerca de un nivel importante de soporte o resistencia, y al mismo tiempo es m\u00e1s grande que la acci\u00f3n previa en promedio, entonces el patr\u00f3n es una se\u00f1al de muy alta probabilidad de \u00e9xito. <\/p>\n","protected":false},"excerpt":{"rendered":"<p>Hay tres implicaciones importantes acerca del comportamiento del precio. 1 &#8211; El Patr\u00f3n Reversal Primero, todo es acerca del patr\u00f3n mismo. Necesitamos tener un patr\u00f3n v\u00e1lido para que podamos tener una se\u00f1al v\u00e1lida. No debe haber duda alguna de si existe o no la se\u00f1al. 2 &#8211; Cerca de un Nivel Importante Segundo, tiene mucha [&hellip;]<\/p>\n","protected":false},"author":1,"featured_media":0,"parent":579,"menu_order":4,"comment_status":"open","ping_status":"closed","template":"","meta":{"footnotes":""},"class_list":["post-611","page","type-page","status-publish","hentry"],"_links":{"self":[{"href":"http:\/\/www.straightforex.com\/es\/wp-json\/wp\/v2\/pages\/611","targetHints":{"allow":["GET"]}}],"collection":[{"href":"http:\/\/www.straightforex.com\/es\/wp-json\/wp\/v2\/pages"}],"about":[{"href":"http:\/\/www.straightforex.com\/es\/wp-json\/wp\/v2\/types\/page"}],"author":[{"embeddable":true,"href":"http:\/\/www.straightforex.com\/es\/wp-json\/wp\/v2\/users\/1"}],"replies":[{"embeddable":true,"href":"http:\/\/www.straightforex.com\/es\/wp-json\/wp\/v2\/comments?post=611"}],"version-history":[{"count":3,"href":"http:\/\/www.straightforex.com\/es\/wp-json\/wp\/v2\/pages\/611\/revisions"}],"predecessor-version":[{"id":952,"href":"http:\/\/www.straightforex.com\/es\/wp-json\/wp\/v2\/pages\/611\/revisions\/952"}],"up":[{"embeddable":true,"href":"http:\/\/www.straightforex.com\/es\/wp-json\/wp\/v2\/pages\/579"}],"wp:attachment":[{"href":"http:\/\/www.straightforex.com\/es\/wp-json\/wp\/v2\/media?parent=611"}],"curies":[{"name":"wp","href":"https:\/\/api.w.org\/{rel}","templated":true}]}}