{"id":597,"date":"2016-07-27T16:04:17","date_gmt":"2016-07-27T16:04:17","guid":{"rendered":"http:\/\/www.straightforex.com\/es\/?page_id=597"},"modified":"2016-08-03T00:06:05","modified_gmt":"2016-08-03T00:06:05","slug":"operaciones-de-alta-probabilidad","status":"publish","type":"page","link":"http:\/\/www.straightforex.com\/es\/curso-avanzado-de-forex\/precio-nuestro-mejor-indicador\/operaciones-de-alta-probabilidad\/","title":{"rendered":"Operaciones de alta probabilidad"},"content":{"rendered":"<p>Hasta ahora hemos estudiado que no es prudente basar de nuestro trading \u00fanicamente en los indicadores t\u00e9cnicos. Con el fin de aumentar las probabilidades de cada se\u00f1al debemos combinar los indicadores t\u00e9cnicos con el comportamiento del precio para as\u00ed tener se\u00f1ales m\u00e1s precisas. <\/p>\n<p>En esta secci\u00f3n, veremos c\u00f3mo combinar efectivamente las se\u00f1ales generadas por el comportamiento del precio con las se\u00f1ales generadas por los indicadores t\u00e9cnicos. El uso de estas dos herramientas en conjunto, los resultados de nuestras operaciones se incrementar\u00e1 de manera significativa a nuestro favor. <\/p>\n<p>Te sugeriremos el uso de indicadores t\u00e9cnicos que producen las mejores se\u00f1ales cuando se combina con los patrones reversales de comportamiento de precio. <\/p>\n<h3>Medias m\u00f3viles<\/h3>\n<h5>Para detectar Tendencia<\/h5>\n<p>Cuando la tendencia es detectado por el EMA (50), que s\u00f3lo tienen operaciones en la direcci\u00f3n de la tendencia.<\/p>\n<p><img loading=\"lazy\" decoding=\"async\" src=\"http:\/\/www.straightforex.com\/charts\/advanced\/charts\/lesson1\/3-1.gif\" width=\"538\" height=\"415\" class=\"alignnone\" \/> <\/p>\n<p>[Gr\u00e1fico 1]<\/p>\n<p>En la primera flecha, un patr\u00f3n envolvente alcista se forma por en encima de la EMA(50), mientras que la media m\u00f3vil estaba indicando una tendencia alcista. Esto nos permite posicionarnos en una buena operaci\u00f3n. <\/p>\n<p>La segunda flecha indica un patr\u00f3n piercing (aunque las mechas largas hacen de este un poco discutible), este patr\u00f3n se cierra justo encima de la EMA (50), esto nos da la oportunidad de seguir y captar otro movimiento. Esto tambi\u00e9n ilustra una zona de soporte que est\u00e1 siendo formada por ese patr\u00f3n, mientras se pone a  prueba y espera un poco m\u00e1s.<\/p>\n<p>Si hubi\u00e9ramos colocado sabiamente nuestros stop loss  por debajo del m\u00ednimo del patr\u00f3n, hubi\u00e9ramos sido parte de un movimiento muy grande.<\/p>\n<h5>MA como soporte y resistencia <\/h5>\n<p>Usando la misma gr\u00e1fica de arriba, podemos ver que la EMA act\u00faa en varias ocasiones como soporte y nivel de resistencia. En cuatro de las cinco flechas el precio rebot\u00f3 en el EMA y realiz\u00f3 una indicaci\u00f3n de que en esos niveles, los sentimientos de los comerciantes y de los inversores estaban cambiando. <\/p>\n<p>En varias ocasiones dej\u00f3 atr\u00e1s un patr\u00f3n de velas que podr\u00eda haber desencadenado nuestra se\u00f1al incluyendo un episodio cuando el precio cerr\u00f3 brevemente por debajo de la EMA antes de formar un cierre de patr\u00f3n piercing por encima.<\/p>\n<p><img loading=\"lazy\" decoding=\"async\" src=\"http:\/\/www.straightforex.com\/charts\/advanced\/charts\/lesson1\/3-2.gif\" width=\"538\" height=\"415\" class=\"alignnone\" \/> <\/p>\n<p>[Gr\u00e1fico 2]<\/p>\n<h5>Cruce de Medias<\/h5>\n<p>La mec\u00e1nica de una operaci\u00f3n en este caso ser\u00eda: una vez que un cruce ha sucedido, vamos a buscar un patr\u00f3n de velas en la direcci\u00f3n de la tendencia para la confirmaci\u00f3n de una operaci\u00f3n. <\/p>\n<p><img loading=\"lazy\" decoding=\"async\" src=\"http:\/\/www.straightforex.com\/charts\/advanced\/charts\/lesson1\/3-3.gif\" width=\"538\" height=\"415\" class=\"alignnone\" \/><\/p>\n<p>[Gr\u00e1fica 3] <\/p>\n<p>La primera se\u00f1al de un shooting star es inv\u00e1lida porque el EMA de m\u00e1s cortos periodos est\u00e1 por encima del EMA largos periodos, significando que s\u00f3lo se permiten las operaciones de compra. La segunda es una buena se\u00f1al y pas\u00f3 a ser altamente rentable. En este caso, la EMA 13 estaba por encima del EMA 62 por lo que las se\u00f1ales de compra estaban en juego.<\/p>\n<h3>MACD<\/h3>\n<h5>Condici\u00f3n de sobrecompra\/sobreventa <\/h5>\n<p>Espere a que el indicador llegue a una condici\u00f3n de sobrecompra \/ sobreventa, y luego busque una patr\u00f3n reversal de velas en la direcci\u00f3n de la tendencia.<\/p>\n<p><img loading=\"lazy\" decoding=\"async\" src=\"http:\/\/www.straightforex.com\/charts\/advanced\/charts\/lesson1\/3-4.gif\" width=\"673\" height=\"554\" class=\"alignnone\" \/> <\/p>\n<p>[Gr\u00e1fica 4]<\/p>\n<p>La primera se\u00f1al se produce cuando un patr\u00f3n piercing se forma en la parte superior del rango y la lectura MACD est\u00e1 en sobrecompra. La segunda se\u00f1al se produce cuando la lectura de MACD esta en sobreventa y se forma un martillo en la parte inferior del rango.<\/p>\n<h5>Divergencia<\/h5>\n<p>Busca una divergencia que se est\u00e9 creando, y luego un patr\u00f3n reversal de velas en el \u00faltimo pico \/ valle de la divergencia, si esto sucede, se activar\u00e1 nuestra se\u00f1al. <\/p>\n<p><img loading=\"lazy\" decoding=\"async\" src=\"http:\/\/www.straightforex.com\/charts\/advanced\/charts\/lesson1\/3-5.gif\" width=\"673\" height=\"611\" class=\"alignnone\" \/><\/p>\n<h3>CCI <\/h3>\n<h5>Sobrecompra\/sobreventa <\/h5>\n<p>Buscar un patr\u00f3n de inversi\u00f3n de precios mientras que la lectura CCI est\u00e1 en niveles extremos y luego regresa a niveles neutrales. <\/p>\n<p>En este gr\u00e1fico vemos al CCI regresar de un nivel de sobreventa en conjunto con patr\u00f3n engulfing alcista, seguida de una lectura de sobrecompra junto con un engulfing bajista<\/p>\n<p>As\u00ed que si se forma un patr\u00f3n reversal de velas al mismo tiempo que el indicador regresa a territorio neutral de una sobrecompra o sobreventa, se activa la se\u00f1al. <\/p>\n<p><img loading=\"lazy\" decoding=\"async\" src=\"http:\/\/www.straightforex.com\/charts\/advanced\/charts\/lesson1\/3-6.gif\" width=\"538\" height=\"482\" class=\"alignnone\" \/><\/p>\n<p>[Gr\u00e1fico 6]<\/p>\n<h5>Divergencia<\/h5>\n<p>Puedes buscar un patr\u00f3n de divergencia y un patr\u00f3n de velas reversalen el \u00faltimo pico \/ valle. <\/p>\n<p>Este es el mismo gr\u00e1fico que usamos en el ejemplo anterior, y lo hemos utilizado para ilustrar la divergencia que hace un tonbstone doji en el m\u00e1ximo, mientras el CCI hace el mismo m\u00e1ximo. <\/p>\n<p>Esto es lo que buscamos con un patr\u00f3n reversal y una divergencia, aqu\u00ed se abre una operaci\u00f3n despu\u00e9s del patr\u00f3n de vela.<\/p>\n<p><img loading=\"lazy\" decoding=\"async\" class=\"alignnone\" src=\"http:\/\/www.straightforex.com\/charts\/advanced\/charts\/lesson1\/3-7.gif\" width=\"538\" height=\"459\" \/><\/p>\n<p>[Gr\u00e1fico 7] <\/p>\n<h3>RSI<\/h3>\n<h5>Sobrecompra\/sobreventa <\/h5>\n<p>Busque las condiciones de sobrecompra \/ sobreventa, y despu\u00e9s la formaci\u00f3n de un patron reversal de velas. <\/p>\n<p>Esto sigue el mismo principio de sobrecompra \/ sobreventa. Espere hasta que el indicador se vuelve de un extremo y si coincide con un patr\u00f3n reversal &#8230; .. \u00bfqu\u00e9 est\u00e1s esperando? Abre tu posici\u00f3n. <\/p>\n<p><img loading=\"lazy\" decoding=\"async\" class=\"alignnone\" src=\"http:\/\/www.straightforex.com\/charts\/advanced\/charts\/lesson1\/3-8.gif\" width=\"538\" height=\"419\" \/><\/p>\n<p>[Gr\u00e1fico 8]<\/p>\n<h5>Divergencia<\/h5>\n<p>Utilice la misma mec\u00e1nica aplicada a los indicadores anteriores. <\/p>\n<p><img loading=\"lazy\" decoding=\"async\" class=\"alignnone\" src=\"http:\/\/www.straightforex.com\/charts\/advanced\/charts\/lesson1\/3-9.gif\" width=\"540\" height=\"415\" \/><\/p>\n<p>[Gr\u00e1fico 9]<\/p>\n<p>La se\u00f1al se produce cuando un patr\u00f3n de martillo se forma en el segundo m\u00ednimo de la divergencia. Como ya lo he mencionado antes, la combinaci\u00f3n de divergencia con los patrones de vela son muy poderosas porque ambas nos dicen que la tendencia no es tan fuerte como lo que sol\u00eda ser. <\/p>\n<h5>Indicador de tendencia <\/h5>\n<p>Tome s\u00f3lo las se\u00f1ales de compra cuando la lectura est\u00e1 por encima de 50 y un patr\u00f3n reversal est\u00e1 presente. Las se\u00f1ales de venta se toman s\u00f3lo cuando la lectura est\u00e1 por debajo de 50 y un patr\u00f3n reversal est\u00e9 presente. <\/p>\n<p>Si bien la lectura del indicador est\u00e1 por debajo de 50, un shooting star se forma en un retroceso, provocando una se\u00f1al de venta. <\/p>\n<p><img loading=\"lazy\" decoding=\"async\" class=\"alignnone\" src=\"http:\/\/www.straightforex.com\/charts\/advanced\/charts\/lesson1\/3-15.png\" width=\"507\" height=\"381\" \/><\/p>\n<h3>Estoc\u00e1stico <\/h3>\n<h5>Sobrecompra\/sobreventa <\/h5>\n<p>Estoc\u00e1stico es probablemente el indicador que produce las mejores se\u00f1ales de sobrecompra \/ sobreventa. <\/p>\n<p>Espera a que el indicador vuelva al territorio neutral desde el territorio de sobrecompra \/ sobreventa  y un patr\u00f3n reversal de vela se formado. <\/p>\n<p>Esta es probablemente una de las combinaciones m\u00e1s comunes y eficaces. Estas dos herramientas t\u00e9cnicas son muy poderosas cuando se usan juntas<\/p>\n<p><img loading=\"lazy\" decoding=\"async\" class=\"alignnone\" src=\"http:\/\/www.straightforex.com\/charts\/advanced\/charts\/lesson1\/3-11.gif\" width=\"538\" height=\"415\" \/><\/p>\n<p>[Gr\u00e1fico 11]<\/p>\n<h3>Bandas de Bollinger <\/h3>\n<h5>Bandas como soporte y resistencia <\/h5>\n<p>Como ya lo vimos, el indicador de las Bandas de Bollinger se utiliza como un indicador de la volatilidad. Pero a veces las bandas se utilizan tambi\u00e9m como niveles de soporte y resistencia. <\/p>\n<p>Aqu\u00ed podemos ver varios patrones reversales se desarrollan por debajo \/ por encima de las bandas. Recuerda que las se\u00f1ales que tienen la mayor probabilidad de \u00e9xito son aquellos que est\u00e1n en direcci\u00f3n de la tendencia. Este indicador es propenso a dar se\u00f1ales falsas en condiciones de  rangos.<\/p>\n<p><img loading=\"lazy\" decoding=\"async\" class=\"alignnone\" src=\"http:\/\/www.straightforex.com\/charts\/advanced\/charts\/lesson1\/3-13.gif\" width=\"538\" height=\"415\" \/><\/p>\n<p>[Gr\u00e1fico 12]<\/p>\n<h3>Retroceso de Fibonacci<\/h3>\n<p>La misma mec\u00e1nica se utiliza cuando se utiliza con los retrocesos de Fibonacci. No vamos a la compra o venta ciegamente cuando el precio alcanza un nivel de retroceso. Mas bien, esperamos a que el precio reacciona en esos niveles y, finalmente, buscamos un patr\u00f3n de vela. <\/p>\n<p>Aqu\u00ed vemos una estrella fugaz y doji l\u00e1pida de la 61.8<\/p>\n<p><img loading=\"lazy\" decoding=\"async\" class=\"alignnone\" src=\"http:\/\/www.straightforex.com\/charts\/advanced\/charts\/lesson1\/3-14.gif\" width=\"538\" height=\"415\" \/><\/p>\n<p>[Gr\u00e1fico 13]<\/p>\n","protected":false},"excerpt":{"rendered":"<p>Hasta ahora hemos estudiado que no es prudente basar de nuestro trading \u00fanicamente en los indicadores t\u00e9cnicos. Con el fin de aumentar las probabilidades de cada se\u00f1al debemos combinar los indicadores t\u00e9cnicos con el comportamiento del precio para as\u00ed tener se\u00f1ales m\u00e1s precisas. En esta secci\u00f3n, veremos c\u00f3mo combinar efectivamente las se\u00f1ales generadas por el [&hellip;]<\/p>\n","protected":false},"author":1,"featured_media":0,"parent":579,"menu_order":3,"comment_status":"open","ping_status":"closed","template":"","meta":{"footnotes":""},"class_list":["post-597","page","type-page","status-publish","hentry"],"_links":{"self":[{"href":"http:\/\/www.straightforex.com\/es\/wp-json\/wp\/v2\/pages\/597","targetHints":{"allow":["GET"]}}],"collection":[{"href":"http:\/\/www.straightforex.com\/es\/wp-json\/wp\/v2\/pages"}],"about":[{"href":"http:\/\/www.straightforex.com\/es\/wp-json\/wp\/v2\/types\/page"}],"author":[{"embeddable":true,"href":"http:\/\/www.straightforex.com\/es\/wp-json\/wp\/v2\/users\/1"}],"replies":[{"embeddable":true,"href":"http:\/\/www.straightforex.com\/es\/wp-json\/wp\/v2\/comments?post=597"}],"version-history":[{"count":12,"href":"http:\/\/www.straightforex.com\/es\/wp-json\/wp\/v2\/pages\/597\/revisions"}],"predecessor-version":[{"id":610,"href":"http:\/\/www.straightforex.com\/es\/wp-json\/wp\/v2\/pages\/597\/revisions\/610"}],"up":[{"embeddable":true,"href":"http:\/\/www.straightforex.com\/es\/wp-json\/wp\/v2\/pages\/579"}],"wp:attachment":[{"href":"http:\/\/www.straightforex.com\/es\/wp-json\/wp\/v2\/media?parent=597"}],"curies":[{"name":"wp","href":"https:\/\/api.w.org\/{rel}","templated":true}]}}