{"id":584,"date":"2016-07-27T15:03:38","date_gmt":"2016-07-27T15:03:38","guid":{"rendered":"http:\/\/www.straightforex.com\/es\/?page_id=584"},"modified":"2016-08-03T03:08:27","modified_gmt":"2016-08-03T03:08:27","slug":"el-precio-nunca-miente","status":"publish","type":"page","link":"http:\/\/www.straightforex.com\/es\/curso-avanzado-de-forex\/precio-nuestro-mejor-indicador\/el-precio-nunca-miente\/","title":{"rendered":"El Precio Nunca Miente"},"content":{"rendered":"<h3>La acci\u00f3n del precio nunca nos miente, es un hecho. <\/h3>\n<p>Nuestros pol\u00edticos podr\u00edan, el vendedor de autos puede &#8230; pero el comportamiento del precio es un reflejo de la verdad inherente en el mercado.<\/p>\n<p>Si el precio tiende hacia arriba, incluso cuando los mejores indicadores que dicen que el mercado est\u00e1 sobrecomprado, la direcci\u00f3n futura m\u00e1s probable para el mercado ser\u00e1 todav\u00eda  para arriba (a menos que el precio que nos indique lo contrario, por ejemplo, el precio que nos da la indicaci\u00f3n de una tendencia agotada.) Si el precio est\u00e1 bajando, no hay ning\u00fan indicador en el mundo que haga que el precio de la vuelta &#8211; a pesar de estar nosotros saltando arriba y abajo para tomar posesi\u00f3n de la pantalla.<\/p>\n<p><img loading=\"lazy\" decoding=\"async\" src=\"http:\/\/www.straightforex.com\/es\/wp-content\/uploads\/01esp.gif\" alt=\"01esp\" width=\"1024\" height=\"673\" class=\"alignnone size-full wp-image-585\" \/><\/p>\n<p>[Gr\u00e1fica 1]<\/p>\n<p>Aqu\u00ed tenemos un mercado en rangos (donde osciladores son usados comunmente). La estrategia com\u00fan en este caso ser\u00eda ir largo cuando la l\u00ednea de% K cruza a lo largo de la l\u00ednea de% D. Una se\u00f1al de venta se dar\u00e1 cuando la l\u00ednea de% K cruza hacia abajo sobre la l\u00ednea de% D. <\/p>\n<p>Como podemos ver, hay muchas se\u00f1ales dadas por el oscilador. Lo que es interesante es que la mayor\u00eda de ellos han fracasado. Si pens\u00e1ramos largo y tendido sobre ello, los osciladores fallan consistentemente cuando incluso una ligera tendencia est\u00e1 en su lugar, incluso dentro de un mercado que van all\u00ed son m\u00faltiples &#8220;mini tendencias&#8221;<\/p>\n<p>No hay manera de ver como nuestra cuenta podr\u00eda haber terminado si hubi\u00e9ramos  operado todas las se\u00f1ales, porque hay muchas variables que no sabemos como la administraci\u00f3n del dinero aplicado, SL y objetivos utilizados, la raz\u00f3n premio-riesgo aplicada y mucho m\u00e1s. Sin embargo, nuestro punto es: una condici\u00f3n de sobrecompra \/ sobreventa no har\u00e1 que el mercado de la vuelta y vaya hacia otro lado. El precio justo se mueve independientemente de la condici\u00f3n del indicador. <\/p>\n<h3>\u00bfQu\u00e9 estamos diciendo aqu\u00ed? <\/h3>\n<p>No estamos diciendo que los indicadores no funcionan, estamos diciendo que a veces los indicadores no predicen con exactitud la direcci\u00f3n futura de los precios. Debemos utilizar los indicadores t\u00e9cnicos con otras herramientas t\u00e9cnicas para aumentar la exactitud de la se\u00f1al. <\/p>\n<p>Recuerde que los indicadores nos permiten ver cierta condici\u00f3n de precio, una condici\u00f3n que a veces es dif\u00edcil ver juzgando solamente el comportamiento del precio. Tambi\u00e9n nos dicen lo que es m\u00e1s probable que ocurra, en vez de lo que \u201cva a suceder\u201d. <\/p>\n<p>Tambi\u00e9n es importante entender que los indicadores t\u00e9cnicos no son m\u00e1gicos, no son una bola de cristal, no son m\u00e1s que una simple gu\u00eda que nos ayuda a determinar la probabilidad de futuros movimientos de precios. <\/p>\n<p>Otro inconveniente de los indicadores t\u00e9cnicos es que a veces los indicadores te llevan a una operaci\u00f3n tarde, despu\u00e9s de que el movimiento del precio se ha producido. Tambi\u00e9n  te saca de las operaciones cuando el precio ha ido en contra tuya dej\u00e1ndote con menos utilidades de una operaci\u00f3n. Por otra parte, las se\u00f1ales generadas por el precio te colocan dentro y fuera del mercado m\u00e1s r\u00e1pido, as\u00ed como el sentimiento de los traders y los inversores van cambiando. <\/p>\n<p>El error que suelen hacer los comerciantes es buscar el &#8220;santo grial&#8221; \u00fanicamente a trav\u00e9s de indicadores.<\/p>\n<p>Espero que  hayamos puesto de manifiesto las complicaciones que puede tener utilizar \u00fanicamente indicarores para tomar decisiones.<\/p>\n<p>Creo que puedes estar empezando a entender a lo que nos referimos. Aunque todos los indicadores tienen su lugar en el trading &#8211; la verdad del mercado se encuentra en, redoble de tambores por favor &#8230; Price Action!<\/p>\n<p>Con forme vayas avanzando en las lecciones, ver\u00e1s c\u00f3mo utilizar de forma aislada o en combinaci\u00f3n con indicadores para elaborar un sistema de trding muy eficaz. Pero no tan r\u00e1pido, tenemos un camino largo por recorrer todav\u00eda.<\/p>\n<h3>\u00bfCu\u00e1l es la mejor manera de determinar el comportamiento del precio? <\/h3>\n<p>La mejor manera de determinar y prever los futuros movimientos de precios es mediante el uso y la comprensi\u00f3n del comportamiento de las velas japonesas. Aunque las vekas son tambi\u00e9n un indicador que muestra el precio de apertura, m\u00e1ximos, m\u00ednimos y cierre en determinado per\u00edodo, est\u00e1n estrechamente relacionados con el price action &#8220;en s\u00ed&#8221; y los movimientos de precios. <\/p>\n<p>Las Velas puede decirnos m\u00e1s sobre el precio que cualquier otro indicador: <\/p>\n<p><i class=\"uk-theme-icon-check uk-margin-small-top\"><\/i>   Nos dicen c\u00f3mo el sentimiento de bulls y bears en ciertos niveles<br \/>\n<i class=\"uk-theme-icon-check uk-margin-small-top\"><\/i>   Importantes niveles de soporte y resistencia.<br \/>\n<i class=\"uk-theme-icon-check uk-margin-small-top\"><\/i>   Como indicadores, los velas puede decirnos lo que es m\u00e1s probable que suceda.<br \/>\n<i class=\"uk-theme-icon-check uk-margin-small-top\"><\/i>   Toda esta informaci\u00f3n se toma basada en los movimientos de precios actuales, ya que es lo que los candeleros tienen la intenci\u00f3n de hacer: medir los movimientos del precio. <\/p>\n<p>Por ejemplo, podr\u00edamos utilizar un gr\u00e1fico de largo plazo para comprobar el sentimiento de los altos \/bajos para que podamos hacer nuestra operaci\u00f3n en un per\u00edodo de tiempo m\u00e1s corto. <\/p>\n<p><img loading=\"lazy\" decoding=\"async\" src=\"http:\/\/www.straightforex.com\/es\/wp-content\/uploads\/02esp.gif\" alt=\"02esp\" width=\"1024\" height=\"673\" class=\"alignnone size-full wp-image-586\" \/><\/p>\n<p>[Gr\u00e1fica 2]<\/p>\n<p>En esta gr\u00e1fica de 4 horas, cada flecha nos muestra un diferente patr\u00f3n basado en el comportamiento del precio. La primera flecha nos muestra una variaci\u00f3n de un patr\u00f3n engulfing alcista indicando un fuerte sentimiento a la compra de los operadores. Esto nos puede ayudar a decidir de que lado vamos a tomar nuestras operaciones en una temporalidad menor; en este caso, solo buscar\u00edamos se\u00f1ales de compra porque es mas seguro que el mercado se mueva hacia arriba. <\/p>\n<p>La segunda flecha indica un hanging man, el sentimiento no es tan alcista a como lo fue en el pasado y es sabio buscar \u00fanicamente se\u00f1ales de venta en temporalidades menores. La siguiente flecha indica que un cambio de tendencia de corto plazo es probable.<\/p>\n<p>Las velas tambi\u00e9n nos ayudan a determinar valores importantes de soporte y resistencia.<\/p>\n<p><img loading=\"lazy\" decoding=\"async\" src=\"http:\/\/www.straightforex.com\/es\/wp-content\/uploads\/03esp.gif\" alt=\"03esp\" width=\"1024\" height=\"673\" class=\"alignnone size-full wp-image-587\" \/><\/p>\n<p>[Gr\u00e1fica 3]<\/p>\n<p>En la gr\u00e1fica de arriba, el mercado tuvo un buen movimiento hacia abajo, de repente los compradores empezaron a comprar (atra\u00eddos por los precios bajos) empujando de nuevo el mercado hacia arriba. Este tipo de comportamiento hizo que se formara un patr\u00f3n hammer. Luego el precio regreso a probar los niveles inferiores del hammer, pero esta vez sabemos que los compradores se sienten c\u00f3modos para abrir posiciones en esos niveles. Esto nos dice que es factible que el mercado vuelva a reaccionar si alcanza los mismos niveles formando un importante nivel de soporte.<\/p>\n<p>Como ya lo has notado, siempre nos referimos a \u201ces mas probable que\u2026\u201d o \u201ces factible que\u2026\u201d La raz\u00f3n principal de esto es que, como ya lo sabemos, nunca hay certidumbre en un pron\u00f3stico, solamente probabilidades, nunca vamos a saber con certidumbre lo que va a pasar hasta que pasa. M\u00e1s adelante vamos a desarrollar m\u00e1s sobre este tema.<\/p>\n<p>Tomar las se\u00f1ales ofrecidas por el comportamiento del precio incrementa enormemente las probabilidades de nuestras operaciones. Esto nos lleva a nuestro pr\u00f3ximo tema donde combinamos las se\u00f1ales generadas por el comportamiento del precio y las de indicadores t\u00e9cnicos.<\/p>\n","protected":false},"excerpt":{"rendered":"<p>La acci\u00f3n del precio nunca nos miente, es un hecho. Nuestros pol\u00edticos podr\u00edan, el vendedor de autos puede &#8230; pero el comportamiento del precio es un reflejo de la verdad inherente en el mercado. Si el precio tiende hacia arriba, incluso cuando los mejores indicadores que dicen que el mercado est\u00e1 sobrecomprado, la direcci\u00f3n futura [&hellip;]<\/p>\n","protected":false},"author":1,"featured_media":0,"parent":579,"menu_order":2,"comment_status":"open","ping_status":"closed","template":"","meta":{"footnotes":""},"class_list":["post-584","page","type-page","status-publish","hentry"],"_links":{"self":[{"href":"http:\/\/www.straightforex.com\/es\/wp-json\/wp\/v2\/pages\/584","targetHints":{"allow":["GET"]}}],"collection":[{"href":"http:\/\/www.straightforex.com\/es\/wp-json\/wp\/v2\/pages"}],"about":[{"href":"http:\/\/www.straightforex.com\/es\/wp-json\/wp\/v2\/types\/page"}],"author":[{"embeddable":true,"href":"http:\/\/www.straightforex.com\/es\/wp-json\/wp\/v2\/users\/1"}],"replies":[{"embeddable":true,"href":"http:\/\/www.straightforex.com\/es\/wp-json\/wp\/v2\/comments?post=584"}],"version-history":[{"count":5,"href":"http:\/\/www.straightforex.com\/es\/wp-json\/wp\/v2\/pages\/584\/revisions"}],"predecessor-version":[{"id":951,"href":"http:\/\/www.straightforex.com\/es\/wp-json\/wp\/v2\/pages\/584\/revisions\/951"}],"up":[{"embeddable":true,"href":"http:\/\/www.straightforex.com\/es\/wp-json\/wp\/v2\/pages\/579"}],"wp:attachment":[{"href":"http:\/\/www.straightforex.com\/es\/wp-json\/wp\/v2\/media?parent=584"}],"curies":[{"name":"wp","href":"https:\/\/api.w.org\/{rel}","templated":true}]}}