{"id":581,"date":"2016-07-27T14:56:08","date_gmt":"2016-07-27T14:56:08","guid":{"rendered":"http:\/\/www.straightforex.com\/es\/?page_id=581"},"modified":"2016-08-03T03:07:09","modified_gmt":"2016-08-03T03:07:09","slug":"que-es-price-action","status":"publish","type":"page","link":"http:\/\/www.straightforex.com\/es\/curso-avanzado-de-forex\/precio-nuestro-mejor-indicador\/que-es-price-action\/","title":{"rendered":"\u00bfQu\u00e9 es Price Action?"},"content":{"rendered":"<p>Una de las partes m\u00e1s importantes de nuestro programa de entrenamiento es mostrar c\u00f3mo operamos el mercado, c\u00f3mo hemos logrado obtener resultados consistentes.<\/p>\n<p>Operamos nuestras cuentas personales basadas en un enfoque de comportamiento del precio. Se trata de un sistema de operaci\u00f3n, donde todas las se\u00f1ales se toman en a lo que la acci\u00f3n del precio nos dice acerca de su direcci\u00f3n m\u00e1s probable en el futuro.<\/p>\n<p>Creemos que todo lo que necesita saber sobre el valor futuro de cualquier par de divisas, se puede obtener de la misma acci\u00f3n del precio. A lo largo del curso aprender\u00e1 t\u00e9cnicas espec\u00edficas sobre la forma de operar en el mercado de Forex basado en la acci\u00f3n del precio en combinaci\u00f3n con indicadores t\u00e9cnicos.<\/p>\n<p><strong>\u00bfCu\u00e1l es la diferencia en las se\u00f1ales obtenidas de un sistema regular (basado en indicadores) y un enfoque en base a la acci\u00f3n del precio?<\/strong><\/p>\n<p>La principal diferencia es que las lecturas de indicadores se basan en la acci\u00f3n del mercado anterior. Todos los indicadores de tomar per\u00edodos hist\u00f3ricos, por lo que nos muestran c\u00f3mo el mercado se comport\u00f3 en cierto per\u00edodo (nos da la se\u00f1al con un rezago). Por otra parte, las se\u00f1ales obtenidas a partir de <strong>un enfoque de la acci\u00f3n del precio nos dice qu\u00e9 es lo que el mercado puede hacer<\/strong>, es decir, es predictivo.<\/p>\n<p>Somos conscientes sin embargo, que algunos operadores les gustan operar basados en indicadores t\u00e9cnicos, como el Estoc\u00e1stico, RSI, etc. Lo que es interesante acerca del enfoque de comportamiento del precio es que se puede utilizar junto con otros instrumentos t\u00e9cnicos (como los indicadores t\u00e9cnicos), de hecho, cuando se combina con otras herramientas t\u00e9cnicas, el sistema tiende a producir mejores resultados.<\/p>\n<p>A lo largo del curso usted aprender\u00e1 c\u00f3mo incorporar el enfoque de la acci\u00f3n del precio para un sistema de indicadores basados.<\/p>\n<p>Esta es una de las razones por las que hemos creado la asesor\u00eda  uno-a-un en la secci\u00f3n de entrenamiento, para ayudarle a desarrollar un sistema que se adapte perfectamente a su estilo de operaci\u00f3n, para que no tenga problemas para seguirlo al 100%. <\/p>\n","protected":false},"excerpt":{"rendered":"<p>Una de las partes m\u00e1s importantes de nuestro programa de entrenamiento es mostrar c\u00f3mo operamos el mercado, c\u00f3mo hemos logrado obtener resultados consistentes. Operamos nuestras cuentas personales basadas en un enfoque de comportamiento del precio. Se trata de un sistema de operaci\u00f3n, donde todas las se\u00f1ales se toman en a lo que la acci\u00f3n del [&hellip;]<\/p>\n","protected":false},"author":1,"featured_media":0,"parent":579,"menu_order":1,"comment_status":"open","ping_status":"closed","template":"","meta":{"footnotes":""},"class_list":["post-581","page","type-page","status-publish","hentry"],"_links":{"self":[{"href":"http:\/\/www.straightforex.com\/es\/wp-json\/wp\/v2\/pages\/581","targetHints":{"allow":["GET"]}}],"collection":[{"href":"http:\/\/www.straightforex.com\/es\/wp-json\/wp\/v2\/pages"}],"about":[{"href":"http:\/\/www.straightforex.com\/es\/wp-json\/wp\/v2\/types\/page"}],"author":[{"embeddable":true,"href":"http:\/\/www.straightforex.com\/es\/wp-json\/wp\/v2\/users\/1"}],"replies":[{"embeddable":true,"href":"http:\/\/www.straightforex.com\/es\/wp-json\/wp\/v2\/comments?post=581"}],"version-history":[{"count":4,"href":"http:\/\/www.straightforex.com\/es\/wp-json\/wp\/v2\/pages\/581\/revisions"}],"predecessor-version":[{"id":949,"href":"http:\/\/www.straightforex.com\/es\/wp-json\/wp\/v2\/pages\/581\/revisions\/949"}],"up":[{"embeddable":true,"href":"http:\/\/www.straightforex.com\/es\/wp-json\/wp\/v2\/pages\/579"}],"wp:attachment":[{"href":"http:\/\/www.straightforex.com\/es\/wp-json\/wp\/v2\/media?parent=581"}],"curies":[{"name":"wp","href":"https:\/\/api.w.org\/{rel}","templated":true}]}}