{"id":579,"date":"2016-07-27T14:19:21","date_gmt":"2016-07-27T14:19:21","guid":{"rendered":"http:\/\/www.straightforex.com\/es\/?page_id=579"},"modified":"2016-08-03T03:06:02","modified_gmt":"2016-08-03T03:06:02","slug":"precio-nuestro-mejor-indicador","status":"publish","type":"page","link":"http:\/\/www.straightforex.com\/es\/curso-avanzado-de-forex\/precio-nuestro-mejor-indicador\/","title":{"rendered":"Precio, el mejor indicador"},"content":{"rendered":"<p>Bienvenidos amigos &#8211; al Curso Avanzado!<\/p>\n<p>Aqu\u00ed  iremos paso a paso a trav\u00e9s de la informaci\u00f3n que le permitir\u00e1 &#8211; con el trabajo duro y perseverancia &#8211; convertirse en un operador siempre rentable. Esta experiencia ser\u00e1 optimizada si ya ha estudiado el Curso B\u00e1sico como el material de construcci\u00f3n avanzada contiene informaci\u00f3n sobre los conceptos introducidos en las lecciones. <\/p>\n<p><strong>No te equivoques<\/strong> &#8211; Este es un viaje dif\u00edcil que requiere trabajo duro disciplina y paciencia. El curso se presenta para hacer la experiencia de aprendizaje sea lo m\u00e1s agradable posible, pero no es un sustituto para la aplicaci\u00f3n de la informaci\u00f3n contenida en el fr\u00edo mundo  de la negociaci\u00f3n. Le recomendamos tener un paquete de gr\u00e1ficos abierto en segundo plano, al momento de estudiar y hacer referencia a las listas de \u00e9xitos como explicamos los puntos clave. Esto ayudar\u00e1 a dar cierta importancia a nuestras clases. <\/p>\n<p>Si eres un operador con experiencia te recomendamos que examine el contenido del Curso B\u00e1sico para refrescar la memoria y que leas la introducci\u00f3n donde le explicar\u00e1 c\u00f3mo sacar el m\u00e1ximo partido al material del curso.<\/p>\n<p>Adem\u00e1s &#8211; Lecci\u00f3n 5 &#8211; An\u00e1lisis T\u00e9cnico Parte II contiene algunos principios sobre los que vamos a ampliar. Por eso te recomendamos tomarse un tiempo para pasar por las secciones, por favor. <\/p>\n<h5>Entonces &#8230; \u00bfDe qu\u00e9 se trata el Price Action?<\/h5>\n<p>Price Action es uno de los factores clave en nuestros sistemas de trading y un error com\u00fan de comerciantes y los inversores  es olvidar por completo sobre el comportamiento del precio  en lugar de confiar solamente en indicadores t\u00e9cnicos. <\/p>\n<p>Como hemos discutido en la lecci\u00f3n b\u00e1sica del curso 5, un indicador t\u00e9cnico no es m\u00e1s que una serie de puntos de datos trazados en un gr\u00e1fico. Estos puntos se derivan de una f\u00f3rmula matem\u00e1tica aplicada al precio de un determinado instrumento. En otras palabras, se trata de un trazado gr\u00e1fico de precios de una manera diferente. <\/p>\n<h5>\u00bfCu\u00e1l es el objetivo de los indicadores t\u00e9cnicos?<\/h5>\n<p> Bueno, la mayor\u00eda de ellos est\u00e1n dise\u00f1ados para pronosticar la direcci\u00f3n probable de los precios, despu\u00e9s de todo es lo que nos interesa en verdad.<\/p>\n<p>Pero el \u00faltimo p\u00e1rrafo tiene dos implicaciones importantes, en primer lugar, &#8220;derivado de una f\u00f3rmula matem\u00e1tica aplicada a los precios&#8221;. Esto implica que, al final, el precio tiene la \u00faltima palabra, los indicadores de seguimiento t\u00e9cnico de la acci\u00f3n del precio, no al rev\u00e9s. <\/p>\n<p>En segundo lugar, &#8220;predecir la direcci\u00f3n probable de los precios&#8221;. La evoluci\u00f3n de estos indicadores se basa en la probabilidad estad\u00edstica. En otras palabras, no hay certezas. Para cada se\u00f1al generada por los indicadores t\u00e9cnicos, existe la posibilidad de fracaso. <\/p>\n<h5>Pero, \u00bfqu\u00e9 tan alta es la probabilidad de cada Trade? <\/h5>\n<p>No sabemos hasta que lo operamos.<\/p>\n<p>A veces, los indicadores fallan, este es un hecho. Tomemos, por ejemplo, el RSI mide la relaci\u00f3n de &#8220;bull&#8221; y &#8220;bear&#8221; candeleros, velass si la \u00faltima d\u00e9cada son de bulls, todos ellos con un promedio de 5 puntos, y el candelero del d\u00eda, se llevar\u00e1 una de 80 pips, el RSI todav\u00eda indica una condici\u00f3n de sobrecompra, cuando el mercado est\u00e1 lejos de ser sobrecompra. Echa un vistazo a los gr\u00e1ficos, podr\u00e1s ver m\u00e1s ejemplos.<\/p>\n<p>Esto nos lleva a una conclusi\u00f3n importante, los indicadores t\u00e9cnicos nos acaban de mostrar cierta condici\u00f3n de precio que es dif\u00edcil de ver sin ellos y el precio tiene siempre la \u00faltima palabra en la direcci\u00f3n <\/p>\n<p>Esta lecci\u00f3n esta estructurada de la siguiente manera:<\/p>\n<h3><a href=\"http:\/\/www.straightforex.com\/es\/curso-avanzado-de-forex\/precio-nuestro-mejor-indicador\/que-es-price-action\/\">Secci\u00f3n 2: \u00bfQu\u00e9 es Price Action?<\/a><\/h3>\n<p> Una breve explicaci\u00f3n de lo que significa la metodolog\u00eda.<\/p>\n<h3><a href=\"http:\/\/www.straightforex.com\/es\/curso-avanzado-de-forex\/precio-nuestro-mejor-indicador\/el-precio-nunca-miente\/\">Secci\u00f3n 3: El Precio Nunca Miente<\/a><\/h3>\n<p> Nunca nos debemos olvidar del comportamiento del precio.<\/p>\n<h3><a href=\"http:\/\/www.straightforex.com\/es\/curso-avanzado-de-forex\/precio-nuestro-mejor-indicador\/operaciones-de-alta-probabilidad\/\">Secci\u00f3n 4: Transacciones con Alta Probabilidad<\/a><\/h3>\n<p> Vamos a combinar las se\u00f1ales de algunos indicadores con el comportamiento del precio para obtener se\u00f1ales m\u00e1s efectivas.<\/p>\n<h3><a href=\"http:\/\/www.straightforex.com\/es\/curso-avanzado-de-forex\/precio-nuestro-mejor-indicador\/operaciones-con-mas-alta-probabilidad\/\">Secci\u00f3n 5: Transacciones con M\u00c1S Alta Probabilidad<\/a><\/h3>\n<p> Veremos algunas reglas basadas en el comportamiento del precio que nos van a ayudar a obtener se\u00f1ales mucho m\u00e1s efectivas.<\/p>\n<h3><a href=\"http:\/\/www.straightforex.com\/es\/curso-avanzado-de-forex\/precio-nuestro-mejor-indicador\/resumen-precio-nuestro-mejor-indicador\/\">Secci\u00f3n 6: Resumen<\/a><\/h3>\n<p> Breve resumen de toda la lecci\u00f3n. <\/p>\n","protected":false},"excerpt":{"rendered":"<p>Bienvenidos amigos &#8211; al Curso Avanzado! Aqu\u00ed iremos paso a paso a trav\u00e9s de la informaci\u00f3n que le permitir\u00e1 &#8211; con el trabajo duro y perseverancia &#8211; convertirse en un operador siempre rentable. Esta experiencia ser\u00e1 optimizada si ya ha estudiado el Curso B\u00e1sico como el material de construcci\u00f3n avanzada contiene informaci\u00f3n sobre los conceptos [&hellip;]<\/p>\n","protected":false},"author":1,"featured_media":0,"parent":577,"menu_order":1,"comment_status":"open","ping_status":"closed","template":"","meta":{"footnotes":""},"class_list":["post-579","page","type-page","status-publish","hentry"],"_links":{"self":[{"href":"http:\/\/www.straightforex.com\/es\/wp-json\/wp\/v2\/pages\/579","targetHints":{"allow":["GET"]}}],"collection":[{"href":"http:\/\/www.straightforex.com\/es\/wp-json\/wp\/v2\/pages"}],"about":[{"href":"http:\/\/www.straightforex.com\/es\/wp-json\/wp\/v2\/types\/page"}],"author":[{"embeddable":true,"href":"http:\/\/www.straightforex.com\/es\/wp-json\/wp\/v2\/users\/1"}],"replies":[{"embeddable":true,"href":"http:\/\/www.straightforex.com\/es\/wp-json\/wp\/v2\/comments?post=579"}],"version-history":[{"count":8,"href":"http:\/\/www.straightforex.com\/es\/wp-json\/wp\/v2\/pages\/579\/revisions"}],"predecessor-version":[{"id":948,"href":"http:\/\/www.straightforex.com\/es\/wp-json\/wp\/v2\/pages\/579\/revisions\/948"}],"up":[{"embeddable":true,"href":"http:\/\/www.straightforex.com\/es\/wp-json\/wp\/v2\/pages\/577"}],"wp:attachment":[{"href":"http:\/\/www.straightforex.com\/es\/wp-json\/wp\/v2\/media?parent=579"}],"curies":[{"name":"wp","href":"https:\/\/api.w.org\/{rel}","templated":true}]}}