{"id":577,"date":"2016-07-27T13:58:45","date_gmt":"2016-07-27T13:58:45","guid":{"rendered":"http:\/\/www.straightforex.com\/es\/?page_id=577"},"modified":"2016-08-03T03:03:31","modified_gmt":"2016-08-03T03:03:31","slug":"curso-avanzado-de-forex","status":"publish","type":"page","link":"http:\/\/www.straightforex.com\/es\/curso-avanzado-de-forex\/","title":{"rendered":"Curso Avanzado de Forex"},"content":{"rendered":"<p>Estamos seguros que el conocimiento, experiencia y herramientas que estamos por compartir contigo te van a ayudar a alcanzar tus objetivos en tu trading. <\/p>\n<p>El material del curso est\u00e1 dise\u00f1ado para ayudarte en cada \u00e1rea del trading. Sabemos que uno de los aspectos m\u00e1s importantes del trading es el an\u00e1lisis t\u00e9cnico (sistemas de trading). Pero tambi\u00e9n tenemos otros aspectos que son igual de importantes (o aun mas) que el an\u00e1lisis t\u00e9cnico, por ejemplo: La psicolog\u00eda del trading, gesti\u00f3n del capital y del riesgo y muchos otros mas. <\/p>\n<p>Si no est\u00e1s al tanto de los <strong>aspectos psicol\u00f3gicos<\/strong> que afectan cada decisi\u00f3n de operaci\u00f3n, vas a tener problemas tratando de someter a tus emociones como el miedo, avaricia, esperanza, etc. <\/p>\n<p>La <strong>gesti\u00f3n del capital<\/strong> te va a permitir estar operando por mucho tiempo, pero al mismo tiempo, te va a permitir incrementar tus ganancias de manera geom\u00e9trica. En las siguientes secciones vas a aprender a aplicar t\u00e9cnicas muy efectivas de gesti\u00f3n del capital. <\/p>\n<p><strong>Gesti\u00f3n del riesgo y de la operaci\u00f3n<\/strong> son muchas veces aplicados de la manera incorrecta, y si estas t\u00e9cnicas se aplican de manera incorrecta, pueden tener efectos desastrosos en sus cuentas. Aqu\u00ed vas a aprender a aplicarlos de manera correcta. <\/p>\n<p>Estos y otros aspectos importantes se van a revisar en este curso. As\u00ed que por favor dale la importancia que se merece. Si aprendes de manera correcta cada una de las lecciones aqu\u00ed expuestas, las probabilidades de \u00e9xito aumentan dr\u00e1sticamente. <\/p>\n<p>El objetivo principal de este curso es darte el conocimiento que necesitas para que puedas tener mejores resultados, sin embargo est\u00e1 en ti aplicarlo o no. <\/p>\n<p>Est\u00e1 curso est\u00e1 estructurado de la siguiente manera: <\/p>\n<h3><a href=\"http:\/\/www.straightforex.com\/es\/curso-avanzado-de-forex\/precio-nuestro-mejor-indicador\/\">Lecci\u00f3n I: Precio, nuestro mejor indicador<\/a><\/h3>\n<p> Estudiamos c\u00f3mo los movimientos del precio nos dan toda la informaci\u00f3n que necesitamos para tomar decisiones. <\/p>\n<h3><a href=\"http:\/\/www.straightforex.com\/es\/curso-avanzado-de-forex\/mapeando-los-graficos\/\">Lecci\u00f3n II: Mapeando gr\u00e1ficos<\/a><\/h3>\n<p> El GPS del mercado, como podemos mapear los gr\u00e1ficos para tener una mejor lectura del mercado.<\/p>\n<h3><a href=\"http:\/\/www.straightforex.com\/es\/curso-avanzado-de-forex\/gestion-del-capital\/\">Lecci\u00f3n III: Gesti\u00f3n del Capital<\/a><\/h3>\n<p> C\u00f3mo definir el tama\u00f1o de operaci\u00f3n de cada una de nuestras operaciones. <\/p>\n<h3><a href=\"http:\/\/www.straightforex.com\/es\/curso-avanzado-de-forex\/gestion-del-riesgo\/\">Lecci\u00f3n IV: Gesti\u00f3n del Riesgo<\/a><\/h3>\n<p> Cu\u00e1ndo arriesgar y c\u00f3mo definir el riesgo por operaci\u00f3n. <\/p>\n<h3><a href=\"http:\/\/www.straightforex.com\/es\/curso-avanzado-de-forex\/gestion-de-la-operacion\/\">Lecci\u00f3n V: Gesti\u00f3n de la Operaci\u00f3n<\/a><\/h3>\n<p> Estrategias para manejar una operaci\u00f3n una vez que la abrimos. <\/p>\n<h3><a href=\"http:\/\/www.straightforex.com\/es\/curso-avanzado-de-forex\/psicologia-del-trading\/\">Lecci\u00f3n VI: Psicolog\u00eda del Trading<\/a><\/h3>\n<p>Aspectos psicol\u00f3gicos del trading que tenemos que tomar en cuenta para lograr el \u00e9xito. <\/p>\n<h3><a href=\"http:\/\/www.straightforex.com\/es\/curso-avanzado-de-forex\/actividades-diarias\/\">Lecci\u00f3n VII: Tareas diarias<\/a><\/h3>\n<p>Algunas tareas que debemos hacer d\u00eda a d\u00eda para mejorar nuestro rendimiento. <\/p>\n","protected":false},"excerpt":{"rendered":"<p>Estamos seguros que el conocimiento, experiencia y herramientas que estamos por compartir contigo te van a ayudar a alcanzar tus objetivos en tu trading. El material del curso est\u00e1 dise\u00f1ado para ayudarte en cada \u00e1rea del trading. Sabemos que uno de los aspectos m\u00e1s importantes del trading es el an\u00e1lisis t\u00e9cnico (sistemas de trading). Pero [&hellip;]<\/p>\n","protected":false},"author":1,"featured_media":0,"parent":0,"menu_order":0,"comment_status":"open","ping_status":"closed","template":"","meta":{"footnotes":""},"class_list":["post-577","page","type-page","status-publish","hentry"],"_links":{"self":[{"href":"http:\/\/www.straightforex.com\/es\/wp-json\/wp\/v2\/pages\/577","targetHints":{"allow":["GET"]}}],"collection":[{"href":"http:\/\/www.straightforex.com\/es\/wp-json\/wp\/v2\/pages"}],"about":[{"href":"http:\/\/www.straightforex.com\/es\/wp-json\/wp\/v2\/types\/page"}],"author":[{"embeddable":true,"href":"http:\/\/www.straightforex.com\/es\/wp-json\/wp\/v2\/users\/1"}],"replies":[{"embeddable":true,"href":"http:\/\/www.straightforex.com\/es\/wp-json\/wp\/v2\/comments?post=577"}],"version-history":[{"count":4,"href":"http:\/\/www.straightforex.com\/es\/wp-json\/wp\/v2\/pages\/577\/revisions"}],"predecessor-version":[{"id":947,"href":"http:\/\/www.straightforex.com\/es\/wp-json\/wp\/v2\/pages\/577\/revisions\/947"}],"wp:attachment":[{"href":"http:\/\/www.straightforex.com\/es\/wp-json\/wp\/v2\/media?parent=577"}],"curies":[{"name":"wp","href":"https:\/\/api.w.org\/{rel}","templated":true}]}}