{"id":538,"date":"2016-07-25T23:54:58","date_gmt":"2016-07-25T23:54:58","guid":{"rendered":"http:\/\/www.straightforex.com\/es\/?page_id=538"},"modified":"2016-07-26T16:25:52","modified_gmt":"2016-07-26T16:25:52","slug":"resumen-por-que-es-tan-dificil-tener-exito-en-los-mercados","status":"publish","type":"page","link":"http:\/\/www.straightforex.com\/es\/curso-basico-de-forex\/por-que-es-tan-dificil-tener-exito-en-los-mercados\/resumen-por-que-es-tan-dificil-tener-exito-en-los-mercados\/","title":{"rendered":"Resumen: \u00bfPor qu\u00e9 es tan dif\u00edcil tener \u00e9xito en los mercados?"},"content":{"rendered":"<p>Bien, ahora que ya ley\u00f3 el material de la lecci\u00f3n, aseg\u00farese de que comprende y\/o haga lo siguiente: <\/p>\n<p>Aunque no lo crea, esta lecci\u00f3n es m\u00e1s importante para operadores con experiencia que para operadores novatos. Esto porque los operadores con experiencia tienen que identificar sus errores y cambiar su comportamiento para alcanzar la consistencia. Del otro lado, los operadores novatos necesitan estar al tanto de ellos y tomar acciones para evitarlos. <\/p>\n<p>Cambiar su comportamiento no es un trabajo simple, en la operaci\u00f3n del mercado o cualquier otra actividad humana. <\/p>\n<p>Identifique los tres o cuatro errores m\u00e1s comunes que usted crea que es m\u00e1s propenso a cometer (o ya los ha cometido), escr\u00edbalos y para cada uno de ellos haga una lista de las acciones que va a tomar para evitarlos en el futuro. Tenga esta hoja visible en si escritorio todo el tiempo. <\/p>\n<p>Tome este ejercicio seriamente, escribir las cosas nos ayuda a re-direccionar nuestros pensamientos a nuestros objetivos (y hace que lo tengamos presente en nuestras mentes por m\u00e1s tiempo). <\/p>\n<p>\u00a1Buena Suerte!<\/p>\n","protected":false},"excerpt":{"rendered":"<p>Bien, ahora que ya ley\u00f3 el material de la lecci\u00f3n, aseg\u00farese de que comprende y\/o haga lo siguiente: Aunque no lo crea, esta lecci\u00f3n es m\u00e1s importante para operadores con experiencia que para operadores novatos. Esto porque los operadores con experiencia tienen que identificar sus errores y cambiar su comportamiento para alcanzar la consistencia. Del [&hellip;]<\/p>\n","protected":false},"author":1,"featured_media":0,"parent":518,"menu_order":10,"comment_status":"open","ping_status":"closed","template":"","meta":{"footnotes":""},"class_list":["post-538","page","type-page","status-publish","hentry"],"_links":{"self":[{"href":"http:\/\/www.straightforex.com\/es\/wp-json\/wp\/v2\/pages\/538","targetHints":{"allow":["GET"]}}],"collection":[{"href":"http:\/\/www.straightforex.com\/es\/wp-json\/wp\/v2\/pages"}],"about":[{"href":"http:\/\/www.straightforex.com\/es\/wp-json\/wp\/v2\/types\/page"}],"author":[{"embeddable":true,"href":"http:\/\/www.straightforex.com\/es\/wp-json\/wp\/v2\/users\/1"}],"replies":[{"embeddable":true,"href":"http:\/\/www.straightforex.com\/es\/wp-json\/wp\/v2\/comments?post=538"}],"version-history":[{"count":1,"href":"http:\/\/www.straightforex.com\/es\/wp-json\/wp\/v2\/pages\/538\/revisions"}],"predecessor-version":[{"id":539,"href":"http:\/\/www.straightforex.com\/es\/wp-json\/wp\/v2\/pages\/538\/revisions\/539"}],"up":[{"embeddable":true,"href":"http:\/\/www.straightforex.com\/es\/wp-json\/wp\/v2\/pages\/518"}],"wp:attachment":[{"href":"http:\/\/www.straightforex.com\/es\/wp-json\/wp\/v2\/media?parent=538"}],"curies":[{"name":"wp","href":"https:\/\/api.w.org\/{rel}","templated":true}]}}