{"id":536,"date":"2016-07-25T23:54:04","date_gmt":"2016-07-25T23:54:04","guid":{"rendered":"http:\/\/www.straightforex.com\/es\/?page_id=536"},"modified":"2016-08-03T02:55:32","modified_gmt":"2016-08-03T02:55:32","slug":"no-estar-preparado-psicologicamente","status":"publish","type":"page","link":"http:\/\/www.straightforex.com\/es\/curso-basico-de-forex\/por-que-es-tan-dificil-tener-exito-en-los-mercados\/no-estar-preparado-psicologicamente\/","title":{"rendered":"No estar preparado Psicol\u00f3gicamente"},"content":{"rendered":"<p>Este es uno de los aspectos mas subestimados en la carrera como operador de mercado. Por esta raz\u00f3n hemos decidido dedicar una lecci\u00f3n completa a este tema.<\/p>\n<p>Por ahora, es importante que conozcamos y entendamos algunos conceptos importantes acerca de la psicolog\u00eda de la operaci\u00f3n.<\/p>\n<h5>En alguna ocasi\u00f3n se ha preguntado \u00bfque es un mercado? <\/h5>\n<p>Un mercado se forma cuando por lo menos hay un comprador y un vendedor de un bien o servicio. Pero lo que es importante para nosotros es como las cosas son valuadas.<\/p>\n<p>Tomemos el siguiente ejemplo. Necesita un carro porque acaba de obtener un trabajo y esta un poco lejos del lugar en donde vive. Una amiga suya tambi\u00e9n quiere un carro, pero no por necesidad, solamente quiere cambiar su carro viejo. Los dos van a la agencia de carros m\u00e1s cercana y se bajan para ver como est\u00e1n los carros. A los dos les gusta el mismo carro, y cuando los dos ven el precio usted piensa \u201chey, muy buena oferta\u201d y tu amiga probablemente piense \u201cwow, este carro esta caro\u201d. Este tipo de racionalizaci\u00f3n es obvia porque usted tiene una necesidad real: necesita el carro para viajar a su trabajo. Su amiga por el otro lado, no lo necesita, solo estaba pensando en cambiar su carro viejo. <\/p>\n<p>Cuando personas tienen necesidades reales, tienden a sobrevaluar las cosas, mientras que personas sin necesidades tienden a subvaluar las cosas.<\/p>\n<p>Lo mismo pasa en los mercados, el precio de los instrumentos (como divisas) est\u00e1n basados en las percepciones de cada participante del mercado. Si estas percepciones cambian, tambi\u00e9n lo va a hacer el precio. Es pr\u00e1cticamente imposible entender las percepciones de cada participante del mercado (\u00bfCu\u00e1ntos participan, en donde?). Esto nos lleva a concluir que es imposible saber con precisi\u00f3n el precio de los instrumentos financieros.<\/p>\n<p>Vamos a desarrollar m\u00e1s en este tema mas tarde en el curso.<\/p>\n<h3>Hecho Verdadero<\/h3>\n<p> Entender todas las barreras psicol\u00f3gicas que afectan las decisiones de los operadores del mercado pone las probabilidades de nuestro lado.<\/p>\n","protected":false},"excerpt":{"rendered":"<p>Este es uno de los aspectos mas subestimados en la carrera como operador de mercado. Por esta raz\u00f3n hemos decidido dedicar una lecci\u00f3n completa a este tema. Por ahora, es importante que conozcamos y entendamos algunos conceptos importantes acerca de la psicolog\u00eda de la operaci\u00f3n. En alguna ocasi\u00f3n se ha preguntado \u00bfque es un mercado? [&hellip;]<\/p>\n","protected":false},"author":1,"featured_media":0,"parent":518,"menu_order":9,"comment_status":"open","ping_status":"closed","template":"","meta":{"footnotes":""},"class_list":["post-536","page","type-page","status-publish","hentry"],"_links":{"self":[{"href":"http:\/\/www.straightforex.com\/es\/wp-json\/wp\/v2\/pages\/536","targetHints":{"allow":["GET"]}}],"collection":[{"href":"http:\/\/www.straightforex.com\/es\/wp-json\/wp\/v2\/pages"}],"about":[{"href":"http:\/\/www.straightforex.com\/es\/wp-json\/wp\/v2\/types\/page"}],"author":[{"embeddable":true,"href":"http:\/\/www.straightforex.com\/es\/wp-json\/wp\/v2\/users\/1"}],"replies":[{"embeddable":true,"href":"http:\/\/www.straightforex.com\/es\/wp-json\/wp\/v2\/comments?post=536"}],"version-history":[{"count":2,"href":"http:\/\/www.straightforex.com\/es\/wp-json\/wp\/v2\/pages\/536\/revisions"}],"predecessor-version":[{"id":943,"href":"http:\/\/www.straightforex.com\/es\/wp-json\/wp\/v2\/pages\/536\/revisions\/943"}],"up":[{"embeddable":true,"href":"http:\/\/www.straightforex.com\/es\/wp-json\/wp\/v2\/pages\/518"}],"wp:attachment":[{"href":"http:\/\/www.straightforex.com\/es\/wp-json\/wp\/v2\/media?parent=536"}],"curies":[{"name":"wp","href":"https:\/\/api.w.org\/{rel}","templated":true}]}}