{"id":534,"date":"2016-07-25T23:53:13","date_gmt":"2016-07-25T23:53:13","guid":{"rendered":"http:\/\/www.straightforex.com\/es\/?page_id=534"},"modified":"2016-08-03T02:55:00","modified_gmt":"2016-08-03T02:55:00","slug":"no-estar-al-tanto-de-la-naturaleza-humana","status":"publish","type":"page","link":"http:\/\/www.straightforex.com\/es\/curso-basico-de-forex\/por-que-es-tan-dificil-tener-exito-en-los-mercados\/no-estar-al-tanto-de-la-naturaleza-humana\/","title":{"rendered":"No estar al tanto de la naturaleza humana"},"content":{"rendered":"<p>Hasta ahora hemos aprendido que el operar el mercado debe ser tratado como un negocio. Hay p\u00e9rdidas como en cualquier otro negocio (como inventarios no vendidos) pero al mismo tiempo, es importante recalcar que operar los mercados financieros no es como cualquier otra actividad. Algunas actitudes que hubieran tenido gran \u00e9xito en otras \u00e1reas pueden tener efectos desastrosos al operar el mercado. Listemos algunas de ellas:<\/p>\n<h3>Pelea, pelea, pelea<\/h3>\n<p>Desde ni\u00f1os nos ense\u00f1an a pelear tan duro como podamos para alcanzar nuestros objetivos o cualquier cosa que queramos.<\/p>\n<p>Al relacionar esta actitud con la operaci\u00f3n del mercado Forex los resultados pueden ser diferentes. En el \u00e1rea de los mercados financieros a esta actitud se le conoce como \u201ccasarse con una operaci\u00f3n\u201d. <\/p>\n<p>Una vez que entra al mercado esta convencido de que dicha operaci\u00f3n va a ser una ganadora. Casi despu\u00e9s de entrar la posici\u00f3n se vuelca en nuestra contra y pensamos \u201cbueno, tiene que ir a alg\u00fan lugar\u201d. Mientras sigue movi\u00e9ndose en nuestra contra, seguimos convencidos de que la posici\u00f3n es una ganadora. Otro pensamiento com\u00fan es \u201clos brokers est\u00e1n tratando de asustarnos para ver si nos salimos de la posici\u00f3n\u201d. Pero la transacci\u00f3n sigue movi\u00e9ndose en nuestra contra. El siguiente pensamiento ser\u00eda \u201caguantemos la posici\u00f3n\u201d. Despu\u00e9s nos damos cuenta de que la posici\u00f3n ya se ha movido much\u00edsimo en nuestra contra y hace dif\u00edcil que decidamos tomar las p\u00e9rdidas y podemos pensar \u201cesperare a que llegue a tablas, luego me salgo, probablemente no fue tan buena la transacci\u00f3n\u201d. A estas alturas es muy dif\u00edcil tomar las perdidas porque han crecido exorbitantemente y estamos en peligro de tener una llamada en margen.<\/p>\n<p>La mejor manera de evitar que esto nos suceda es tener un sistema y seguirlo al pie de la letra. Recuerda que la primera vez que violamos nuestras reglas tambi\u00e9n puede ser nuestra \u00faltima posici\u00f3n. <\/p>\n<h3>Intento y Error<\/h3>\n<p>Esta es una pr\u00e1ctica muy com\u00fan en muchas \u00e1reas de nuestra vida, porque en algunos casos es la \u00fanica manera de obtener los resultados deseados. Esto sucede en el \u00e1mbito cient\u00edfico, donde la mayor\u00eda de los hallazgos m\u00e1s importantes, los cient\u00edficos ni si quiera estaban buscando lo que encontraron, lo hicieron a trav\u00e9s del intento y error.<\/p>\n<p>En lo que se refiere a la operaci\u00f3n de mercados financieros, hacer esto en una cuenta real podemos hacer desaparecer nuestra cuenta. No podemos empezar a operar nuestra cuenta real intentando distintos indicadores, patrones o sistemas para ver que resultados obtenemos.<\/p>\n<p>Todo esto lo necesitamos hacer antes de operar nuestra cuenta real.<\/p>\n<h3>100%<\/h3>\n<p>Desde ni\u00f1os, nos ense\u00f1an a que tenemos que intentar obtener la mejor calificaci\u00f3n que podamos 100 o 90. Obteniendo una buena calificaci\u00f3n era la prueba de que realmente entendimos cierto tema. Y claro, algunos de nosotros obten\u00edamos regalos cuando alcanz\u00e1bamos dichas calificaciones.<\/p>\n<p>Cuando relacionamos esto con la operaci\u00f3n del mercado, esto nos puede dar una idea falsa de que tener un sistema que acierta el 70% de las veces es un sistema o estrategia promedio o no suficiente, cuando en realidad un sistemas con dichas caracter\u00edsticas es un excelente sistema.<\/p>\n<p>Este tipo de pensamientos, de tener un sistema con cerca del 100% de exactitud, nos puede llevar a la b\u00fasqueda eterna del sistema perfecto (el santo grial).<\/p>\n<h3>Hecho Verdadero<\/h3>\n<p> Este tipo de actitudes pueden hacer perfecto sentido en otras actividades de la vida, pero pueden tener efectos devastadores al relacionarlas con la operaci\u00f3n del mercado. Por esta raz\u00f3n debemos abrir nuestra mente a todas las posibilidades, incluso si no hace perfecto sentido en otras \u00e1reas de nuestras vidas.<\/p>\n","protected":false},"excerpt":{"rendered":"<p>Hasta ahora hemos aprendido que el operar el mercado debe ser tratado como un negocio. Hay p\u00e9rdidas como en cualquier otro negocio (como inventarios no vendidos) pero al mismo tiempo, es importante recalcar que operar los mercados financieros no es como cualquier otra actividad. Algunas actitudes que hubieran tenido gran \u00e9xito en otras \u00e1reas pueden [&hellip;]<\/p>\n","protected":false},"author":1,"featured_media":0,"parent":518,"menu_order":8,"comment_status":"open","ping_status":"closed","template":"","meta":{"footnotes":""},"class_list":["post-534","page","type-page","status-publish","hentry"],"_links":{"self":[{"href":"http:\/\/www.straightforex.com\/es\/wp-json\/wp\/v2\/pages\/534","targetHints":{"allow":["GET"]}}],"collection":[{"href":"http:\/\/www.straightforex.com\/es\/wp-json\/wp\/v2\/pages"}],"about":[{"href":"http:\/\/www.straightforex.com\/es\/wp-json\/wp\/v2\/types\/page"}],"author":[{"embeddable":true,"href":"http:\/\/www.straightforex.com\/es\/wp-json\/wp\/v2\/users\/1"}],"replies":[{"embeddable":true,"href":"http:\/\/www.straightforex.com\/es\/wp-json\/wp\/v2\/comments?post=534"}],"version-history":[{"count":2,"href":"http:\/\/www.straightforex.com\/es\/wp-json\/wp\/v2\/pages\/534\/revisions"}],"predecessor-version":[{"id":942,"href":"http:\/\/www.straightforex.com\/es\/wp-json\/wp\/v2\/pages\/534\/revisions\/942"}],"up":[{"embeddable":true,"href":"http:\/\/www.straightforex.com\/es\/wp-json\/wp\/v2\/pages\/518"}],"wp:attachment":[{"href":"http:\/\/www.straightforex.com\/es\/wp-json\/wp\/v2\/media?parent=534"}],"curies":[{"name":"wp","href":"https:\/\/api.w.org\/{rel}","templated":true}]}}