{"id":532,"date":"2016-07-25T23:52:19","date_gmt":"2016-07-25T23:52:19","guid":{"rendered":"http:\/\/www.straightforex.com\/es\/?page_id=532"},"modified":"2016-08-03T02:54:30","modified_gmt":"2016-08-03T02:54:30","slug":"no-tener-disciplina","status":"publish","type":"page","link":"http:\/\/www.straightforex.com\/es\/curso-basico-de-forex\/por-que-es-tan-dificil-tener-exito-en-los-mercados\/no-tener-disciplina\/","title":{"rendered":"No Tener Disciplina"},"content":{"rendered":"<p>La palabra disciplina es muy amplia cuando la relacionamos con la operaci\u00f3n del mercado, pero todo se reduce a una oraci\u00f3n: si tiene la disciplina para ser un buen operador, las probabilidades de \u00e9xito van a ser mayores, si no la tiene, tienes que trabajar duro para desarrollarla porque sin ella, es casi imposible tener \u00e9xito.<\/p>\n<p>Se requiere disciplina para desarrollar su estrategia. La mayor\u00eda de nosotros estamos ansiosos de participar en el mercado cuando todo empieza. Pero si no desarrollamos nuestras reglas de operaci\u00f3n a seguir en cada transacci\u00f3n, nuestra carrera como operadores puede terminar mas pronto de lo que deseamos. Se requiere tiempo, esfuerzo y trabajo duro para desarrollar una estrategia objetiva. <\/p>\n<p>Como ya lo mencionamos anteriormente, no hay mejores decisiones que las que tomamos siguiendo nuestro sistema. Toma por ejemplo los siguientes escenarios:<\/p>\n<p>1. Sigui\u00f3 su sistema y gan\u00f3 la operaci\u00f3n: Aqu\u00ed va a ganar confianza en usted mismo y en su sistema.<\/p>\n<p>2. Sigui\u00f3 su sistema y perdi\u00f3 la operaci\u00f3n: Las p\u00e9rdidas son inevitables, aunque perdi\u00f3 la operaci\u00f3n, sigui\u00f3 su sistema y esto hace que gane confianza en usted mismo. Recuerde que las perdidas son parte de nuestro negocio.<\/p>\n<p>3. No sigui\u00f3 su sistema y perdi\u00f3 la operaci\u00f3n: Hizo un error y como resultado tuvo una experiencia negativa. Ahora lo pensara dos veces antes de entrar al mercado sin que su sistema te de la se\u00f1al.<\/p>\n<p>4. No sigui\u00f3 la se\u00f1al de su sistema y hubiera sido una operaci\u00f3n ganadora: En este escenario la confianza en usted mismo se va a caer por los suelos.<\/p>\n<p>Como puede ver aqu\u00ed, los errores no deben ser valuados en t\u00e9rminos de \u201cdinero perdido o ganado\u201d sino en las decisiones que tomamos. Mas adelante vamos a desarrollar en este tema.<\/p>\n<h3>Hecho Verdadero<\/h3>\n<p> La disciplina es una necesidad di queremos tener \u00e9xito como operadores del mercado Forex. <\/p>\n","protected":false},"excerpt":{"rendered":"<p>La palabra disciplina es muy amplia cuando la relacionamos con la operaci\u00f3n del mercado, pero todo se reduce a una oraci\u00f3n: si tiene la disciplina para ser un buen operador, las probabilidades de \u00e9xito van a ser mayores, si no la tiene, tienes que trabajar duro para desarrollarla porque sin ella, es casi imposible tener [&hellip;]<\/p>\n","protected":false},"author":1,"featured_media":0,"parent":518,"menu_order":7,"comment_status":"open","ping_status":"closed","template":"","meta":{"footnotes":""},"class_list":["post-532","page","type-page","status-publish","hentry"],"_links":{"self":[{"href":"http:\/\/www.straightforex.com\/es\/wp-json\/wp\/v2\/pages\/532","targetHints":{"allow":["GET"]}}],"collection":[{"href":"http:\/\/www.straightforex.com\/es\/wp-json\/wp\/v2\/pages"}],"about":[{"href":"http:\/\/www.straightforex.com\/es\/wp-json\/wp\/v2\/types\/page"}],"author":[{"embeddable":true,"href":"http:\/\/www.straightforex.com\/es\/wp-json\/wp\/v2\/users\/1"}],"replies":[{"embeddable":true,"href":"http:\/\/www.straightforex.com\/es\/wp-json\/wp\/v2\/comments?post=532"}],"version-history":[{"count":2,"href":"http:\/\/www.straightforex.com\/es\/wp-json\/wp\/v2\/pages\/532\/revisions"}],"predecessor-version":[{"id":941,"href":"http:\/\/www.straightforex.com\/es\/wp-json\/wp\/v2\/pages\/532\/revisions\/941"}],"up":[{"embeddable":true,"href":"http:\/\/www.straightforex.com\/es\/wp-json\/wp\/v2\/pages\/518"}],"wp:attachment":[{"href":"http:\/\/www.straightforex.com\/es\/wp-json\/wp\/v2\/media?parent=532"}],"curies":[{"name":"wp","href":"https:\/\/api.w.org\/{rel}","templated":true}]}}